{"id":409394,"date":"2025-05-18T23:27:15","date_gmt":"2025-05-18T23:27:15","guid":{"rendered":"https:\/\/staging2.stylingagenten.com\/no\/produkt\/malibu-kids-clear-protection-spf50-250ml\/"},"modified":"2026-04-14T09:08:45","modified_gmt":"2026-04-14T09:08:45","slug":"malibu-kids-clear-protection-spf50-250ml","status":"publish","type":"product","link":"https:\/\/stylingagenten.com\/no\/produkt\/malibu-kids-clear-protection-spf50-250ml\/","title":{"rendered":"Malibu Kids Clear Protection SPF50 250ml"},"content":{"rendered":"<p>Malibu Kids SPF50 Clear Protection gir h\u00f8y beskyttelse mot UVA- og UVB-str\u00e5ler og er spesielt formulert for \u00e5 t\u00e5le alle barns strandaktiviteter. Det er en solkrem som er klinisk bevist \u00e5 v\u00e6re snill mot de fleste hudtyper. Videre er den beriket med vitaminer, inneholder Aloe Vera og er vannavst\u00f8tende. Solkremen er enkel \u00e5 p\u00e5f\u00f8re og er perfekt for stranden og ferier.<\/p>\n","protected":false},"excerpt":{"rendered":"<p>Malibu Kids SPF50 Clear Protection gir h\u00f8y beskyttelse mot UVA- og UVB-str\u00e5ler og er spesielt formulert for \u00e5 t\u00e5le alle barns strandaktiviteter. Det er en solkrem som er klinisk bevist \u00e5 v\u00e6re snill mot de fleste hudtyper. Videre er den beriket med vitaminer, inneholder Aloe Vera og er vannavst\u00f8tende. Solkremen er enkel \u00e5 p\u00e5f\u00f8re og [&hellip;]<\/p>\n","protected":false},"featured_media":409393,"comment_status":"open","ping_status":"closed","template":"","meta":{"_trash_the_other_posts":false},"product_brand":[],"product_cat":[1011,573],"product_tag":[],"berocket_brand":[1241],"class_list":{"0":"post-409394","1":"product","2":"type-product","3":"status-publish","4":"has-post-thumbnail","6":"product_cat-solbeskyttelse-barn","7":"product_cat-solkrem","8":"pa_brand-malibu","9":"berocket_brand-malibu","11":"first","12":"instock","13":"sale","14":"taxable","15":"shipping-taxable","16":"purchasable","17":"product-type-simple"},"_links":{"self":[{"href":"https:\/\/stylingagenten.com\/no\/wp-json\/wp\/v2\/product\/409394","targetHints":{"allow":["GET"]}}],"collection":[{"href":"https:\/\/stylingagenten.com\/no\/wp-json\/wp\/v2\/product"}],"about":[{"href":"https:\/\/stylingagenten.com\/no\/wp-json\/wp\/v2\/types\/product"}],"replies":[{"embeddable":true,"href":"https:\/\/stylingagenten.com\/no\/wp-json\/wp\/v2\/comments?post=409394"}],"version-history":[{"count":0,"href":"https:\/\/stylingagenten.com\/no\/wp-json\/wp\/v2\/product\/409394\/revisions"}],"wp:featuredmedia":[{"embeddable":true,"href":"https:\/\/stylingagenten.com\/no\/wp-json\/wp\/v2\/media\/409393"}],"wp:attachment":[{"href":"https:\/\/stylingagenten.com\/no\/wp-json\/wp\/v2\/media?parent=409394"}],"wp:term":[{"taxonomy":"product_brand","embeddable":true,"href":"https:\/\/stylingagenten.com\/no\/wp-json\/wp\/v2\/product_brand?post=409394"},{"taxonomy":"product_cat","embeddable":true,"href":"https:\/\/stylingagenten.com\/no\/wp-json\/wp\/v2\/product_cat?post=409394"},{"taxonomy":"product_tag","embeddable":true,"href":"https:\/\/stylingagenten.com\/no\/wp-json\/wp\/v2\/product_tag?post=409394"},{"taxonomy":"berocket_brand","embeddable":true,"href":"https:\/\/stylingagenten.com\/no\/wp-json\/wp\/v2\/berocket_brand?post=409394"}],"curies":[{"name":"wp","href":"https:\/\/api.w.org\/{rel}","templated":true}]}}