{"id":409392,"date":"2025-05-18T23:27:14","date_gmt":"2025-05-18T23:27:14","guid":{"rendered":"https:\/\/staging2.stylingagenten.com\/no\/produkt\/malibu-lip-care-balm-trio-spf30\/"},"modified":"2026-04-13T08:29:01","modified_gmt":"2026-04-13T08:29:01","slug":"malibu-lip-care-balm-trio-spf30","status":"publish","type":"product","link":"https:\/\/stylingagenten.com\/no\/produkt\/malibu-lip-care-balm-trio-spf30\/","title":{"rendered":"Malibu Lip Care Balm Trio SPF30"},"content":{"rendered":"<p>Malibu SPF30 Moisturizing Lip Protection kommer i en pakke med tre og er laget for \u00e5 beskytte leppene dine mot sol, vind og kulde. En utvalgspakke med 3 smaker: Vanilje, Jordb\u00e6r og Tropical. Balsamformelen er spesiallaget for \u00e5 t\u00e5le og motst\u00e5 sol, svette og vann. Perfekt for en solrik dag p\u00e5 stranden, lange turer eller en shoppingdag i byen.<\/p>\n","protected":false},"excerpt":{"rendered":"<p>Malibu SPF30 Moisturizing Lip Protection kommer i en pakke med tre og er laget for \u00e5 beskytte leppene dine mot sol, vind og kulde. En utvalgspakke med 3 smaker: Vanilje, Jordb\u00e6r og Tropical. Balsamformelen er spesiallaget for \u00e5 t\u00e5le og motst\u00e5 sol, svette og vann. Perfekt for en solrik dag p\u00e5 stranden, lange turer eller [&hellip;]<\/p>\n","protected":false},"featured_media":409390,"comment_status":"open","ping_status":"closed","template":"","meta":{"_trash_the_other_posts":false},"product_brand":[],"product_cat":[580],"product_tag":[],"berocket_brand":[1241],"class_list":{"0":"post-409392","1":"product","2":"type-product","3":"status-publish","4":"has-post-thumbnail","6":"product_cat-leppebalsam","7":"pa_brand-malibu","8":"berocket_brand-malibu","10":"first","11":"instock","12":"sale","13":"taxable","14":"shipping-taxable","15":"purchasable","16":"product-type-simple"},"_links":{"self":[{"href":"https:\/\/stylingagenten.com\/no\/wp-json\/wp\/v2\/product\/409392","targetHints":{"allow":["GET"]}}],"collection":[{"href":"https:\/\/stylingagenten.com\/no\/wp-json\/wp\/v2\/product"}],"about":[{"href":"https:\/\/stylingagenten.com\/no\/wp-json\/wp\/v2\/types\/product"}],"replies":[{"embeddable":true,"href":"https:\/\/stylingagenten.com\/no\/wp-json\/wp\/v2\/comments?post=409392"}],"version-history":[{"count":0,"href":"https:\/\/stylingagenten.com\/no\/wp-json\/wp\/v2\/product\/409392\/revisions"}],"wp:featuredmedia":[{"embeddable":true,"href":"https:\/\/stylingagenten.com\/no\/wp-json\/wp\/v2\/media\/409390"}],"wp:attachment":[{"href":"https:\/\/stylingagenten.com\/no\/wp-json\/wp\/v2\/media?parent=409392"}],"wp:term":[{"taxonomy":"product_brand","embeddable":true,"href":"https:\/\/stylingagenten.com\/no\/wp-json\/wp\/v2\/product_brand?post=409392"},{"taxonomy":"product_cat","embeddable":true,"href":"https:\/\/stylingagenten.com\/no\/wp-json\/wp\/v2\/product_cat?post=409392"},{"taxonomy":"product_tag","embeddable":true,"href":"https:\/\/stylingagenten.com\/no\/wp-json\/wp\/v2\/product_tag?post=409392"},{"taxonomy":"berocket_brand","embeddable":true,"href":"https:\/\/stylingagenten.com\/no\/wp-json\/wp\/v2\/berocket_brand?post=409392"}],"curies":[{"name":"wp","href":"https:\/\/api.w.org\/{rel}","templated":true}]}}