{"id":409383,"date":"2025-05-18T23:27:12","date_gmt":"2025-05-18T23:27:12","guid":{"rendered":"https:\/\/staging2.stylingagenten.com\/no\/produkt\/milk_shake-sun-more-sunscreen-face-cream-spf50-75ml\/"},"modified":"2025-12-18T21:54:44","modified_gmt":"2025-12-18T21:54:44","slug":"milk_shake-sun-more-sunscreen-face-cream-spf50-75ml","status":"publish","type":"product","link":"https:\/\/stylingagenten.com\/no\/produkt\/milk_shake-sun-more-sunscreen-face-cream-spf50-75ml\/","title":{"rendered":"Milk_Shake Sun &amp; More Sunscreen Face Cream Spf50 + 75ml"},"content":{"rendered":"<p>En solkrem for ansiktet som passer sensitiv og sart hud. Lett tekstur som absorberes raskt uten \u00e5 etterlate rester. N\u00e6ringsrik og sv\u00e6rt beskyttet med SPF 50+.<\/p>\n","protected":false},"excerpt":{"rendered":"<p>En solkrem for ansiktet som passer sensitiv og sart hud. Lett tekstur som absorberes raskt uten \u00e5 etterlate rester. N\u00e6ringsrik og sv\u00e6rt beskyttet med SPF 50+.<\/p>\n","protected":false},"featured_media":409382,"comment_status":"open","ping_status":"closed","template":"","meta":{"_trash_the_other_posts":false},"product_brand":[],"product_cat":[573],"product_tag":[],"berocket_brand":[1085],"class_list":{"0":"post-409383","1":"product","2":"type-product","3":"status-publish","4":"has-post-thumbnail","6":"product_cat-solkrem","7":"pa_brand-milk_shake","8":"berocket_brand-milk_shake","10":"first","11":"instock","12":"sale","13":"taxable","14":"shipping-taxable","15":"purchasable","16":"product-type-simple"},"_links":{"self":[{"href":"https:\/\/stylingagenten.com\/no\/wp-json\/wp\/v2\/product\/409383","targetHints":{"allow":["GET"]}}],"collection":[{"href":"https:\/\/stylingagenten.com\/no\/wp-json\/wp\/v2\/product"}],"about":[{"href":"https:\/\/stylingagenten.com\/no\/wp-json\/wp\/v2\/types\/product"}],"replies":[{"embeddable":true,"href":"https:\/\/stylingagenten.com\/no\/wp-json\/wp\/v2\/comments?post=409383"}],"version-history":[{"count":0,"href":"https:\/\/stylingagenten.com\/no\/wp-json\/wp\/v2\/product\/409383\/revisions"}],"wp:featuredmedia":[{"embeddable":true,"href":"https:\/\/stylingagenten.com\/no\/wp-json\/wp\/v2\/media\/409382"}],"wp:attachment":[{"href":"https:\/\/stylingagenten.com\/no\/wp-json\/wp\/v2\/media?parent=409383"}],"wp:term":[{"taxonomy":"product_brand","embeddable":true,"href":"https:\/\/stylingagenten.com\/no\/wp-json\/wp\/v2\/product_brand?post=409383"},{"taxonomy":"product_cat","embeddable":true,"href":"https:\/\/stylingagenten.com\/no\/wp-json\/wp\/v2\/product_cat?post=409383"},{"taxonomy":"product_tag","embeddable":true,"href":"https:\/\/stylingagenten.com\/no\/wp-json\/wp\/v2\/product_tag?post=409383"},{"taxonomy":"berocket_brand","embeddable":true,"href":"https:\/\/stylingagenten.com\/no\/wp-json\/wp\/v2\/berocket_brand?post=409383"}],"curies":[{"name":"wp","href":"https:\/\/api.w.org\/{rel}","templated":true}]}}