{"id":409380,"date":"2025-05-18T23:27:11","date_gmt":"2025-05-18T23:27:11","guid":{"rendered":"https:\/\/staging2.stylingagenten.com\/no\/produkt\/malibu-clear-hair-and-scalp-protector-spf-50-50ml\/"},"modified":"2026-04-13T17:28:34","modified_gmt":"2026-04-13T17:28:34","slug":"malibu-clear-hair-and-scalp-protector-spf-50-50ml","status":"publish","type":"product","link":"https:\/\/stylingagenten.com\/no\/produkt\/malibu-clear-hair-and-scalp-protector-spf-50-50ml\/","title":{"rendered":"Malibu Clear Hair and Scalp Protector SPF 50 50ml"},"content":{"rendered":"<p>Ikke glem \u00e5 beskytte hodebunnen din mot UV-str\u00e5ler! Malibu Scalp Protection med SPF 50 beskytter huden under h\u00e5ret, komplett med en fettfri, vitaminberiket formel som ikke p\u00e5virker stilen.<br \/>Slik bruker du:<br \/>P\u00e5f\u00f8r 30 minutter f\u00f8r soleksponering<br \/>S\u00f8rg for at all eksponert hud er jevn og sjener\u00f8st dekket<br \/>P\u00e5f\u00f8r p\u00e5 nytt etter bading<\/p>\n","protected":false},"excerpt":{"rendered":"<p>Ikke glem \u00e5 beskytte hodebunnen din mot UV-str\u00e5ler! Malibu Scalp Protection med SPF 50 beskytter huden under h\u00e5ret, komplett med en fettfri, vitaminberiket formel som ikke p\u00e5virker stilen.Slik bruker du:P\u00e5f\u00f8r 30 minutter f\u00f8r soleksponeringS\u00f8rg for at all eksponert hud er jevn og sjener\u00f8st dekketP\u00e5f\u00f8r p\u00e5 nytt etter bading<\/p>\n","protected":false},"featured_media":409378,"comment_status":"open","ping_status":"closed","template":"","meta":{"_trash_the_other_posts":false},"product_brand":[],"product_cat":[573],"product_tag":[3354],"berocket_brand":[1241],"class_list":{"0":"post-409380","1":"product","2":"type-product","3":"status-publish","4":"has-post-thumbnail","6":"product_cat-solkrem","7":"product_tag-malibu-clear-hair-and-scalp-protector-spf50","8":"pa_brand-malibu","9":"pa_variant-50ml","10":"berocket_brand-malibu","12":"first","13":"instock","14":"sale","15":"taxable","16":"shipping-taxable","17":"purchasable","18":"product-type-simple"},"_links":{"self":[{"href":"https:\/\/stylingagenten.com\/no\/wp-json\/wp\/v2\/product\/409380","targetHints":{"allow":["GET"]}}],"collection":[{"href":"https:\/\/stylingagenten.com\/no\/wp-json\/wp\/v2\/product"}],"about":[{"href":"https:\/\/stylingagenten.com\/no\/wp-json\/wp\/v2\/types\/product"}],"replies":[{"embeddable":true,"href":"https:\/\/stylingagenten.com\/no\/wp-json\/wp\/v2\/comments?post=409380"}],"version-history":[{"count":0,"href":"https:\/\/stylingagenten.com\/no\/wp-json\/wp\/v2\/product\/409380\/revisions"}],"wp:featuredmedia":[{"embeddable":true,"href":"https:\/\/stylingagenten.com\/no\/wp-json\/wp\/v2\/media\/409378"}],"wp:attachment":[{"href":"https:\/\/stylingagenten.com\/no\/wp-json\/wp\/v2\/media?parent=409380"}],"wp:term":[{"taxonomy":"product_brand","embeddable":true,"href":"https:\/\/stylingagenten.com\/no\/wp-json\/wp\/v2\/product_brand?post=409380"},{"taxonomy":"product_cat","embeddable":true,"href":"https:\/\/stylingagenten.com\/no\/wp-json\/wp\/v2\/product_cat?post=409380"},{"taxonomy":"product_tag","embeddable":true,"href":"https:\/\/stylingagenten.com\/no\/wp-json\/wp\/v2\/product_tag?post=409380"},{"taxonomy":"berocket_brand","embeddable":true,"href":"https:\/\/stylingagenten.com\/no\/wp-json\/wp\/v2\/berocket_brand?post=409380"}],"curies":[{"name":"wp","href":"https:\/\/api.w.org\/{rel}","templated":true}]}}