{"id":409375,"date":"2025-05-18T23:27:09","date_gmt":"2025-05-18T23:27:09","guid":{"rendered":"https:\/\/staging2.stylingagenten.com\/no\/produkt\/balmain-sun-protection-spray-200-ml\/"},"modified":"2025-12-18T21:30:17","modified_gmt":"2025-12-18T21:30:17","slug":"balmain-sun-protection-spray-200-ml","status":"publish","type":"product","link":"https:\/\/stylingagenten.com\/no\/produkt\/balmain-sun-protection-spray-200-ml\/","title":{"rendered":"Balmain Sun Protection Spray 200 ml"},"content":{"rendered":"<p>En formel beriket med beskyttende UVA- og UVB-filtre som hjelper h\u00e5r utsatt for sol, sj\u00f8 eller riper.<br \/>Forhindrer skadet keratin og h\u00e5rfargen fra \u00e5 falme.<br \/>For mykt, sterkt solkysset h\u00e5r med str\u00e5lende glans.<\/p>\n<p>Inneholder Balmains silkeprotein og arganolje sammen med antioksidanten vitamin E, som forhindrer at fargen falmer, og det proteinrike vitamin B5.<\/p>\n","protected":false},"excerpt":{"rendered":"<p>En formel beriket med beskyttende UVA- og UVB-filtre som hjelper h\u00e5r utsatt for sol, sj\u00f8 eller riper.Forhindrer skadet keratin og h\u00e5rfargen fra \u00e5 falme.For mykt, sterkt solkysset h\u00e5r med str\u00e5lende glans. Inneholder Balmains silkeprotein og arganolje sammen med antioksidanten vitamin E, som forhindrer at fargen falmer, og det proteinrike vitamin B5.<\/p>\n","protected":false},"featured_media":409374,"comment_status":"open","ping_status":"closed","template":"","meta":{"_trash_the_other_posts":false},"product_brand":[],"product_cat":[573],"product_tag":[],"berocket_brand":[1144],"class_list":{"0":"post-409375","1":"product","2":"type-product","3":"status-publish","4":"has-post-thumbnail","6":"product_cat-solkrem","7":"pa_brand-balmain","8":"berocket_brand-balmain","10":"first","11":"instock","12":"sale","13":"taxable","14":"shipping-taxable","15":"purchasable","16":"product-type-simple"},"_links":{"self":[{"href":"https:\/\/stylingagenten.com\/no\/wp-json\/wp\/v2\/product\/409375","targetHints":{"allow":["GET"]}}],"collection":[{"href":"https:\/\/stylingagenten.com\/no\/wp-json\/wp\/v2\/product"}],"about":[{"href":"https:\/\/stylingagenten.com\/no\/wp-json\/wp\/v2\/types\/product"}],"replies":[{"embeddable":true,"href":"https:\/\/stylingagenten.com\/no\/wp-json\/wp\/v2\/comments?post=409375"}],"version-history":[{"count":0,"href":"https:\/\/stylingagenten.com\/no\/wp-json\/wp\/v2\/product\/409375\/revisions"}],"wp:featuredmedia":[{"embeddable":true,"href":"https:\/\/stylingagenten.com\/no\/wp-json\/wp\/v2\/media\/409374"}],"wp:attachment":[{"href":"https:\/\/stylingagenten.com\/no\/wp-json\/wp\/v2\/media?parent=409375"}],"wp:term":[{"taxonomy":"product_brand","embeddable":true,"href":"https:\/\/stylingagenten.com\/no\/wp-json\/wp\/v2\/product_brand?post=409375"},{"taxonomy":"product_cat","embeddable":true,"href":"https:\/\/stylingagenten.com\/no\/wp-json\/wp\/v2\/product_cat?post=409375"},{"taxonomy":"product_tag","embeddable":true,"href":"https:\/\/stylingagenten.com\/no\/wp-json\/wp\/v2\/product_tag?post=409375"},{"taxonomy":"berocket_brand","embeddable":true,"href":"https:\/\/stylingagenten.com\/no\/wp-json\/wp\/v2\/berocket_brand?post=409375"}],"curies":[{"name":"wp","href":"https:\/\/api.w.org\/{rel}","templated":true}]}}