{"id":409373,"date":"2025-05-18T23:27:08","date_gmt":"2025-05-18T23:27:08","guid":{"rendered":"https:\/\/staging2.stylingagenten.com\/no\/produkt\/malibu-aloe-vera-aftersun-gel-spray-175ml\/"},"modified":"2026-04-15T08:29:34","modified_gmt":"2026-04-15T08:29:34","slug":"malibu-aloe-vera-aftersun-gel-spray-175ml","status":"publish","type":"product","link":"https:\/\/stylingagenten.com\/no\/produkt\/malibu-aloe-vera-aftersun-gel-spray-175ml\/","title":{"rendered":"Malibu Aloe Vera Aftersun Gel Spray 175ml"},"content":{"rendered":"<p>ALOE VERA EFTER SUN GEL SPRAY<br \/>Aloe Vera er kjent for sine helbredende og gjenopprettende egenskaper og er den aktive ingrediensen som gir den mest betydningsfulle lindring til soleksponert hud.<br \/>Klinisk bevist \u00e5 v\u00e6re snill mot huden<br \/> Avkj\u00f8lende og beroligende<br \/>Fukter<br \/>Rik med de beroligende fordelene av Aloe Vera<br \/>Kun testet p\u00e5 mennesker<br \/>Produsert i England<\/p>\n<p>VEILEDNING:<br \/>P\u00e5f\u00f8res rikelig etter soleksponering.<br \/>Pass p\u00e5 at huden er glatt og sjener\u00f8st dekket med gel.<br \/>Kun for utvortes bruk.<br \/>M\u00e5 ikke p\u00e5f\u00f8res p\u00e5 \u00f8delagt hud.<br \/>Unng\u00e5 kontakt med stoffer og \u00f8yne.<br \/>Ved kontakt med \u00f8yne, skyll med rent vann.<\/p>\n","protected":false},"excerpt":{"rendered":"<p>ALOE VERA EFTER SUN GEL SPRAYAloe Vera er kjent for sine helbredende og gjenopprettende egenskaper og er den aktive ingrediensen som gir den mest betydningsfulle lindring til soleksponert hud.Klinisk bevist \u00e5 v\u00e6re snill mot huden Avkj\u00f8lende og beroligendeFukterRik med de beroligende fordelene av Aloe VeraKun testet p\u00e5 menneskerProdusert i England VEILEDNING:P\u00e5f\u00f8res rikelig etter soleksponering.Pass p\u00e5 [&hellip;]<\/p>\n","protected":false},"featured_media":409372,"comment_status":"open","ping_status":"closed","template":"","meta":{"_trash_the_other_posts":false},"product_brand":[],"product_cat":[658],"product_tag":[],"berocket_brand":[1241],"class_list":{"0":"post-409373","1":"product","2":"type-product","3":"status-publish","4":"has-post-thumbnail","6":"product_cat-after-sun","7":"pa_brand-malibu","8":"berocket_brand-malibu","10":"first","11":"instock","12":"sale","13":"taxable","14":"shipping-taxable","15":"purchasable","16":"product-type-simple"},"_links":{"self":[{"href":"https:\/\/stylingagenten.com\/no\/wp-json\/wp\/v2\/product\/409373","targetHints":{"allow":["GET"]}}],"collection":[{"href":"https:\/\/stylingagenten.com\/no\/wp-json\/wp\/v2\/product"}],"about":[{"href":"https:\/\/stylingagenten.com\/no\/wp-json\/wp\/v2\/types\/product"}],"replies":[{"embeddable":true,"href":"https:\/\/stylingagenten.com\/no\/wp-json\/wp\/v2\/comments?post=409373"}],"version-history":[{"count":0,"href":"https:\/\/stylingagenten.com\/no\/wp-json\/wp\/v2\/product\/409373\/revisions"}],"wp:featuredmedia":[{"embeddable":true,"href":"https:\/\/stylingagenten.com\/no\/wp-json\/wp\/v2\/media\/409372"}],"wp:attachment":[{"href":"https:\/\/stylingagenten.com\/no\/wp-json\/wp\/v2\/media?parent=409373"}],"wp:term":[{"taxonomy":"product_brand","embeddable":true,"href":"https:\/\/stylingagenten.com\/no\/wp-json\/wp\/v2\/product_brand?post=409373"},{"taxonomy":"product_cat","embeddable":true,"href":"https:\/\/stylingagenten.com\/no\/wp-json\/wp\/v2\/product_cat?post=409373"},{"taxonomy":"product_tag","embeddable":true,"href":"https:\/\/stylingagenten.com\/no\/wp-json\/wp\/v2\/product_tag?post=409373"},{"taxonomy":"berocket_brand","embeddable":true,"href":"https:\/\/stylingagenten.com\/no\/wp-json\/wp\/v2\/berocket_brand?post=409373"}],"curies":[{"name":"wp","href":"https:\/\/api.w.org\/{rel}","templated":true}]}}