{"id":409350,"date":"2025-05-18T23:27:01","date_gmt":"2025-05-18T23:27:01","guid":{"rendered":"https:\/\/staging2.stylingagenten.com\/no\/produkt\/malibu-sun-kids-continuous-lotion-spray-spf50-175ml\/"},"modified":"2026-04-08T12:58:51","modified_gmt":"2026-04-08T12:58:51","slug":"malibu-sun-kids-continuous-lotion-spray-spf50-175ml","status":"publish","type":"product","link":"https:\/\/stylingagenten.com\/no\/produkt\/malibu-sun-kids-continuous-lotion-spray-spf50-175ml\/","title":{"rendered":"Malibu Sun Kids Continuous Lotion Spray SPF50 175ml"},"content":{"rendered":"<p>Perfekt beskyttelse mot UVA- og UVB-str\u00e5ler. Beskytt barnets hud mot solens kraftige str\u00e5ler med denne solkremen. Klinisk bevist \u00e5 v\u00e6re sk\u00e5nsom mot huden. Denne har en h\u00f8y solfaktor p\u00e5 50, s\u00e5 den er bra for selv den mest delikate huden. Solkremen trenger raskt inn i huden, er vannavst\u00f8tende og flekker ikke. Med sin h\u00f8ye faktor er du beskyttet mot solens sterke str\u00e5ler. Sprayflasken forenkler en jevn p\u00e5f\u00f8ring over utsatt hud.<\/p>\n","protected":false},"excerpt":{"rendered":"<p>Perfekt beskyttelse mot UVA- og UVB-str\u00e5ler. Beskytt barnets hud mot solens kraftige str\u00e5ler med denne solkremen. Klinisk bevist \u00e5 v\u00e6re sk\u00e5nsom mot huden. Denne har en h\u00f8y solfaktor p\u00e5 50, s\u00e5 den er bra for selv den mest delikate huden. Solkremen trenger raskt inn i huden, er vannavst\u00f8tende og flekker ikke. Med sin h\u00f8ye faktor [&hellip;]<\/p>\n","protected":false},"featured_media":409347,"comment_status":"open","ping_status":"closed","template":"","meta":{"_trash_the_other_posts":false},"product_brand":[],"product_cat":[1011,573],"product_tag":[],"berocket_brand":[1241],"class_list":{"0":"post-409350","1":"product","2":"type-product","3":"status-publish","4":"has-post-thumbnail","6":"product_cat-solbeskyttelse-barn","7":"product_cat-solkrem","8":"pa_brand-malibu","9":"berocket_brand-malibu","11":"first","12":"instock","13":"sale","14":"taxable","15":"shipping-taxable","16":"purchasable","17":"product-type-simple"},"_links":{"self":[{"href":"https:\/\/stylingagenten.com\/no\/wp-json\/wp\/v2\/product\/409350","targetHints":{"allow":["GET"]}}],"collection":[{"href":"https:\/\/stylingagenten.com\/no\/wp-json\/wp\/v2\/product"}],"about":[{"href":"https:\/\/stylingagenten.com\/no\/wp-json\/wp\/v2\/types\/product"}],"replies":[{"embeddable":true,"href":"https:\/\/stylingagenten.com\/no\/wp-json\/wp\/v2\/comments?post=409350"}],"version-history":[{"count":0,"href":"https:\/\/stylingagenten.com\/no\/wp-json\/wp\/v2\/product\/409350\/revisions"}],"wp:featuredmedia":[{"embeddable":true,"href":"https:\/\/stylingagenten.com\/no\/wp-json\/wp\/v2\/media\/409347"}],"wp:attachment":[{"href":"https:\/\/stylingagenten.com\/no\/wp-json\/wp\/v2\/media?parent=409350"}],"wp:term":[{"taxonomy":"product_brand","embeddable":true,"href":"https:\/\/stylingagenten.com\/no\/wp-json\/wp\/v2\/product_brand?post=409350"},{"taxonomy":"product_cat","embeddable":true,"href":"https:\/\/stylingagenten.com\/no\/wp-json\/wp\/v2\/product_cat?post=409350"},{"taxonomy":"product_tag","embeddable":true,"href":"https:\/\/stylingagenten.com\/no\/wp-json\/wp\/v2\/product_tag?post=409350"},{"taxonomy":"berocket_brand","embeddable":true,"href":"https:\/\/stylingagenten.com\/no\/wp-json\/wp\/v2\/berocket_brand?post=409350"}],"curies":[{"name":"wp","href":"https:\/\/api.w.org\/{rel}","templated":true}]}}