{"id":409348,"date":"2025-05-18T23:27:01","date_gmt":"2025-05-18T23:27:01","guid":{"rendered":"https:\/\/staging2.stylingagenten.com\/no\/produkt\/klairs-all-day-airy-sunscreen-spf50-50ml\/"},"modified":"2025-12-18T21:46:04","modified_gmt":"2025-12-18T21:46:04","slug":"klairs-all-day-airy-sunscreen-spf50-50ml","status":"publish","type":"product","link":"https:\/\/stylingagenten.com\/no\/produkt\/klairs-all-day-airy-sunscreen-spf50-50ml\/","title":{"rendered":"Klairs All-day Airy Sunscreen SPF50 50ml"},"content":{"rendered":"<p>Klairs All-day Airy Sunscreen SPF50 50ml<br \/>All-Day Airy Sunscreen er en fuktighetsgivende fuktighetskrem med SPF 50+ PA++++ som beskytter huden din mot UV-str\u00e5ler uten \u00e5 etterlate en hvit finish.<\/p>\n<p>Den lette teksturen og det forfriskende finish etterlater huden din myk, hydrert uten \u00e5 f\u00f8les klissete. Den er formulert med milde ingredienser som gj\u00f8r denne solkremen egnet for alle hudtyper uten \u00e5 irritere. Utviklet med intensiv og avansert teknologi for \u00e5 v\u00e6re trygg og behagelig for huden din.<\/p>\n<p>Anbefalt daglig som siste trinn i hudpleierutinen.<\/p>\n","protected":false},"excerpt":{"rendered":"<p>Klairs All-day Airy Sunscreen SPF50 50mlAll-Day Airy Sunscreen er en fuktighetsgivende fuktighetskrem med SPF 50+ PA++++ som beskytter huden din mot UV-str\u00e5ler uten \u00e5 etterlate en hvit finish. Den lette teksturen og det forfriskende finish etterlater huden din myk, hydrert uten \u00e5 f\u00f8les klissete. Den er formulert med milde ingredienser som gj\u00f8r denne solkremen egnet [&hellip;]<\/p>\n","protected":false},"featured_media":409324,"comment_status":"open","ping_status":"closed","template":"","meta":{"_trash_the_other_posts":false},"product_brand":[],"product_cat":[1001,573],"product_tag":[],"berocket_brand":[1397],"class_list":{"0":"post-409348","1":"product","2":"type-product","3":"status-publish","4":"has-post-thumbnail","6":"product_cat-k-beauty","7":"product_cat-solkrem","8":"pa_brand-klairs","9":"berocket_brand-klairs","11":"first","12":"instock","13":"sale","14":"taxable","15":"shipping-taxable","16":"purchasable","17":"product-type-simple"},"_links":{"self":[{"href":"https:\/\/stylingagenten.com\/no\/wp-json\/wp\/v2\/product\/409348","targetHints":{"allow":["GET"]}}],"collection":[{"href":"https:\/\/stylingagenten.com\/no\/wp-json\/wp\/v2\/product"}],"about":[{"href":"https:\/\/stylingagenten.com\/no\/wp-json\/wp\/v2\/types\/product"}],"replies":[{"embeddable":true,"href":"https:\/\/stylingagenten.com\/no\/wp-json\/wp\/v2\/comments?post=409348"}],"version-history":[{"count":0,"href":"https:\/\/stylingagenten.com\/no\/wp-json\/wp\/v2\/product\/409348\/revisions"}],"wp:featuredmedia":[{"embeddable":true,"href":"https:\/\/stylingagenten.com\/no\/wp-json\/wp\/v2\/media\/409324"}],"wp:attachment":[{"href":"https:\/\/stylingagenten.com\/no\/wp-json\/wp\/v2\/media?parent=409348"}],"wp:term":[{"taxonomy":"product_brand","embeddable":true,"href":"https:\/\/stylingagenten.com\/no\/wp-json\/wp\/v2\/product_brand?post=409348"},{"taxonomy":"product_cat","embeddable":true,"href":"https:\/\/stylingagenten.com\/no\/wp-json\/wp\/v2\/product_cat?post=409348"},{"taxonomy":"product_tag","embeddable":true,"href":"https:\/\/stylingagenten.com\/no\/wp-json\/wp\/v2\/product_tag?post=409348"},{"taxonomy":"berocket_brand","embeddable":true,"href":"https:\/\/stylingagenten.com\/no\/wp-json\/wp\/v2\/berocket_brand?post=409348"}],"curies":[{"name":"wp","href":"https:\/\/api.w.org\/{rel}","templated":true}]}}