{"id":409308,"date":"2025-05-18T23:26:52","date_gmt":"2025-05-18T23:26:52","guid":{"rendered":"https:\/\/staging2.stylingagenten.com\/no\/produkt\/malibu-face-sun-lotion-50-40ml-and-lip-balm\/"},"modified":"2026-04-09T13:28:43","modified_gmt":"2026-04-09T13:28:43","slug":"malibu-face-sun-lotion-50-40ml-and-lip-balm","status":"publish","type":"product","link":"https:\/\/stylingagenten.com\/no\/produkt\/malibu-face-sun-lotion-50-40ml-and-lip-balm\/","title":{"rendered":"Malibu Face Sun Lotion 50 40ml and Lip Balm"},"content":{"rendered":"<p>Malibu Face Sun Lotion 50 40ml og Lip Balm<br \/>&nbsp;UVA\/UVB solbeskyttelse<br \/>&nbsp;Fotostabil<br \/>&nbsp;Klinisk bevist \u00e5 v\u00e6re sk\u00e5nsom mot huden<br \/>&nbsp;Inneholder vitamin E og aloe vera<br \/> &nbsp;Vannbestandig<br \/>&nbsp;Kun testet p\u00e5 mennesker<br \/>&nbsp;Laget i England<\/p>\n","protected":false},"excerpt":{"rendered":"<p>Malibu Face Sun Lotion 50 40ml og Lip Balm&nbsp;UVA\/UVB solbeskyttelse&nbsp;Fotostabil&nbsp;Klinisk bevist \u00e5 v\u00e6re sk\u00e5nsom mot huden&nbsp;Inneholder vitamin E og aloe vera &nbsp;Vannbestandig&nbsp;Kun testet p\u00e5 mennesker&nbsp;Laget i England<\/p>\n","protected":false},"featured_media":409307,"comment_status":"open","ping_status":"closed","template":"","meta":{"_trash_the_other_posts":false},"product_brand":[],"product_cat":[573],"product_tag":[],"berocket_brand":[1241],"class_list":{"0":"post-409308","1":"product","2":"type-product","3":"status-publish","4":"has-post-thumbnail","6":"product_cat-solkrem","7":"pa_brand-malibu","8":"berocket_brand-malibu","10":"first","11":"instock","12":"sale","13":"taxable","14":"shipping-taxable","15":"purchasable","16":"product-type-simple"},"_links":{"self":[{"href":"https:\/\/stylingagenten.com\/no\/wp-json\/wp\/v2\/product\/409308","targetHints":{"allow":["GET"]}}],"collection":[{"href":"https:\/\/stylingagenten.com\/no\/wp-json\/wp\/v2\/product"}],"about":[{"href":"https:\/\/stylingagenten.com\/no\/wp-json\/wp\/v2\/types\/product"}],"replies":[{"embeddable":true,"href":"https:\/\/stylingagenten.com\/no\/wp-json\/wp\/v2\/comments?post=409308"}],"version-history":[{"count":0,"href":"https:\/\/stylingagenten.com\/no\/wp-json\/wp\/v2\/product\/409308\/revisions"}],"wp:featuredmedia":[{"embeddable":true,"href":"https:\/\/stylingagenten.com\/no\/wp-json\/wp\/v2\/media\/409307"}],"wp:attachment":[{"href":"https:\/\/stylingagenten.com\/no\/wp-json\/wp\/v2\/media?parent=409308"}],"wp:term":[{"taxonomy":"product_brand","embeddable":true,"href":"https:\/\/stylingagenten.com\/no\/wp-json\/wp\/v2\/product_brand?post=409308"},{"taxonomy":"product_cat","embeddable":true,"href":"https:\/\/stylingagenten.com\/no\/wp-json\/wp\/v2\/product_cat?post=409308"},{"taxonomy":"product_tag","embeddable":true,"href":"https:\/\/stylingagenten.com\/no\/wp-json\/wp\/v2\/product_tag?post=409308"},{"taxonomy":"berocket_brand","embeddable":true,"href":"https:\/\/stylingagenten.com\/no\/wp-json\/wp\/v2\/berocket_brand?post=409308"}],"curies":[{"name":"wp","href":"https:\/\/api.w.org\/{rel}","templated":true}]}}