{"id":409281,"date":"2025-05-18T23:26:46","date_gmt":"2025-05-18T23:26:46","guid":{"rendered":"https:\/\/staging2.stylingagenten.com\/no\/produkt\/malibu-bronzing-oil-with-coconut-spray-spf15-175ml\/"},"modified":"2026-02-16T09:56:39","modified_gmt":"2026-02-16T09:56:39","slug":"malibu-bronzing-oil-with-coconut-spray-spf15-175ml","status":"publish","type":"product","link":"https:\/\/stylingagenten.com\/no\/produkt\/malibu-bronzing-oil-with-coconut-spray-spf15-175ml\/","title":{"rendered":"Malibu Bronzing Oil with Coconut Spray SPF15 175ml"},"content":{"rendered":"<p>Malibu Bronzing Oil med Kokos Spray SPF 15 er den perfekte l\u00f8sningen for \u00e5 oppn\u00e5 en vakker og naturlig solbrun farge samtidig som den beskytter huden mot solens skadelige str\u00e5ler. Den unike formelen med kokosn\u00f8ttolje fukter og pleier huden, mens den lette sprayen gj\u00f8r det enkelt \u00e5 p\u00e5f\u00f8re oljen jevnt over hele kroppen.<\/p>\n<p>175 ml<\/p>\n","protected":false},"excerpt":{"rendered":"<p>Malibu Bronzing Oil med Kokos Spray SPF 15 er den perfekte l\u00f8sningen for \u00e5 oppn\u00e5 en vakker og naturlig solbrun farge samtidig som den beskytter huden mot solens skadelige str\u00e5ler. Den unike formelen med kokosn\u00f8ttolje fukter og pleier huden, mens den lette sprayen gj\u00f8r det enkelt \u00e5 p\u00e5f\u00f8re oljen jevnt over hele kroppen. 175 ml<\/p>\n","protected":false},"featured_media":409278,"comment_status":"open","ping_status":"closed","template":"","meta":{"_trash_the_other_posts":false},"product_brand":[],"product_cat":[573],"product_tag":[],"berocket_brand":[1241],"class_list":{"0":"post-409281","1":"product","2":"type-product","3":"status-publish","4":"has-post-thumbnail","6":"product_cat-solkrem","7":"pa_brand-malibu","8":"berocket_brand-malibu","10":"first","11":"instock","12":"sale","13":"taxable","14":"shipping-taxable","15":"purchasable","16":"product-type-simple"},"_links":{"self":[{"href":"https:\/\/stylingagenten.com\/no\/wp-json\/wp\/v2\/product\/409281","targetHints":{"allow":["GET"]}}],"collection":[{"href":"https:\/\/stylingagenten.com\/no\/wp-json\/wp\/v2\/product"}],"about":[{"href":"https:\/\/stylingagenten.com\/no\/wp-json\/wp\/v2\/types\/product"}],"replies":[{"embeddable":true,"href":"https:\/\/stylingagenten.com\/no\/wp-json\/wp\/v2\/comments?post=409281"}],"version-history":[{"count":0,"href":"https:\/\/stylingagenten.com\/no\/wp-json\/wp\/v2\/product\/409281\/revisions"}],"wp:featuredmedia":[{"embeddable":true,"href":"https:\/\/stylingagenten.com\/no\/wp-json\/wp\/v2\/media\/409278"}],"wp:attachment":[{"href":"https:\/\/stylingagenten.com\/no\/wp-json\/wp\/v2\/media?parent=409281"}],"wp:term":[{"taxonomy":"product_brand","embeddable":true,"href":"https:\/\/stylingagenten.com\/no\/wp-json\/wp\/v2\/product_brand?post=409281"},{"taxonomy":"product_cat","embeddable":true,"href":"https:\/\/stylingagenten.com\/no\/wp-json\/wp\/v2\/product_cat?post=409281"},{"taxonomy":"product_tag","embeddable":true,"href":"https:\/\/stylingagenten.com\/no\/wp-json\/wp\/v2\/product_tag?post=409281"},{"taxonomy":"berocket_brand","embeddable":true,"href":"https:\/\/stylingagenten.com\/no\/wp-json\/wp\/v2\/berocket_brand?post=409281"}],"curies":[{"name":"wp","href":"https:\/\/api.w.org\/{rel}","templated":true}]}}