{"id":409267,"date":"2025-05-18T23:26:43","date_gmt":"2025-05-18T23:26:43","guid":{"rendered":"https:\/\/staging2.stylingagenten.com\/no\/produkt\/malibu-dry-oil-spray-spf20-100ml\/"},"modified":"2026-04-01T14:38:49","modified_gmt":"2026-04-01T14:38:49","slug":"malibu-dry-oil-spray-spf20-100ml","status":"publish","type":"product","link":"https:\/\/stylingagenten.com\/no\/produkt\/malibu-dry-oil-spray-spf20-100ml\/","title":{"rendered":"Malibu Dry Oil Spray SPF20 100ml"},"content":{"rendered":"<p>Malibu Dry Oil Spray SPF 20 gir middels til h\u00f8y beskyttelse mot UVA- og UVB-str\u00e5ler. Det er en fotostabil olje som klinisk er bevist \u00e5 v\u00e6re sk\u00e5nsom mot de fleste hudtyper. Videre er den beriket med vitaminer, vannfast, har en t\u00f8rr tekstur og er lett \u00e5 p\u00e5f\u00f8re over hele kroppen.<\/p>\n<p>100 ml<\/p>\n","protected":false},"excerpt":{"rendered":"<p>Malibu Dry Oil Spray SPF 20 gir middels til h\u00f8y beskyttelse mot UVA- og UVB-str\u00e5ler. Det er en fotostabil olje som klinisk er bevist \u00e5 v\u00e6re sk\u00e5nsom mot de fleste hudtyper. Videre er den beriket med vitaminer, vannfast, har en t\u00f8rr tekstur og er lett \u00e5 p\u00e5f\u00f8re over hele kroppen. 100 ml<\/p>\n","protected":false},"featured_media":409266,"comment_status":"open","ping_status":"closed","template":"","meta":{"_trash_the_other_posts":false},"product_brand":[],"product_cat":[573],"product_tag":[3357],"berocket_brand":[1241],"class_list":{"0":"post-409267","1":"product","2":"type-product","3":"status-publish","4":"has-post-thumbnail","6":"product_cat-solkrem","7":"product_tag-malibu-dry-oil-spray-spf20","8":"pa_brand-malibu","9":"pa_variant-100ml","10":"berocket_brand-malibu","12":"first","13":"instock","14":"sale","15":"taxable","16":"shipping-taxable","17":"purchasable","18":"product-type-simple"},"_links":{"self":[{"href":"https:\/\/stylingagenten.com\/no\/wp-json\/wp\/v2\/product\/409267","targetHints":{"allow":["GET"]}}],"collection":[{"href":"https:\/\/stylingagenten.com\/no\/wp-json\/wp\/v2\/product"}],"about":[{"href":"https:\/\/stylingagenten.com\/no\/wp-json\/wp\/v2\/types\/product"}],"replies":[{"embeddable":true,"href":"https:\/\/stylingagenten.com\/no\/wp-json\/wp\/v2\/comments?post=409267"}],"version-history":[{"count":0,"href":"https:\/\/stylingagenten.com\/no\/wp-json\/wp\/v2\/product\/409267\/revisions"}],"wp:featuredmedia":[{"embeddable":true,"href":"https:\/\/stylingagenten.com\/no\/wp-json\/wp\/v2\/media\/409266"}],"wp:attachment":[{"href":"https:\/\/stylingagenten.com\/no\/wp-json\/wp\/v2\/media?parent=409267"}],"wp:term":[{"taxonomy":"product_brand","embeddable":true,"href":"https:\/\/stylingagenten.com\/no\/wp-json\/wp\/v2\/product_brand?post=409267"},{"taxonomy":"product_cat","embeddable":true,"href":"https:\/\/stylingagenten.com\/no\/wp-json\/wp\/v2\/product_cat?post=409267"},{"taxonomy":"product_tag","embeddable":true,"href":"https:\/\/stylingagenten.com\/no\/wp-json\/wp\/v2\/product_tag?post=409267"},{"taxonomy":"berocket_brand","embeddable":true,"href":"https:\/\/stylingagenten.com\/no\/wp-json\/wp\/v2\/berocket_brand?post=409267"}],"curies":[{"name":"wp","href":"https:\/\/api.w.org\/{rel}","templated":true}]}}