{"id":409252,"date":"2025-05-18T23:26:37","date_gmt":"2025-05-18T23:26:37","guid":{"rendered":"https:\/\/staging2.stylingagenten.com\/no\/produkt\/malibu-sun-dry-oil-gel-spf15-200ml\/"},"modified":"2025-12-18T21:53:14","modified_gmt":"2025-12-18T21:53:14","slug":"malibu-sun-dry-oil-gel-spf15-200ml","status":"publish","type":"product","link":"https:\/\/stylingagenten.com\/no\/produkt\/malibu-sun-dry-oil-gel-spf15-200ml\/","title":{"rendered":"Malibu Sun Dry Oil Gel SPF15 200ml"},"content":{"rendered":"<p>Malibu Dry Oil Gel SPF15 gir middels beskyttelse mot UVA- og UVB-str\u00e5ler. Det er en fotostabil olje som klinisk er bevist \u00e5 v\u00e6re sk\u00e5nsom mot de fleste hudtyper. I tillegg er den beriket med vitaminer, vannfast, har en t\u00f8rr gel\u00e9formel og er lett \u00e5 p\u00e5f\u00f8re over hele kroppen.<\/p>\n<p>200 ml<\/p>\n","protected":false},"excerpt":{"rendered":"<p>Malibu Dry Oil Gel SPF15 gir middels beskyttelse mot UVA- og UVB-str\u00e5ler. Det er en fotostabil olje som klinisk er bevist \u00e5 v\u00e6re sk\u00e5nsom mot de fleste hudtyper. I tillegg er den beriket med vitaminer, vannfast, har en t\u00f8rr gel\u00e9formel og er lett \u00e5 p\u00e5f\u00f8re over hele kroppen. 200 ml<\/p>\n","protected":false},"featured_media":409251,"comment_status":"open","ping_status":"closed","template":"","meta":{"_trash_the_other_posts":false},"product_brand":[],"product_cat":[573],"product_tag":[],"berocket_brand":[1241],"class_list":{"0":"post-409252","1":"product","2":"type-product","3":"status-publish","4":"has-post-thumbnail","6":"product_cat-solkrem","7":"pa_brand-malibu","8":"berocket_brand-malibu","10":"first","11":"instock","12":"sale","13":"taxable","14":"shipping-taxable","15":"purchasable","16":"product-type-simple"},"_links":{"self":[{"href":"https:\/\/stylingagenten.com\/no\/wp-json\/wp\/v2\/product\/409252","targetHints":{"allow":["GET"]}}],"collection":[{"href":"https:\/\/stylingagenten.com\/no\/wp-json\/wp\/v2\/product"}],"about":[{"href":"https:\/\/stylingagenten.com\/no\/wp-json\/wp\/v2\/types\/product"}],"replies":[{"embeddable":true,"href":"https:\/\/stylingagenten.com\/no\/wp-json\/wp\/v2\/comments?post=409252"}],"version-history":[{"count":0,"href":"https:\/\/stylingagenten.com\/no\/wp-json\/wp\/v2\/product\/409252\/revisions"}],"wp:featuredmedia":[{"embeddable":true,"href":"https:\/\/stylingagenten.com\/no\/wp-json\/wp\/v2\/media\/409251"}],"wp:attachment":[{"href":"https:\/\/stylingagenten.com\/no\/wp-json\/wp\/v2\/media?parent=409252"}],"wp:term":[{"taxonomy":"product_brand","embeddable":true,"href":"https:\/\/stylingagenten.com\/no\/wp-json\/wp\/v2\/product_brand?post=409252"},{"taxonomy":"product_cat","embeddable":true,"href":"https:\/\/stylingagenten.com\/no\/wp-json\/wp\/v2\/product_cat?post=409252"},{"taxonomy":"product_tag","embeddable":true,"href":"https:\/\/stylingagenten.com\/no\/wp-json\/wp\/v2\/product_tag?post=409252"},{"taxonomy":"berocket_brand","embeddable":true,"href":"https:\/\/stylingagenten.com\/no\/wp-json\/wp\/v2\/berocket_brand?post=409252"}],"curies":[{"name":"wp","href":"https:\/\/api.w.org\/{rel}","templated":true}]}}