{"id":409226,"date":"2025-05-18T23:26:31","date_gmt":"2025-05-18T23:26:31","guid":{"rendered":"https:\/\/staging2.stylingagenten.com\/no\/produkt\/tocobo-bio-watery-sun-cream-spf-50-pa-50ml\/"},"modified":"2025-12-18T21:58:29","modified_gmt":"2025-12-18T21:58:29","slug":"tocobo-bio-watery-sun-cream-spf-50-pa-50ml","status":"publish","type":"product","link":"https:\/\/stylingagenten.com\/no\/produkt\/tocobo-bio-watery-sun-cream-spf-50-pa-50ml\/","title":{"rendered":"TOCOBO Bio Watery Sun Cream SPF 50+ Pa++++ 50ml"},"content":{"rendered":"<p>TOCOBO Bio Watery Sun Cream SPF 50+ PA++++ er en fuktighetsgivende og allergivennlig solkrem som inneholder mungb\u00f8nneekstrakt og bio hyaluronsyre for \u00e5 gi dyp fuktighet og oppfriske huden.<\/p>\n<p>Bio Hyaluronsyre<br \/>\n<br \/>Vigna Radiata Fr\u00f8ekstrakt<\/p>\n<p>50ml<\/p>\n","protected":false},"excerpt":{"rendered":"<p>TOCOBO Bio Watery Sun Cream SPF 50+ PA++++ er en fuktighetsgivende og allergivennlig solkrem som inneholder mungb\u00f8nneekstrakt og bio hyaluronsyre for \u00e5 gi dyp fuktighet og oppfriske huden. Bio Hyaluronsyre Vigna Radiata Fr\u00f8ekstrakt 50ml<\/p>\n","protected":false},"featured_media":409217,"comment_status":"open","ping_status":"closed","template":"","meta":{"_trash_the_other_posts":false},"product_brand":[],"product_cat":[573],"product_tag":[],"berocket_brand":[1423],"class_list":{"0":"post-409226","1":"product","2":"type-product","3":"status-publish","4":"has-post-thumbnail","6":"product_cat-solkrem","7":"pa_brand-tocobo","8":"berocket_brand-tocobo","10":"first","11":"instock","12":"sale","13":"taxable","14":"shipping-taxable","15":"purchasable","16":"product-type-simple"},"_links":{"self":[{"href":"https:\/\/stylingagenten.com\/no\/wp-json\/wp\/v2\/product\/409226","targetHints":{"allow":["GET"]}}],"collection":[{"href":"https:\/\/stylingagenten.com\/no\/wp-json\/wp\/v2\/product"}],"about":[{"href":"https:\/\/stylingagenten.com\/no\/wp-json\/wp\/v2\/types\/product"}],"replies":[{"embeddable":true,"href":"https:\/\/stylingagenten.com\/no\/wp-json\/wp\/v2\/comments?post=409226"}],"version-history":[{"count":0,"href":"https:\/\/stylingagenten.com\/no\/wp-json\/wp\/v2\/product\/409226\/revisions"}],"wp:featuredmedia":[{"embeddable":true,"href":"https:\/\/stylingagenten.com\/no\/wp-json\/wp\/v2\/media\/409217"}],"wp:attachment":[{"href":"https:\/\/stylingagenten.com\/no\/wp-json\/wp\/v2\/media?parent=409226"}],"wp:term":[{"taxonomy":"product_brand","embeddable":true,"href":"https:\/\/stylingagenten.com\/no\/wp-json\/wp\/v2\/product_brand?post=409226"},{"taxonomy":"product_cat","embeddable":true,"href":"https:\/\/stylingagenten.com\/no\/wp-json\/wp\/v2\/product_cat?post=409226"},{"taxonomy":"product_tag","embeddable":true,"href":"https:\/\/stylingagenten.com\/no\/wp-json\/wp\/v2\/product_tag?post=409226"},{"taxonomy":"berocket_brand","embeddable":true,"href":"https:\/\/stylingagenten.com\/no\/wp-json\/wp\/v2\/berocket_brand?post=409226"}],"curies":[{"name":"wp","href":"https:\/\/api.w.org\/{rel}","templated":true}]}}