{"id":409219,"date":"2025-05-18T23:26:30","date_gmt":"2025-05-18T23:26:30","guid":{"rendered":"https:\/\/staging2.stylingagenten.com\/no\/produkt\/malibu-sun-lotion-spray-spf20-100ml\/"},"modified":"2026-04-10T16:28:31","modified_gmt":"2026-04-10T16:28:31","slug":"malibu-sun-lotion-spray-spf20-100ml","status":"publish","type":"product","link":"https:\/\/stylingagenten.com\/no\/produkt\/malibu-sun-lotion-spray-spf20-100ml\/","title":{"rendered":"Malibu Sun Lotion Spray SPF20 100ml"},"content":{"rendered":"<p>Malibu SPF20 Lotion Spray gir middels beskyttelse mot UVA- og UVB-str\u00e5ler. Det er en fotostabil lotion som klinisk er bevist \u00e5 v\u00e6re sk\u00e5nsom mot de fleste hudtyper. Videre er den beriket med vitaminer og vannfast. Solkremen er lett \u00e5 p\u00e5f\u00f8re og perfekt for stranden og ferien.<\/p>\n<p>100 ml<\/p>\n","protected":false},"excerpt":{"rendered":"<p>Malibu SPF20 Lotion Spray gir middels beskyttelse mot UVA- og UVB-str\u00e5ler. Det er en fotostabil lotion som klinisk er bevist \u00e5 v\u00e6re sk\u00e5nsom mot de fleste hudtyper. Videre er den beriket med vitaminer og vannfast. Solkremen er lett \u00e5 p\u00e5f\u00f8re og perfekt for stranden og ferien. 100 ml<\/p>\n","protected":false},"featured_media":409214,"comment_status":"open","ping_status":"closed","template":"","meta":{"_trash_the_other_posts":false},"product_brand":[],"product_cat":[573],"product_tag":[],"berocket_brand":[1241],"class_list":{"0":"post-409219","1":"product","2":"type-product","3":"status-publish","4":"has-post-thumbnail","6":"product_cat-solkrem","7":"pa_brand-malibu","8":"berocket_brand-malibu","10":"first","11":"instock","12":"sale","13":"taxable","14":"shipping-taxable","15":"purchasable","16":"product-type-simple"},"_links":{"self":[{"href":"https:\/\/stylingagenten.com\/no\/wp-json\/wp\/v2\/product\/409219","targetHints":{"allow":["GET"]}}],"collection":[{"href":"https:\/\/stylingagenten.com\/no\/wp-json\/wp\/v2\/product"}],"about":[{"href":"https:\/\/stylingagenten.com\/no\/wp-json\/wp\/v2\/types\/product"}],"replies":[{"embeddable":true,"href":"https:\/\/stylingagenten.com\/no\/wp-json\/wp\/v2\/comments?post=409219"}],"version-history":[{"count":0,"href":"https:\/\/stylingagenten.com\/no\/wp-json\/wp\/v2\/product\/409219\/revisions"}],"wp:featuredmedia":[{"embeddable":true,"href":"https:\/\/stylingagenten.com\/no\/wp-json\/wp\/v2\/media\/409214"}],"wp:attachment":[{"href":"https:\/\/stylingagenten.com\/no\/wp-json\/wp\/v2\/media?parent=409219"}],"wp:term":[{"taxonomy":"product_brand","embeddable":true,"href":"https:\/\/stylingagenten.com\/no\/wp-json\/wp\/v2\/product_brand?post=409219"},{"taxonomy":"product_cat","embeddable":true,"href":"https:\/\/stylingagenten.com\/no\/wp-json\/wp\/v2\/product_cat?post=409219"},{"taxonomy":"product_tag","embeddable":true,"href":"https:\/\/stylingagenten.com\/no\/wp-json\/wp\/v2\/product_tag?post=409219"},{"taxonomy":"berocket_brand","embeddable":true,"href":"https:\/\/stylingagenten.com\/no\/wp-json\/wp\/v2\/berocket_brand?post=409219"}],"curies":[{"name":"wp","href":"https:\/\/api.w.org\/{rel}","templated":true}]}}