{"id":409203,"date":"2025-05-18T23:26:27","date_gmt":"2025-05-18T23:26:27","guid":{"rendered":"https:\/\/staging2.stylingagenten.com\/no\/produkt\/elemis-pro-collagen-skin-protection-fluid-spf50-40ml\/"},"modified":"2026-04-08T15:31:21","modified_gmt":"2026-04-08T15:31:21","slug":"elemis-pro-collagen-skin-protection-fluid-spf50-40ml","status":"publish","type":"product","link":"https:\/\/stylingagenten.com\/no\/produkt\/elemis-pro-collagen-skin-protection-fluid-spf50-40ml\/","title":{"rendered":"Elemis Pro-Collagen Skin Protection Fluid SPF50 40ml"},"content":{"rendered":"<p>Elemis Pro-Collagen Skin Protection Fluid SPF 50 har bredspektret SPF 50 PA++++ med en blanding av UV-filtre, kapslet inn for \u00e5 fordeles jevnt over huden for ultimat beskyttelse. Den avanserte formelen beskytter mot skadelige UVA- og UVB-str\u00e5ler som kan for\u00e5rsake fine linjer, dype rynker, ujevn pigmentering og nedbrytning av kollagen. Beriket med v\u00e5r signaturalge Padina Pavonica, tilf\u00f8rer produktet fukt og etterlater huden hydrert med en sunn gl\u00f8d. Aktive ingredienser fra Lithops-stamceller \u00f8ker hudens fuktighetsniv\u00e5 og st\u00f8tter hudens naturlige produksjon av vitamin D for \u00e5 fremme en jevnere og mer str\u00e5lende hudtone.<\/p>\n<p>Pro-Collagen Skin Protection Fluid SPF 50 er testet p\u00e5 flere hudtoner og hudtyper. Den fj\u00e6rlette teksturen smelter s\u00f8ml\u00f8st inn i huden uten \u00e5 etterlate hvite merker og fungerer som en perfekt base under sminke.<\/p>\n<p>40 ml<\/p>\n","protected":false},"excerpt":{"rendered":"<p>Elemis Pro-Collagen Skin Protection Fluid SPF 50 har bredspektret SPF 50 PA++++ med en blanding av UV-filtre, kapslet inn for \u00e5 fordeles jevnt over huden for ultimat beskyttelse. Den avanserte formelen beskytter mot skadelige UVA- og UVB-str\u00e5ler som kan for\u00e5rsake fine linjer, dype rynker, ujevn pigmentering og nedbrytning av kollagen. Beriket med v\u00e5r signaturalge Padina [&hellip;]<\/p>\n","protected":false},"featured_media":409187,"comment_status":"open","ping_status":"closed","template":"","meta":{"_trash_the_other_posts":false},"product_brand":[],"product_cat":[573],"product_tag":[],"berocket_brand":[1301],"class_list":{"0":"post-409203","1":"product","2":"type-product","3":"status-publish","4":"has-post-thumbnail","6":"product_cat-solkrem","7":"pa_brand-elemis","8":"berocket_brand-elemis","10":"first","11":"instock","12":"sale","13":"taxable","14":"shipping-taxable","15":"purchasable","16":"product-type-simple"},"_links":{"self":[{"href":"https:\/\/stylingagenten.com\/no\/wp-json\/wp\/v2\/product\/409203","targetHints":{"allow":["GET"]}}],"collection":[{"href":"https:\/\/stylingagenten.com\/no\/wp-json\/wp\/v2\/product"}],"about":[{"href":"https:\/\/stylingagenten.com\/no\/wp-json\/wp\/v2\/types\/product"}],"replies":[{"embeddable":true,"href":"https:\/\/stylingagenten.com\/no\/wp-json\/wp\/v2\/comments?post=409203"}],"version-history":[{"count":0,"href":"https:\/\/stylingagenten.com\/no\/wp-json\/wp\/v2\/product\/409203\/revisions"}],"wp:featuredmedia":[{"embeddable":true,"href":"https:\/\/stylingagenten.com\/no\/wp-json\/wp\/v2\/media\/409187"}],"wp:attachment":[{"href":"https:\/\/stylingagenten.com\/no\/wp-json\/wp\/v2\/media?parent=409203"}],"wp:term":[{"taxonomy":"product_brand","embeddable":true,"href":"https:\/\/stylingagenten.com\/no\/wp-json\/wp\/v2\/product_brand?post=409203"},{"taxonomy":"product_cat","embeddable":true,"href":"https:\/\/stylingagenten.com\/no\/wp-json\/wp\/v2\/product_cat?post=409203"},{"taxonomy":"product_tag","embeddable":true,"href":"https:\/\/stylingagenten.com\/no\/wp-json\/wp\/v2\/product_tag?post=409203"},{"taxonomy":"berocket_brand","embeddable":true,"href":"https:\/\/stylingagenten.com\/no\/wp-json\/wp\/v2\/berocket_brand?post=409203"}],"curies":[{"name":"wp","href":"https:\/\/api.w.org\/{rel}","templated":true}]}}