{"id":409202,"date":"2025-05-18T23:26:27","date_gmt":"2025-05-18T23:26:27","guid":{"rendered":"https:\/\/staging2.stylingagenten.com\/no\/produkt\/nuxe-tanning-sun-oil-spf50-150ml\/"},"modified":"2025-12-18T21:55:03","modified_gmt":"2025-12-18T21:55:03","slug":"nuxe-tanning-sun-oil-spf50-150ml","status":"publish","type":"product","link":"https:\/\/stylingagenten.com\/no\/produkt\/nuxe-tanning-sun-oil-spf50-150ml\/","title":{"rendered":"Nuxe Tanning Sun Oil SPF50 150ml"},"content":{"rendered":"<p>Nuxe Tanning Sun Oil SPF50 er en sololje med h\u00f8y solbeskyttelsesfaktor. Bruk oljen hvis du vil fremheve brunfargen \u2013 den kan brukes b\u00e5de i ansiktet og p\u00e5 kroppen. Den absorberes raskt av huden og etterlater den silkemyk. Den har en mild sommerduft av appelsin, tiareblomst og vanilje. Den er ogs\u00e5 fri for b\u00e5de alkohol og parabener. Nuxe Tanning Oil kommer i en smart sprayflaske som gj\u00f8r p\u00e5f\u00f8ringen superenkel. Passer for alle hudtyper. H\u00f8y beskyttelse.<\/p>\n<p>En sololje med h\u00f8y solfaktor som gir en jevn brunfarge i ansiktet og p\u00e5 kroppen.<br \/>Absorberes raskt i huden og etterlater den silkemyk.<br \/>Fri for alkohol og parabener.<\/p>\n<p>150ml<\/p>\n","protected":false},"excerpt":{"rendered":"<p>Nuxe Tanning Sun Oil SPF50 er en sololje med h\u00f8y solbeskyttelsesfaktor. Bruk oljen hvis du vil fremheve brunfargen \u2013 den kan brukes b\u00e5de i ansiktet og p\u00e5 kroppen. Den absorberes raskt av huden og etterlater den silkemyk. Den har en mild sommerduft av appelsin, tiareblomst og vanilje. Den er ogs\u00e5 fri for b\u00e5de alkohol og [&hellip;]<\/p>\n","protected":false},"featured_media":409186,"comment_status":"open","ping_status":"closed","template":"","meta":{"_trash_the_other_posts":false},"product_brand":[],"product_cat":[573],"product_tag":[],"berocket_brand":[1024],"class_list":{"0":"post-409202","1":"product","2":"type-product","3":"status-publish","4":"has-post-thumbnail","6":"product_cat-solkrem","7":"pa_brand-nuxe","8":"berocket_brand-nuxe","10":"first","11":"instock","12":"sale","13":"taxable","14":"shipping-taxable","15":"purchasable","16":"product-type-simple"},"_links":{"self":[{"href":"https:\/\/stylingagenten.com\/no\/wp-json\/wp\/v2\/product\/409202","targetHints":{"allow":["GET"]}}],"collection":[{"href":"https:\/\/stylingagenten.com\/no\/wp-json\/wp\/v2\/product"}],"about":[{"href":"https:\/\/stylingagenten.com\/no\/wp-json\/wp\/v2\/types\/product"}],"replies":[{"embeddable":true,"href":"https:\/\/stylingagenten.com\/no\/wp-json\/wp\/v2\/comments?post=409202"}],"version-history":[{"count":0,"href":"https:\/\/stylingagenten.com\/no\/wp-json\/wp\/v2\/product\/409202\/revisions"}],"wp:featuredmedia":[{"embeddable":true,"href":"https:\/\/stylingagenten.com\/no\/wp-json\/wp\/v2\/media\/409186"}],"wp:attachment":[{"href":"https:\/\/stylingagenten.com\/no\/wp-json\/wp\/v2\/media?parent=409202"}],"wp:term":[{"taxonomy":"product_brand","embeddable":true,"href":"https:\/\/stylingagenten.com\/no\/wp-json\/wp\/v2\/product_brand?post=409202"},{"taxonomy":"product_cat","embeddable":true,"href":"https:\/\/stylingagenten.com\/no\/wp-json\/wp\/v2\/product_cat?post=409202"},{"taxonomy":"product_tag","embeddable":true,"href":"https:\/\/stylingagenten.com\/no\/wp-json\/wp\/v2\/product_tag?post=409202"},{"taxonomy":"berocket_brand","embeddable":true,"href":"https:\/\/stylingagenten.com\/no\/wp-json\/wp\/v2\/berocket_brand?post=409202"}],"curies":[{"name":"wp","href":"https:\/\/api.w.org\/{rel}","templated":true}]}}