{"id":409195,"date":"2025-05-18T23:26:26","date_gmt":"2025-05-18T23:26:26","guid":{"rendered":"https:\/\/staging2.stylingagenten.com\/no\/produkt\/malibu-bronzing-butter-with-beta-carotene-spf15-300ml\/"},"modified":"2026-04-14T21:08:43","modified_gmt":"2026-04-14T21:08:43","slug":"malibu-bronzing-butter-with-beta-carotene-spf15-300ml","status":"publish","type":"product","link":"https:\/\/stylingagenten.com\/no\/produkt\/malibu-bronzing-butter-with-beta-carotene-spf15-300ml\/","title":{"rendered":"Malibu Bronzing Butter with Beta Carotene SPF15 300ml"},"content":{"rendered":"<p>Malibu Bronzing Butter med Beta Karoten SPF15 er spesielt formulert med Beta Karoten for \u00e5 st\u00f8tte hudens naturlige solbruning ved \u00e5 fremme hudens m\u00f8rke pigmenter til overflaten.<\/p>\n<p>Denne n\u00e6rende formelen vil etterlate huden din str\u00e5lende med Malibus ber\u00f8mte tropiske kokossmak. Denne kroppssm\u00f8ren fukter huden med vitamin E, og holder den hydrert og myk, samtidig som den er vann- og svetteresistent. SPF 15.<\/p>\n<p>300ml<\/p>\n","protected":false},"excerpt":{"rendered":"<p>Malibu Bronzing Butter med Beta Karoten SPF15 er spesielt formulert med Beta Karoten for \u00e5 st\u00f8tte hudens naturlige solbruning ved \u00e5 fremme hudens m\u00f8rke pigmenter til overflaten. Denne n\u00e6rende formelen vil etterlate huden din str\u00e5lende med Malibus ber\u00f8mte tropiske kokossmak. Denne kroppssm\u00f8ren fukter huden med vitamin E, og holder den hydrert og myk, samtidig som [&hellip;]<\/p>\n","protected":false},"featured_media":409193,"comment_status":"open","ping_status":"closed","template":"","meta":{"_trash_the_other_posts":false},"product_brand":[],"product_cat":[573],"product_tag":[],"berocket_brand":[1241],"class_list":{"0":"post-409195","1":"product","2":"type-product","3":"status-publish","4":"has-post-thumbnail","6":"product_cat-solkrem","7":"pa_brand-malibu","8":"berocket_brand-malibu","10":"first","11":"instock","12":"sale","13":"taxable","14":"shipping-taxable","15":"purchasable","16":"product-type-simple"},"_links":{"self":[{"href":"https:\/\/stylingagenten.com\/no\/wp-json\/wp\/v2\/product\/409195","targetHints":{"allow":["GET"]}}],"collection":[{"href":"https:\/\/stylingagenten.com\/no\/wp-json\/wp\/v2\/product"}],"about":[{"href":"https:\/\/stylingagenten.com\/no\/wp-json\/wp\/v2\/types\/product"}],"replies":[{"embeddable":true,"href":"https:\/\/stylingagenten.com\/no\/wp-json\/wp\/v2\/comments?post=409195"}],"version-history":[{"count":0,"href":"https:\/\/stylingagenten.com\/no\/wp-json\/wp\/v2\/product\/409195\/revisions"}],"wp:featuredmedia":[{"embeddable":true,"href":"https:\/\/stylingagenten.com\/no\/wp-json\/wp\/v2\/media\/409193"}],"wp:attachment":[{"href":"https:\/\/stylingagenten.com\/no\/wp-json\/wp\/v2\/media?parent=409195"}],"wp:term":[{"taxonomy":"product_brand","embeddable":true,"href":"https:\/\/stylingagenten.com\/no\/wp-json\/wp\/v2\/product_brand?post=409195"},{"taxonomy":"product_cat","embeddable":true,"href":"https:\/\/stylingagenten.com\/no\/wp-json\/wp\/v2\/product_cat?post=409195"},{"taxonomy":"product_tag","embeddable":true,"href":"https:\/\/stylingagenten.com\/no\/wp-json\/wp\/v2\/product_tag?post=409195"},{"taxonomy":"berocket_brand","embeddable":true,"href":"https:\/\/stylingagenten.com\/no\/wp-json\/wp\/v2\/berocket_brand?post=409195"}],"curies":[{"name":"wp","href":"https:\/\/api.w.org\/{rel}","templated":true}]}}