{"id":409086,"date":"2025-05-18T23:25:54","date_gmt":"2025-05-18T23:25:54","guid":{"rendered":"https:\/\/staging2.stylingagenten.com\/no\/produkt\/kokie-cover-and-conceal-beauty-sponge-2-piece-set\/"},"modified":"2026-01-08T08:48:04","modified_gmt":"2026-01-08T08:48:04","slug":"kokie-cover-and-conceal-beauty-sponge-2-piece-set","status":"publish","type":"product","link":"https:\/\/stylingagenten.com\/no\/produkt\/kokie-cover-and-conceal-beauty-sponge-2-piece-set\/","title":{"rendered":"Kokie Cover And Conceal Beauty Sponge 2 Piece Set"},"content":{"rendered":"<p>Kokie cosmetics&#8217; mykeste sminkesvamp kommer n\u00e5 i en 2-pakning!<br \/>\u00c5 p\u00e5f\u00f8re sminke har aldri v\u00e6rt enklere &#8211; takket v\u00e6re Kokie Cosmetics Cover + Conceal Makeup Sponge. Bruk den avrundede siden til \u00e5 p\u00e5f\u00f8re flytende produkter som foundation og den spisse siden for \u00e5 skjule med concealer og n\u00e5 vanskelig tilgjengelige omr\u00e5der.<\/p>\n<p>Lateksfri<br \/>Airbrush-finish<br \/>Ultramyk<\/p>\n<p>Bruk: Fukt svampen med vann at den utvider seg; klem ut v\u00e6sken (svampen skal f\u00f8les fuktig, men alt vannet skal presses ut).<\/p>\n","protected":false},"excerpt":{"rendered":"<p>Kokie cosmetics&#8217; mykeste sminkesvamp kommer n\u00e5 i en 2-pakning!\u00c5 p\u00e5f\u00f8re sminke har aldri v\u00e6rt enklere &#8211; takket v\u00e6re Kokie Cosmetics Cover + Conceal Makeup Sponge. Bruk den avrundede siden til \u00e5 p\u00e5f\u00f8re flytende produkter som foundation og den spisse siden for \u00e5 skjule med concealer og n\u00e5 vanskelig tilgjengelige omr\u00e5der. LateksfriAirbrush-finishUltramyk Bruk: Fukt svampen med [&hellip;]<\/p>\n","protected":false},"featured_media":409081,"comment_status":"open","ping_status":"closed","template":"","meta":{"_trash_the_other_posts":false},"product_brand":[],"product_cat":[677],"product_tag":[],"berocket_brand":[1198],"class_list":{"0":"post-409086","1":"product","2":"type-product","3":"status-publish","4":"has-post-thumbnail","6":"product_cat-sminkesvamp","7":"pa_brand-kokie-cosmetics","8":"berocket_brand-kokie-cosmetics","10":"first","11":"instock","12":"taxable","13":"shipping-taxable","14":"purchasable","15":"product-type-simple"},"_links":{"self":[{"href":"https:\/\/stylingagenten.com\/no\/wp-json\/wp\/v2\/product\/409086","targetHints":{"allow":["GET"]}}],"collection":[{"href":"https:\/\/stylingagenten.com\/no\/wp-json\/wp\/v2\/product"}],"about":[{"href":"https:\/\/stylingagenten.com\/no\/wp-json\/wp\/v2\/types\/product"}],"replies":[{"embeddable":true,"href":"https:\/\/stylingagenten.com\/no\/wp-json\/wp\/v2\/comments?post=409086"}],"version-history":[{"count":0,"href":"https:\/\/stylingagenten.com\/no\/wp-json\/wp\/v2\/product\/409086\/revisions"}],"wp:featuredmedia":[{"embeddable":true,"href":"https:\/\/stylingagenten.com\/no\/wp-json\/wp\/v2\/media\/409081"}],"wp:attachment":[{"href":"https:\/\/stylingagenten.com\/no\/wp-json\/wp\/v2\/media?parent=409086"}],"wp:term":[{"taxonomy":"product_brand","embeddable":true,"href":"https:\/\/stylingagenten.com\/no\/wp-json\/wp\/v2\/product_brand?post=409086"},{"taxonomy":"product_cat","embeddable":true,"href":"https:\/\/stylingagenten.com\/no\/wp-json\/wp\/v2\/product_cat?post=409086"},{"taxonomy":"product_tag","embeddable":true,"href":"https:\/\/stylingagenten.com\/no\/wp-json\/wp\/v2\/product_tag?post=409086"},{"taxonomy":"berocket_brand","embeddable":true,"href":"https:\/\/stylingagenten.com\/no\/wp-json\/wp\/v2\/berocket_brand?post=409086"}],"curies":[{"name":"wp","href":"https:\/\/api.w.org\/{rel}","templated":true}]}}