{"id":409080,"date":"2025-05-18T23:25:52","date_gmt":"2025-05-18T23:25:52","guid":{"rendered":"https:\/\/staging2.stylingagenten.com\/no\/produkt\/cs-beauty-toe-nail-clipper\/"},"modified":"2026-03-12T10:59:31","modified_gmt":"2026-03-12T10:59:31","slug":"cs-beauty-toe-nail-clipper","status":"publish","type":"product","link":"https:\/\/stylingagenten.com\/no\/produkt\/cs-beauty-toe-nail-clipper\/","title":{"rendered":"Cs Beauty Toe Nail Clipper"},"content":{"rendered":"<p>Disse negleklipperne er veldig stabile og enkle \u00e5 bruke. De buede klippebladene p\u00e5 klipperen sikrer n\u00f8yaktig trimming av t\u00e5neglen. Klipperknivene lukkes jevnt under lett trykk, noe som gir et jevnt og rent kutt.<\/p>\n","protected":false},"excerpt":{"rendered":"<p>Disse negleklipperne er veldig stabile og enkle \u00e5 bruke. De buede klippebladene p\u00e5 klipperen sikrer n\u00f8yaktig trimming av t\u00e5neglen. Klipperknivene lukkes jevnt under lett trykk, noe som gir et jevnt og rent kutt.<\/p>\n","protected":false},"featured_media":409079,"comment_status":"open","ping_status":"closed","template":"","meta":{"_trash_the_other_posts":false},"product_brand":[],"product_cat":[557],"product_tag":[],"berocket_brand":[1411],"class_list":{"0":"post-409080","1":"product","2":"type-product","3":"status-publish","4":"has-post-thumbnail","6":"product_cat-verktoy","7":"pa_brand-cs-beauty","8":"berocket_brand-cs-beauty","10":"first","11":"instock","12":"sale","13":"taxable","14":"shipping-taxable","15":"purchasable","16":"product-type-simple"},"_links":{"self":[{"href":"https:\/\/stylingagenten.com\/no\/wp-json\/wp\/v2\/product\/409080","targetHints":{"allow":["GET"]}}],"collection":[{"href":"https:\/\/stylingagenten.com\/no\/wp-json\/wp\/v2\/product"}],"about":[{"href":"https:\/\/stylingagenten.com\/no\/wp-json\/wp\/v2\/types\/product"}],"replies":[{"embeddable":true,"href":"https:\/\/stylingagenten.com\/no\/wp-json\/wp\/v2\/comments?post=409080"}],"version-history":[{"count":0,"href":"https:\/\/stylingagenten.com\/no\/wp-json\/wp\/v2\/product\/409080\/revisions"}],"wp:featuredmedia":[{"embeddable":true,"href":"https:\/\/stylingagenten.com\/no\/wp-json\/wp\/v2\/media\/409079"}],"wp:attachment":[{"href":"https:\/\/stylingagenten.com\/no\/wp-json\/wp\/v2\/media?parent=409080"}],"wp:term":[{"taxonomy":"product_brand","embeddable":true,"href":"https:\/\/stylingagenten.com\/no\/wp-json\/wp\/v2\/product_brand?post=409080"},{"taxonomy":"product_cat","embeddable":true,"href":"https:\/\/stylingagenten.com\/no\/wp-json\/wp\/v2\/product_cat?post=409080"},{"taxonomy":"product_tag","embeddable":true,"href":"https:\/\/stylingagenten.com\/no\/wp-json\/wp\/v2\/product_tag?post=409080"},{"taxonomy":"berocket_brand","embeddable":true,"href":"https:\/\/stylingagenten.com\/no\/wp-json\/wp\/v2\/berocket_brand?post=409080"}],"curies":[{"name":"wp","href":"https:\/\/api.w.org\/{rel}","templated":true}]}}