{"id":409061,"date":"2025-05-18T23:25:47","date_gmt":"2025-05-18T23:25:47","guid":{"rendered":"https:\/\/staging2.stylingagenten.com\/no\/produkt\/replay-denim-pochette\/"},"modified":"2026-01-13T19:36:45","modified_gmt":"2026-01-13T19:36:45","slug":"replay-denim-pochette","status":"publish","type":"product","link":"https:\/\/stylingagenten.com\/no\/produkt\/replay-denim-pochette\/","title":{"rendered":"Replay Denim Pochette"},"content":{"rendered":"<p>Replay Denim Pochette \u2013 Din perfekte reisevenn!<br \/>\n<br \/>Gi dine skj\u00f8nnhetsfavoritter et stilig sted \u00e5 bo under reisen. Replay Pochette Denim er b\u00e5de trendy og praktisk, designet for \u00e5 romme alt du trenger for \u00e5 holde deg frisk p\u00e5 farten. Den tilbyr akkurat nok plass til dine essensielle produkter uten \u00e5 ta opp for mye plass.<\/p>\n<p>Enten du er p\u00e5 vei til en helgetur eller bare trenger en praktisk l\u00f8sning for \u00e5 oppbevare skj\u00f8nnhetsartiklene dine, gir denne toalettmappen deg b\u00e5de funksjon og stil i ett. Det slitesterke denimstoffet gir en moderne og stilig look, mens den smarte designen holder produktene dine organisert og lett tilgjengelige.<\/p>\n<p>M\u00e5l: 19 x 9,5 x 9,5 cm<br \/><\/p>\n","protected":false},"excerpt":{"rendered":"<p>Replay Denim Pochette \u2013 Din perfekte reisevenn! Gi dine skj\u00f8nnhetsfavoritter et stilig sted \u00e5 bo under reisen. Replay Pochette Denim er b\u00e5de trendy og praktisk, designet for \u00e5 romme alt du trenger for \u00e5 holde deg frisk p\u00e5 farten. Den tilbyr akkurat nok plass til dine essensielle produkter uten \u00e5 ta opp for mye plass. [&hellip;]<\/p>\n","protected":false},"featured_media":409058,"comment_status":"open","ping_status":"closed","template":"","meta":{"_trash_the_other_posts":false},"product_brand":[],"product_cat":[557],"product_tag":[],"berocket_brand":[1120],"class_list":{"0":"post-409061","1":"product","2":"type-product","3":"status-publish","4":"has-post-thumbnail","6":"product_cat-verktoy","7":"pa_brand-replay","8":"berocket_brand-replay","10":"first","11":"instock","12":"sale","13":"taxable","14":"shipping-taxable","15":"purchasable","16":"product-type-simple"},"_links":{"self":[{"href":"https:\/\/stylingagenten.com\/no\/wp-json\/wp\/v2\/product\/409061","targetHints":{"allow":["GET"]}}],"collection":[{"href":"https:\/\/stylingagenten.com\/no\/wp-json\/wp\/v2\/product"}],"about":[{"href":"https:\/\/stylingagenten.com\/no\/wp-json\/wp\/v2\/types\/product"}],"replies":[{"embeddable":true,"href":"https:\/\/stylingagenten.com\/no\/wp-json\/wp\/v2\/comments?post=409061"}],"version-history":[{"count":0,"href":"https:\/\/stylingagenten.com\/no\/wp-json\/wp\/v2\/product\/409061\/revisions"}],"wp:featuredmedia":[{"embeddable":true,"href":"https:\/\/stylingagenten.com\/no\/wp-json\/wp\/v2\/media\/409058"}],"wp:attachment":[{"href":"https:\/\/stylingagenten.com\/no\/wp-json\/wp\/v2\/media?parent=409061"}],"wp:term":[{"taxonomy":"product_brand","embeddable":true,"href":"https:\/\/stylingagenten.com\/no\/wp-json\/wp\/v2\/product_brand?post=409061"},{"taxonomy":"product_cat","embeddable":true,"href":"https:\/\/stylingagenten.com\/no\/wp-json\/wp\/v2\/product_cat?post=409061"},{"taxonomy":"product_tag","embeddable":true,"href":"https:\/\/stylingagenten.com\/no\/wp-json\/wp\/v2\/product_tag?post=409061"},{"taxonomy":"berocket_brand","embeddable":true,"href":"https:\/\/stylingagenten.com\/no\/wp-json\/wp\/v2\/berocket_brand?post=409061"}],"curies":[{"name":"wp","href":"https:\/\/api.w.org\/{rel}","templated":true}]}}