{"id":409041,"date":"2025-05-18T23:25:40","date_gmt":"2025-05-18T23:25:40","guid":{"rendered":"https:\/\/staging2.stylingagenten.com\/no\/produkt\/nuxe-reve-de-miel-face-cleansing-make-up-removing-gel-200ml\/"},"modified":"2026-02-16T16:16:49","modified_gmt":"2026-02-16T16:16:49","slug":"nuxe-reve-de-miel-face-cleansing-make-up-removing-gel-200ml","status":"publish","type":"product","link":"https:\/\/stylingagenten.com\/no\/produkt\/nuxe-reve-de-miel-face-cleansing-make-up-removing-gel-200ml\/","title":{"rendered":"Nuxe Reve de Miel Face Cleansing &amp; Make Up Removing Gel 200m"},"content":{"rendered":"<p>Nuxe Reve de Miel Ansiktsrens &amp; Make Up Removing Gel er en klar gel som sk\u00e5nsomt fjerner smuss, sminke og renser huden. Den friske formelen gir deg ren og fl\u00f8yelsmyk hud og passer deg med t\u00f8rr og sensitiv hud.<\/p>\n<p>Gelen inneholder 94,9 % ingredienser av naturlig opprinnelse. Produktet er fritt for parabener, mineraloljer, syntetiske farger og animalske ingredienser.<\/p>\n","protected":false},"excerpt":{"rendered":"<p>Nuxe Reve de Miel Ansiktsrens &amp; Make Up Removing Gel er en klar gel som sk\u00e5nsomt fjerner smuss, sminke og renser huden. Den friske formelen gir deg ren og fl\u00f8yelsmyk hud og passer deg med t\u00f8rr og sensitiv hud. Gelen inneholder 94,9 % ingredienser av naturlig opprinnelse. Produktet er fritt for parabener, mineraloljer, syntetiske farger [&hellip;]<\/p>\n","protected":false},"featured_media":409040,"comment_status":"open","ping_status":"closed","template":"","meta":{"_trash_the_other_posts":false},"product_brand":[],"product_cat":[1005,653],"product_tag":[],"berocket_brand":[1024],"class_list":{"0":"post-409041","1":"product","2":"type-product","3":"status-publish","4":"has-post-thumbnail","6":"product_cat-outlet","7":"product_cat-sminke-rengjorning","8":"pa_brand-nuxe","9":"berocket_brand-nuxe","11":"first","12":"instock","13":"sale","14":"taxable","15":"shipping-taxable","16":"purchasable","17":"product-type-simple"},"_links":{"self":[{"href":"https:\/\/stylingagenten.com\/no\/wp-json\/wp\/v2\/product\/409041","targetHints":{"allow":["GET"]}}],"collection":[{"href":"https:\/\/stylingagenten.com\/no\/wp-json\/wp\/v2\/product"}],"about":[{"href":"https:\/\/stylingagenten.com\/no\/wp-json\/wp\/v2\/types\/product"}],"replies":[{"embeddable":true,"href":"https:\/\/stylingagenten.com\/no\/wp-json\/wp\/v2\/comments?post=409041"}],"version-history":[{"count":0,"href":"https:\/\/stylingagenten.com\/no\/wp-json\/wp\/v2\/product\/409041\/revisions"}],"wp:featuredmedia":[{"embeddable":true,"href":"https:\/\/stylingagenten.com\/no\/wp-json\/wp\/v2\/media\/409040"}],"wp:attachment":[{"href":"https:\/\/stylingagenten.com\/no\/wp-json\/wp\/v2\/media?parent=409041"}],"wp:term":[{"taxonomy":"product_brand","embeddable":true,"href":"https:\/\/stylingagenten.com\/no\/wp-json\/wp\/v2\/product_brand?post=409041"},{"taxonomy":"product_cat","embeddable":true,"href":"https:\/\/stylingagenten.com\/no\/wp-json\/wp\/v2\/product_cat?post=409041"},{"taxonomy":"product_tag","embeddable":true,"href":"https:\/\/stylingagenten.com\/no\/wp-json\/wp\/v2\/product_tag?post=409041"},{"taxonomy":"berocket_brand","embeddable":true,"href":"https:\/\/stylingagenten.com\/no\/wp-json\/wp\/v2\/berocket_brand?post=409041"}],"curies":[{"name":"wp","href":"https:\/\/api.w.org\/{rel}","templated":true}]}}