{"id":409034,"date":"2025-05-18T23:25:38","date_gmt":"2025-05-18T23:25:38","guid":{"rendered":"https:\/\/staging2.stylingagenten.com\/no\/produkt\/shiseido-instant-eye-and-lip-makeup-remover-125ml\/"},"modified":"2026-03-30T07:31:46","modified_gmt":"2026-03-30T07:31:46","slug":"shiseido-instant-eye-and-lip-makeup-remover-125ml","status":"publish","type":"product","link":"https:\/\/stylingagenten.com\/no\/produkt\/shiseido-instant-eye-and-lip-makeup-remover-125ml\/","title":{"rendered":"Shiseido Instant Eye and Lip Makeup Remover 125ml"},"content":{"rendered":"<p>En sk\u00e5nsom, tofaset sminkefjerner som umiddelbart l\u00f8ser opp vannfast og langvarig sminke og leppestift. Etterlater huden frisk og glatt uten en fet f\u00f8lelse. Fjerner enkelt all sminke, inkludert vannfast mascara.<\/p>\n<p>&nbsp;<\/p>\n<p>Dermatologisk testet. &Ouml;gon&auml;kare-testet. Ikke-komedogen.<\/p>\n","protected":false},"excerpt":{"rendered":"<p>En sk\u00e5nsom, tofaset sminkefjerner som umiddelbart l\u00f8ser opp vannfast og langvarig sminke og leppestift. Etterlater huden frisk og glatt uten en fet f\u00f8lelse. Fjerner enkelt all sminke, inkludert vannfast mascara. &nbsp; Dermatologisk testet. &Ouml;gon&auml;kare-testet. Ikke-komedogen.<\/p>\n","protected":false},"featured_media":409033,"comment_status":"open","ping_status":"closed","template":"","meta":{"_trash_the_other_posts":false},"product_brand":[],"product_cat":[653],"product_tag":[],"berocket_brand":[1193],"class_list":{"0":"post-409034","1":"product","2":"type-product","3":"status-publish","4":"has-post-thumbnail","6":"product_cat-sminke-rengjorning","7":"pa_brand-shiseido","8":"berocket_brand-shiseido","10":"first","11":"instock","12":"sale","13":"taxable","14":"shipping-taxable","15":"purchasable","16":"product-type-simple"},"_links":{"self":[{"href":"https:\/\/stylingagenten.com\/no\/wp-json\/wp\/v2\/product\/409034","targetHints":{"allow":["GET"]}}],"collection":[{"href":"https:\/\/stylingagenten.com\/no\/wp-json\/wp\/v2\/product"}],"about":[{"href":"https:\/\/stylingagenten.com\/no\/wp-json\/wp\/v2\/types\/product"}],"replies":[{"embeddable":true,"href":"https:\/\/stylingagenten.com\/no\/wp-json\/wp\/v2\/comments?post=409034"}],"version-history":[{"count":0,"href":"https:\/\/stylingagenten.com\/no\/wp-json\/wp\/v2\/product\/409034\/revisions"}],"wp:featuredmedia":[{"embeddable":true,"href":"https:\/\/stylingagenten.com\/no\/wp-json\/wp\/v2\/media\/409033"}],"wp:attachment":[{"href":"https:\/\/stylingagenten.com\/no\/wp-json\/wp\/v2\/media?parent=409034"}],"wp:term":[{"taxonomy":"product_brand","embeddable":true,"href":"https:\/\/stylingagenten.com\/no\/wp-json\/wp\/v2\/product_brand?post=409034"},{"taxonomy":"product_cat","embeddable":true,"href":"https:\/\/stylingagenten.com\/no\/wp-json\/wp\/v2\/product_cat?post=409034"},{"taxonomy":"product_tag","embeddable":true,"href":"https:\/\/stylingagenten.com\/no\/wp-json\/wp\/v2\/product_tag?post=409034"},{"taxonomy":"berocket_brand","embeddable":true,"href":"https:\/\/stylingagenten.com\/no\/wp-json\/wp\/v2\/berocket_brand?post=409034"}],"curies":[{"name":"wp","href":"https:\/\/api.w.org\/{rel}","templated":true}]}}