{"id":409016,"date":"2025-05-18T23:25:32","date_gmt":"2025-05-18T23:25:32","guid":{"rendered":"https:\/\/staging2.stylingagenten.com\/no\/produkt\/beauty-uk-no-09-small-flat-blending-shading-brush-2\/"},"modified":"2026-02-24T10:46:40","modified_gmt":"2026-02-24T10:46:40","slug":"beauty-uk-no-09-small-flat-blending-shading-brush-2","status":"publish","type":"product","link":"https:\/\/stylingagenten.com\/no\/produkt\/beauty-uk-no-09-small-flat-blending-shading-brush-2\/","title":{"rendered":"Beauty UK No. 09 Small Flat Blending\/Shading Brush 2"},"content":{"rendered":"<p>Brukes til \u00e5 p\u00e5f\u00f8re og blande en eller flere \u00f8yenskygger med sveipende str\u00f8k over lokket.<\/p>\n<p>Profesjonelt designet og laget tolv-delers samling av sminke-must-haves . V\u00e5re b\u00f8rster er elegante, funksjonelle og lover \u00e5 levere et profesjonelt resultat; fra blush til bronse, kontur til sculpt, definer til highlight og presisjon for \u00e5 blande. Cruelty-free, vegansk og laget med syntetisk h\u00e5r av h\u00f8yeste kvalitet, vi har alt under kontroll! <\/p>\n","protected":false},"excerpt":{"rendered":"<p>Brukes til \u00e5 p\u00e5f\u00f8re og blande en eller flere \u00f8yenskygger med sveipende str\u00f8k over lokket. Profesjonelt designet og laget tolv-delers samling av sminke-must-haves . V\u00e5re b\u00f8rster er elegante, funksjonelle og lover \u00e5 levere et profesjonelt resultat; fra blush til bronse, kontur til sculpt, definer til highlight og presisjon for \u00e5 blande. Cruelty-free, vegansk og laget [&hellip;]<\/p>\n","protected":false},"featured_media":409014,"comment_status":"open","ping_status":"closed","template":"","meta":{"_trash_the_other_posts":false},"product_brand":[],"product_cat":[676],"product_tag":[2513],"berocket_brand":[1059],"class_list":{"0":"post-409016","1":"product","2":"type-product","3":"status-publish","4":"has-post-thumbnail","6":"product_cat-sminkekostene-oyne","7":"product_tag-beauty-uk-brush","8":"pa_brand-beautyuk","9":"pa_variant-no-09-small-flat-blending-shading","10":"berocket_brand-beautyuk","12":"first","13":"instock","14":"sale","15":"taxable","16":"shipping-taxable","17":"purchasable","18":"product-type-simple"},"_links":{"self":[{"href":"https:\/\/stylingagenten.com\/no\/wp-json\/wp\/v2\/product\/409016","targetHints":{"allow":["GET"]}}],"collection":[{"href":"https:\/\/stylingagenten.com\/no\/wp-json\/wp\/v2\/product"}],"about":[{"href":"https:\/\/stylingagenten.com\/no\/wp-json\/wp\/v2\/types\/product"}],"replies":[{"embeddable":true,"href":"https:\/\/stylingagenten.com\/no\/wp-json\/wp\/v2\/comments?post=409016"}],"version-history":[{"count":0,"href":"https:\/\/stylingagenten.com\/no\/wp-json\/wp\/v2\/product\/409016\/revisions"}],"wp:featuredmedia":[{"embeddable":true,"href":"https:\/\/stylingagenten.com\/no\/wp-json\/wp\/v2\/media\/409014"}],"wp:attachment":[{"href":"https:\/\/stylingagenten.com\/no\/wp-json\/wp\/v2\/media?parent=409016"}],"wp:term":[{"taxonomy":"product_brand","embeddable":true,"href":"https:\/\/stylingagenten.com\/no\/wp-json\/wp\/v2\/product_brand?post=409016"},{"taxonomy":"product_cat","embeddable":true,"href":"https:\/\/stylingagenten.com\/no\/wp-json\/wp\/v2\/product_cat?post=409016"},{"taxonomy":"product_tag","embeddable":true,"href":"https:\/\/stylingagenten.com\/no\/wp-json\/wp\/v2\/product_tag?post=409016"},{"taxonomy":"berocket_brand","embeddable":true,"href":"https:\/\/stylingagenten.com\/no\/wp-json\/wp\/v2\/berocket_brand?post=409016"}],"curies":[{"name":"wp","href":"https:\/\/api.w.org\/{rel}","templated":true}]}}