{"id":409011,"date":"2025-05-18T23:25:30","date_gmt":"2025-05-18T23:25:30","guid":{"rendered":"https:\/\/staging2.stylingagenten.com\/no\/produkt\/beauty-uk-no-10-short-shading-brush\/"},"modified":"2026-01-27T12:17:08","modified_gmt":"2026-01-27T12:17:08","slug":"beauty-uk-no-10-short-shading-brush","status":"publish","type":"product","link":"https:\/\/stylingagenten.com\/no\/produkt\/beauty-uk-no-10-short-shading-brush\/","title":{"rendered":"Beauty UK No. 10 Short Shading Brush"},"content":{"rendered":"<p>Trykk en ren b\u00f8rste over den harde kanten av en liner og p\u00e5f\u00f8r p\u00e5 vippekanten, sm\u00f8r og sveip for \u00e5 blande.<\/p>\n<p>Profesjonelt designet og produsert tolv delsamling av sminke-must-haves. V\u00e5re b\u00f8rster er elegante, funksjonelle og lover \u00e5 levere et profesjonelt resultat; fra blush til bronse, kontur til sculpt, definer til highlight og presisjon for \u00e5 blande. Cruelty-free, vegansk og laget med syntetisk h\u00e5r av h\u00f8yeste kvalitet, vi har alt under kontroll! <\/p>\n","protected":false},"excerpt":{"rendered":"<p>Trykk en ren b\u00f8rste over den harde kanten av en liner og p\u00e5f\u00f8r p\u00e5 vippekanten, sm\u00f8r og sveip for \u00e5 blande. Profesjonelt designet og produsert tolv delsamling av sminke-must-haves. V\u00e5re b\u00f8rster er elegante, funksjonelle og lover \u00e5 levere et profesjonelt resultat; fra blush til bronse, kontur til sculpt, definer til highlight og presisjon for \u00e5 [&hellip;]<\/p>\n","protected":false},"featured_media":409010,"comment_status":"open","ping_status":"closed","template":"","meta":{"_trash_the_other_posts":false},"product_brand":[],"product_cat":[676],"product_tag":[2513],"berocket_brand":[1059],"class_list":{"0":"post-409011","1":"product","2":"type-product","3":"status-publish","4":"has-post-thumbnail","6":"product_cat-sminkekostene-oyne","7":"product_tag-beauty-uk-brush","8":"pa_brand-beautyuk","9":"pa_variant-no-10-short-shading","10":"berocket_brand-beautyuk","12":"first","13":"instock","14":"sale","15":"taxable","16":"shipping-taxable","17":"purchasable","18":"product-type-simple"},"_links":{"self":[{"href":"https:\/\/stylingagenten.com\/no\/wp-json\/wp\/v2\/product\/409011","targetHints":{"allow":["GET"]}}],"collection":[{"href":"https:\/\/stylingagenten.com\/no\/wp-json\/wp\/v2\/product"}],"about":[{"href":"https:\/\/stylingagenten.com\/no\/wp-json\/wp\/v2\/types\/product"}],"replies":[{"embeddable":true,"href":"https:\/\/stylingagenten.com\/no\/wp-json\/wp\/v2\/comments?post=409011"}],"version-history":[{"count":0,"href":"https:\/\/stylingagenten.com\/no\/wp-json\/wp\/v2\/product\/409011\/revisions"}],"wp:featuredmedia":[{"embeddable":true,"href":"https:\/\/stylingagenten.com\/no\/wp-json\/wp\/v2\/media\/409010"}],"wp:attachment":[{"href":"https:\/\/stylingagenten.com\/no\/wp-json\/wp\/v2\/media?parent=409011"}],"wp:term":[{"taxonomy":"product_brand","embeddable":true,"href":"https:\/\/stylingagenten.com\/no\/wp-json\/wp\/v2\/product_brand?post=409011"},{"taxonomy":"product_cat","embeddable":true,"href":"https:\/\/stylingagenten.com\/no\/wp-json\/wp\/v2\/product_cat?post=409011"},{"taxonomy":"product_tag","embeddable":true,"href":"https:\/\/stylingagenten.com\/no\/wp-json\/wp\/v2\/product_tag?post=409011"},{"taxonomy":"berocket_brand","embeddable":true,"href":"https:\/\/stylingagenten.com\/no\/wp-json\/wp\/v2\/berocket_brand?post=409011"}],"curies":[{"name":"wp","href":"https:\/\/api.w.org\/{rel}","templated":true}]}}