{"id":408909,"date":"2025-05-18T23:24:48","date_gmt":"2025-05-18T23:24:48","guid":{"rendered":"https:\/\/staging2.stylingagenten.com\/no\/produkt\/kokie-foundation-brush-br601\/"},"modified":"2026-03-24T20:07:53","modified_gmt":"2026-03-24T20:07:53","slug":"kokie-foundation-brush-br601","status":"publish","type":"product","link":"https:\/\/stylingagenten.com\/no\/produkt\/kokie-foundation-brush-br601\/","title":{"rendered":"Kokie Foundation Brush BR601"},"content":{"rendered":"<p>Kokie Foundation Brush BR601 er en flat og rund syntetisk b\u00f8rste som gir en rask og jevn p\u00e5f\u00f8ring av flytende foundation.<br \/>Det flate, avrundede hodet p\u00e5 b\u00f8rsten p\u00e5f\u00f8res feilfritt uten linjer og n\u00e5r alle hj\u00f8rnene av ansiktet der fingrene eller sminkesvampene n\u00e5r ikke.<br \/>Du har lagt mye vekt p\u00e5 \u00e5 velge din perfekte foundation ved \u00e5 bruke det perfekte verkt\u00f8yet til \u00e5 p\u00e5f\u00f8re den med!<\/p>\n","protected":false},"excerpt":{"rendered":"<p>Kokie Foundation Brush BR601 er en flat og rund syntetisk b\u00f8rste som gir en rask og jevn p\u00e5f\u00f8ring av flytende foundation.Det flate, avrundede hodet p\u00e5 b\u00f8rsten p\u00e5f\u00f8res feilfritt uten linjer og n\u00e5r alle hj\u00f8rnene av ansiktet der fingrene eller sminkesvampene n\u00e5r ikke.Du har lagt mye vekt p\u00e5 \u00e5 velge din perfekte foundation ved \u00e5 bruke [&hellip;]<\/p>\n","protected":false},"featured_media":408906,"comment_status":"open","ping_status":"closed","template":"","meta":{"_trash_the_other_posts":false},"product_brand":[],"product_cat":[725],"product_tag":[],"berocket_brand":[1198],"class_list":{"0":"post-408909","1":"product","2":"type-product","3":"status-publish","4":"has-post-thumbnail","6":"product_cat-foundationkost","7":"pa_brand-kokie-cosmetics","8":"berocket_brand-kokie-cosmetics","10":"first","11":"instock","12":"taxable","13":"shipping-taxable","14":"purchasable","15":"product-type-simple"},"_links":{"self":[{"href":"https:\/\/stylingagenten.com\/no\/wp-json\/wp\/v2\/product\/408909","targetHints":{"allow":["GET"]}}],"collection":[{"href":"https:\/\/stylingagenten.com\/no\/wp-json\/wp\/v2\/product"}],"about":[{"href":"https:\/\/stylingagenten.com\/no\/wp-json\/wp\/v2\/types\/product"}],"replies":[{"embeddable":true,"href":"https:\/\/stylingagenten.com\/no\/wp-json\/wp\/v2\/comments?post=408909"}],"version-history":[{"count":0,"href":"https:\/\/stylingagenten.com\/no\/wp-json\/wp\/v2\/product\/408909\/revisions"}],"wp:featuredmedia":[{"embeddable":true,"href":"https:\/\/stylingagenten.com\/no\/wp-json\/wp\/v2\/media\/408906"}],"wp:attachment":[{"href":"https:\/\/stylingagenten.com\/no\/wp-json\/wp\/v2\/media?parent=408909"}],"wp:term":[{"taxonomy":"product_brand","embeddable":true,"href":"https:\/\/stylingagenten.com\/no\/wp-json\/wp\/v2\/product_brand?post=408909"},{"taxonomy":"product_cat","embeddable":true,"href":"https:\/\/stylingagenten.com\/no\/wp-json\/wp\/v2\/product_cat?post=408909"},{"taxonomy":"product_tag","embeddable":true,"href":"https:\/\/stylingagenten.com\/no\/wp-json\/wp\/v2\/product_tag?post=408909"},{"taxonomy":"berocket_brand","embeddable":true,"href":"https:\/\/stylingagenten.com\/no\/wp-json\/wp\/v2\/berocket_brand?post=408909"}],"curies":[{"name":"wp","href":"https:\/\/api.w.org\/{rel}","templated":true}]}}