{"id":408881,"date":"2025-05-18T23:24:37","date_gmt":"2025-05-18T23:24:37","guid":{"rendered":"https:\/\/staging2.stylingagenten.com\/no\/produkt\/kokie-medium-eye-shader-brush-br617\/"},"modified":"2025-12-18T21:51:49","modified_gmt":"2025-12-18T21:51:49","slug":"kokie-medium-eye-shader-brush-br617","status":"publish","type":"product","link":"https:\/\/stylingagenten.com\/no\/produkt\/kokie-medium-eye-shader-brush-br617\/","title":{"rendered":"Kokie Medium Eye Shader Brush BR617"},"content":{"rendered":"<p>Kokie Medium Eye Shader Brush BR617 er en myk, flat ponnih\u00e5rb\u00f8rste som gir enkel p\u00e5f\u00f8ring og enkel blanding av \u00f8yenskygger. Det flate hodet sveiper skyggen over hele lokket og de supermyke bustene gj\u00f8r det enkelt \u00e5 blande, spesielt i folden. B\u00f8rsten er kompakt nok til \u00e5 plukke opp den perfekte mengden produkt, men s&aring; myk at du nesten ikke kjenner den!<\/p>\n","protected":false},"excerpt":{"rendered":"<p>Kokie Medium Eye Shader Brush BR617 er en myk, flat ponnih\u00e5rb\u00f8rste som gir enkel p\u00e5f\u00f8ring og enkel blanding av \u00f8yenskygger. Det flate hodet sveiper skyggen over hele lokket og de supermyke bustene gj\u00f8r det enkelt \u00e5 blande, spesielt i folden. B\u00f8rsten er kompakt nok til \u00e5 plukke opp den perfekte mengden produkt, men s&aring; myk [&hellip;]<\/p>\n","protected":false},"featured_media":408879,"comment_status":"open","ping_status":"closed","template":"","meta":{"_trash_the_other_posts":false},"product_brand":[],"product_cat":[676],"product_tag":[],"berocket_brand":[1198],"class_list":{"0":"post-408881","1":"product","2":"type-product","3":"status-publish","4":"has-post-thumbnail","6":"product_cat-sminkekostene-oyne","7":"pa_brand-kokie-cosmetics","8":"berocket_brand-kokie-cosmetics","10":"first","11":"instock","12":"taxable","13":"shipping-taxable","14":"purchasable","15":"product-type-simple"},"_links":{"self":[{"href":"https:\/\/stylingagenten.com\/no\/wp-json\/wp\/v2\/product\/408881","targetHints":{"allow":["GET"]}}],"collection":[{"href":"https:\/\/stylingagenten.com\/no\/wp-json\/wp\/v2\/product"}],"about":[{"href":"https:\/\/stylingagenten.com\/no\/wp-json\/wp\/v2\/types\/product"}],"replies":[{"embeddable":true,"href":"https:\/\/stylingagenten.com\/no\/wp-json\/wp\/v2\/comments?post=408881"}],"version-history":[{"count":0,"href":"https:\/\/stylingagenten.com\/no\/wp-json\/wp\/v2\/product\/408881\/revisions"}],"wp:featuredmedia":[{"embeddable":true,"href":"https:\/\/stylingagenten.com\/no\/wp-json\/wp\/v2\/media\/408879"}],"wp:attachment":[{"href":"https:\/\/stylingagenten.com\/no\/wp-json\/wp\/v2\/media?parent=408881"}],"wp:term":[{"taxonomy":"product_brand","embeddable":true,"href":"https:\/\/stylingagenten.com\/no\/wp-json\/wp\/v2\/product_brand?post=408881"},{"taxonomy":"product_cat","embeddable":true,"href":"https:\/\/stylingagenten.com\/no\/wp-json\/wp\/v2\/product_cat?post=408881"},{"taxonomy":"product_tag","embeddable":true,"href":"https:\/\/stylingagenten.com\/no\/wp-json\/wp\/v2\/product_tag?post=408881"},{"taxonomy":"berocket_brand","embeddable":true,"href":"https:\/\/stylingagenten.com\/no\/wp-json\/wp\/v2\/berocket_brand?post=408881"}],"curies":[{"name":"wp","href":"https:\/\/api.w.org\/{rel}","templated":true}]}}