{"id":408869,"date":"2025-05-18T23:24:33","date_gmt":"2025-05-18T23:24:33","guid":{"rendered":"https:\/\/staging2.stylingagenten.com\/no\/produkt\/kokie-small-precision-shader-brush-br625\/"},"modified":"2025-12-18T21:49:36","modified_gmt":"2025-12-18T21:49:36","slug":"kokie-small-precision-shader-brush-br625","status":"publish","type":"product","link":"https:\/\/stylingagenten.com\/no\/produkt\/kokie-small-precision-shader-brush-br625\/","title":{"rendered":"Kokie Small Precision Shader Brush BR625"},"content":{"rendered":"<p>Kokie Small Precision Shader Brush BR625 er en liten, flat shader-b\u00f8rste som gj\u00f8r det mulig \u00e5 lage vakre kreasjoner p\u00e5; &ouml;gon-lokket. Det syntetiske hodet fanger opp den perfekte mengden pigment og plasserer det akkurat der du vil ha det.&nbsp;<\/p>\n","protected":false},"excerpt":{"rendered":"<p>Kokie Small Precision Shader Brush BR625 er en liten, flat shader-b\u00f8rste som gj\u00f8r det mulig \u00e5 lage vakre kreasjoner p\u00e5; &ouml;gon-lokket. Det syntetiske hodet fanger opp den perfekte mengden pigment og plasserer det akkurat der du vil ha det.&nbsp;<\/p>\n","protected":false},"featured_media":408866,"comment_status":"open","ping_status":"closed","template":"","meta":{"_trash_the_other_posts":false},"product_brand":[],"product_cat":[1005,676],"product_tag":[],"berocket_brand":[1198],"class_list":{"0":"post-408869","1":"product","2":"type-product","3":"status-publish","4":"has-post-thumbnail","6":"product_cat-outlet","7":"product_cat-sminkekostene-oyne","8":"pa_brand-kokie-cosmetics","9":"berocket_brand-kokie-cosmetics","11":"first","12":"instock","13":"sale","14":"taxable","15":"shipping-taxable","16":"purchasable","17":"product-type-simple"},"_links":{"self":[{"href":"https:\/\/stylingagenten.com\/no\/wp-json\/wp\/v2\/product\/408869","targetHints":{"allow":["GET"]}}],"collection":[{"href":"https:\/\/stylingagenten.com\/no\/wp-json\/wp\/v2\/product"}],"about":[{"href":"https:\/\/stylingagenten.com\/no\/wp-json\/wp\/v2\/types\/product"}],"replies":[{"embeddable":true,"href":"https:\/\/stylingagenten.com\/no\/wp-json\/wp\/v2\/comments?post=408869"}],"version-history":[{"count":0,"href":"https:\/\/stylingagenten.com\/no\/wp-json\/wp\/v2\/product\/408869\/revisions"}],"wp:featuredmedia":[{"embeddable":true,"href":"https:\/\/stylingagenten.com\/no\/wp-json\/wp\/v2\/media\/408866"}],"wp:attachment":[{"href":"https:\/\/stylingagenten.com\/no\/wp-json\/wp\/v2\/media?parent=408869"}],"wp:term":[{"taxonomy":"product_brand","embeddable":true,"href":"https:\/\/stylingagenten.com\/no\/wp-json\/wp\/v2\/product_brand?post=408869"},{"taxonomy":"product_cat","embeddable":true,"href":"https:\/\/stylingagenten.com\/no\/wp-json\/wp\/v2\/product_cat?post=408869"},{"taxonomy":"product_tag","embeddable":true,"href":"https:\/\/stylingagenten.com\/no\/wp-json\/wp\/v2\/product_tag?post=408869"},{"taxonomy":"berocket_brand","embeddable":true,"href":"https:\/\/stylingagenten.com\/no\/wp-json\/wp\/v2\/berocket_brand?post=408869"}],"curies":[{"name":"wp","href":"https:\/\/api.w.org\/{rel}","templated":true}]}}