{"id":408867,"date":"2025-05-18T23:24:33","date_gmt":"2025-05-18T23:24:33","guid":{"rendered":"https:\/\/staging2.stylingagenten.com\/no\/produkt\/kokie-medium-precision-shader-brush-br624\/"},"modified":"2026-03-07T14:27:55","modified_gmt":"2026-03-07T14:27:55","slug":"kokie-medium-precision-shader-brush-br624","status":"publish","type":"product","link":"https:\/\/stylingagenten.com\/no\/produkt\/kokie-medium-precision-shader-brush-br624\/","title":{"rendered":"Kokie Medium Precision Shader Brush BR624"},"content":{"rendered":"<p>Kokie Medium Precision Shader Brush BR624 er en middels stor, flat \u00f8yenskyggeb\u00f8rste med syntetisk hode som gj\u00f8r det enkelt \u00e5 plukke opp \u00f8yenskygge for en feilfri p\u00e5f\u00f8ring. B\u00f8rsten er stor nok for full dekning grunnfarger og liten nok for p\u00e5f\u00f8ring p\u00e5; mindre omr\u00e5de. Denne b\u00f8rsten er en klassiker av en grunn!&nbsp;<\/p>\n","protected":false},"excerpt":{"rendered":"<p>Kokie Medium Precision Shader Brush BR624 er en middels stor, flat \u00f8yenskyggeb\u00f8rste med syntetisk hode som gj\u00f8r det enkelt \u00e5 plukke opp \u00f8yenskygge for en feilfri p\u00e5f\u00f8ring. B\u00f8rsten er stor nok for full dekning grunnfarger og liten nok for p\u00e5f\u00f8ring p\u00e5; mindre omr\u00e5de. Denne b\u00f8rsten er en klassiker av en grunn!&nbsp;<\/p>\n","protected":false},"featured_media":408864,"comment_status":"open","ping_status":"closed","template":"","meta":{"_trash_the_other_posts":false},"product_brand":[],"product_cat":[1005,676],"product_tag":[],"berocket_brand":[1198],"class_list":{"0":"post-408867","1":"product","2":"type-product","3":"status-publish","4":"has-post-thumbnail","6":"product_cat-outlet","7":"product_cat-sminkekostene-oyne","8":"pa_brand-kokie-cosmetics","9":"berocket_brand-kokie-cosmetics","11":"first","12":"instock","13":"sale","14":"taxable","15":"shipping-taxable","16":"purchasable","17":"product-type-simple"},"_links":{"self":[{"href":"https:\/\/stylingagenten.com\/no\/wp-json\/wp\/v2\/product\/408867","targetHints":{"allow":["GET"]}}],"collection":[{"href":"https:\/\/stylingagenten.com\/no\/wp-json\/wp\/v2\/product"}],"about":[{"href":"https:\/\/stylingagenten.com\/no\/wp-json\/wp\/v2\/types\/product"}],"replies":[{"embeddable":true,"href":"https:\/\/stylingagenten.com\/no\/wp-json\/wp\/v2\/comments?post=408867"}],"version-history":[{"count":0,"href":"https:\/\/stylingagenten.com\/no\/wp-json\/wp\/v2\/product\/408867\/revisions"}],"wp:featuredmedia":[{"embeddable":true,"href":"https:\/\/stylingagenten.com\/no\/wp-json\/wp\/v2\/media\/408864"}],"wp:attachment":[{"href":"https:\/\/stylingagenten.com\/no\/wp-json\/wp\/v2\/media?parent=408867"}],"wp:term":[{"taxonomy":"product_brand","embeddable":true,"href":"https:\/\/stylingagenten.com\/no\/wp-json\/wp\/v2\/product_brand?post=408867"},{"taxonomy":"product_cat","embeddable":true,"href":"https:\/\/stylingagenten.com\/no\/wp-json\/wp\/v2\/product_cat?post=408867"},{"taxonomy":"product_tag","embeddable":true,"href":"https:\/\/stylingagenten.com\/no\/wp-json\/wp\/v2\/product_tag?post=408867"},{"taxonomy":"berocket_brand","embeddable":true,"href":"https:\/\/stylingagenten.com\/no\/wp-json\/wp\/v2\/berocket_brand?post=408867"}],"curies":[{"name":"wp","href":"https:\/\/api.w.org\/{rel}","templated":true}]}}