{"id":408863,"date":"2025-05-18T23:24:30","date_gmt":"2025-05-18T23:24:30","guid":{"rendered":"https:\/\/staging2.stylingagenten.com\/no\/produkt\/kokie-medium-smudge-brush-br623\/"},"modified":"2025-12-18T21:51:54","modified_gmt":"2025-12-18T21:51:54","slug":"kokie-medium-smudge-brush-br623","status":"publish","type":"product","link":"https:\/\/stylingagenten.com\/no\/produkt\/kokie-medium-smudge-brush-br623\/","title":{"rendered":"Kokie Medium Smudge Brush BR623"},"content":{"rendered":"<p>Kokie Medium Smudge Brush BR623 er en liten syntetisk b\u00f8rste for \u00e5 p\u00e5f\u00f8re concealer med h\u00f8yeste presisjon! <br \/>Det avrundede b\u00f8rstehodet n\u00e5r alle hj\u00f8rner og skjuler ufullkommenheter for en s\u00f8ml\u00f8s og feilfri finish. <\/p>\n","protected":false},"excerpt":{"rendered":"<p>Kokie Medium Smudge Brush BR623 er en liten syntetisk b\u00f8rste for \u00e5 p\u00e5f\u00f8re concealer med h\u00f8yeste presisjon! Det avrundede b\u00f8rstehodet n\u00e5r alle hj\u00f8rner og skjuler ufullkommenheter for en s\u00f8ml\u00f8s og feilfri finish.<\/p>\n","protected":false},"featured_media":408859,"comment_status":"open","ping_status":"closed","template":"","meta":{"_trash_the_other_posts":false},"product_brand":[],"product_cat":[676],"product_tag":[],"berocket_brand":[1198],"class_list":{"0":"post-408863","1":"product","2":"type-product","3":"status-publish","4":"has-post-thumbnail","6":"product_cat-sminkekostene-oyne","7":"pa_brand-kokie-cosmetics","8":"berocket_brand-kokie-cosmetics","10":"first","11":"instock","12":"taxable","13":"shipping-taxable","14":"purchasable","15":"product-type-simple"},"_links":{"self":[{"href":"https:\/\/stylingagenten.com\/no\/wp-json\/wp\/v2\/product\/408863","targetHints":{"allow":["GET"]}}],"collection":[{"href":"https:\/\/stylingagenten.com\/no\/wp-json\/wp\/v2\/product"}],"about":[{"href":"https:\/\/stylingagenten.com\/no\/wp-json\/wp\/v2\/types\/product"}],"replies":[{"embeddable":true,"href":"https:\/\/stylingagenten.com\/no\/wp-json\/wp\/v2\/comments?post=408863"}],"version-history":[{"count":0,"href":"https:\/\/stylingagenten.com\/no\/wp-json\/wp\/v2\/product\/408863\/revisions"}],"wp:featuredmedia":[{"embeddable":true,"href":"https:\/\/stylingagenten.com\/no\/wp-json\/wp\/v2\/media\/408859"}],"wp:attachment":[{"href":"https:\/\/stylingagenten.com\/no\/wp-json\/wp\/v2\/media?parent=408863"}],"wp:term":[{"taxonomy":"product_brand","embeddable":true,"href":"https:\/\/stylingagenten.com\/no\/wp-json\/wp\/v2\/product_brand?post=408863"},{"taxonomy":"product_cat","embeddable":true,"href":"https:\/\/stylingagenten.com\/no\/wp-json\/wp\/v2\/product_cat?post=408863"},{"taxonomy":"product_tag","embeddable":true,"href":"https:\/\/stylingagenten.com\/no\/wp-json\/wp\/v2\/product_tag?post=408863"},{"taxonomy":"berocket_brand","embeddable":true,"href":"https:\/\/stylingagenten.com\/no\/wp-json\/wp\/v2\/berocket_brand?post=408863"}],"curies":[{"name":"wp","href":"https:\/\/api.w.org\/{rel}","templated":true}]}}