{"id":408849,"date":"2025-05-18T23:24:26","date_gmt":"2025-05-18T23:24:26","guid":{"rendered":"https:\/\/staging2.stylingagenten.com\/no\/produkt\/kokie-blender-brush-br627\/"},"modified":"2025-12-18T21:48:49","modified_gmt":"2025-12-18T21:48:49","slug":"kokie-blender-brush-br627","status":"publish","type":"product","link":"https:\/\/stylingagenten.com\/no\/produkt\/kokie-blender-brush-br627\/","title":{"rendered":"Kokie Blender Brush BR627"},"content":{"rendered":"<p>Kokie Blender Brush BR627 er en stor og myk syntetisk b\u00f8rste som blander \u00f8yenskyggen din til perfeksjon. Det lange, avrundede hodet fanger opp og p\u00e5f\u00f8rer \u00f8nsket mengde pudder eller pressede skygger. \u00d8yenskyggen blandes enkelt og forsiktig ut av supermyke fibre for en vakker finish. Kan ogs\u00e5 brukes til \u00e5 p\u00e5f\u00f8re shimmer eller highlighter p\u00e5; &ouml;\u00f8yelokk eller kinnbein!&nbsp;<\/p>\n","protected":false},"excerpt":{"rendered":"<p>Kokie Blender Brush BR627 er en stor og myk syntetisk b\u00f8rste som blander \u00f8yenskyggen din til perfeksjon. Det lange, avrundede hodet fanger opp og p\u00e5f\u00f8rer \u00f8nsket mengde pudder eller pressede skygger. \u00d8yenskyggen blandes enkelt og forsiktig ut av supermyke fibre for en vakker finish. Kan ogs\u00e5 brukes til \u00e5 p\u00e5f\u00f8re shimmer eller highlighter p\u00e5; &ouml;\u00f8yelokk [&hellip;]<\/p>\n","protected":false},"featured_media":408846,"comment_status":"open","ping_status":"closed","template":"","meta":{"_trash_the_other_posts":false},"product_brand":[],"product_cat":[1005,676],"product_tag":[],"berocket_brand":[1198],"class_list":{"0":"post-408849","1":"product","2":"type-product","3":"status-publish","4":"has-post-thumbnail","6":"product_cat-outlet","7":"product_cat-sminkekostene-oyne","8":"pa_brand-kokie-cosmetics","9":"berocket_brand-kokie-cosmetics","11":"first","12":"instock","13":"sale","14":"taxable","15":"shipping-taxable","16":"purchasable","17":"product-type-simple"},"_links":{"self":[{"href":"https:\/\/stylingagenten.com\/no\/wp-json\/wp\/v2\/product\/408849","targetHints":{"allow":["GET"]}}],"collection":[{"href":"https:\/\/stylingagenten.com\/no\/wp-json\/wp\/v2\/product"}],"about":[{"href":"https:\/\/stylingagenten.com\/no\/wp-json\/wp\/v2\/types\/product"}],"replies":[{"embeddable":true,"href":"https:\/\/stylingagenten.com\/no\/wp-json\/wp\/v2\/comments?post=408849"}],"version-history":[{"count":0,"href":"https:\/\/stylingagenten.com\/no\/wp-json\/wp\/v2\/product\/408849\/revisions"}],"wp:featuredmedia":[{"embeddable":true,"href":"https:\/\/stylingagenten.com\/no\/wp-json\/wp\/v2\/media\/408846"}],"wp:attachment":[{"href":"https:\/\/stylingagenten.com\/no\/wp-json\/wp\/v2\/media?parent=408849"}],"wp:term":[{"taxonomy":"product_brand","embeddable":true,"href":"https:\/\/stylingagenten.com\/no\/wp-json\/wp\/v2\/product_brand?post=408849"},{"taxonomy":"product_cat","embeddable":true,"href":"https:\/\/stylingagenten.com\/no\/wp-json\/wp\/v2\/product_cat?post=408849"},{"taxonomy":"product_tag","embeddable":true,"href":"https:\/\/stylingagenten.com\/no\/wp-json\/wp\/v2\/product_tag?post=408849"},{"taxonomy":"berocket_brand","embeddable":true,"href":"https:\/\/stylingagenten.com\/no\/wp-json\/wp\/v2\/berocket_brand?post=408849"}],"curies":[{"name":"wp","href":"https:\/\/api.w.org\/{rel}","templated":true}]}}