{"id":408835,"date":"2025-05-18T23:24:18","date_gmt":"2025-05-18T23:24:18","guid":{"rendered":"https:\/\/staging2.stylingagenten.com\/no\/produkt\/thebalm-blend-a-hand-brush\/"},"modified":"2025-12-18T21:58:25","modified_gmt":"2025-12-18T21:58:25","slug":"thebalm-blend-a-hand-brush","status":"publish","type":"product","link":"https:\/\/stylingagenten.com\/no\/produkt\/thebalm-blend-a-hand-brush\/","title":{"rendered":"theBalm Blend A Hand Brush"},"content":{"rendered":"<p><span>theBalm Blend a Hand Brush &auml;er en spiss foundationb\u00f8rste, som gir deg en feilfri p\u00e5f\u00f8ring over hele ansiktet. Den avsmalnende tuppen p\u00e5 b\u00f8rsten i syntetisk h\u00e5r egner seg til b\u00e5de foundation og concealer, og vil dekke de minste konturene av ansiktet rundt kinnene og nesen.<\/span><\/p>\n","protected":false},"excerpt":{"rendered":"<p>theBalm Blend a Hand Brush &auml;er en spiss foundationb\u00f8rste, som gir deg en feilfri p\u00e5f\u00f8ring over hele ansiktet. Den avsmalnende tuppen p\u00e5 b\u00f8rsten i syntetisk h\u00e5r egner seg til b\u00e5de foundation og concealer, og vil dekke de minste konturene av ansiktet rundt kinnene og nesen.<\/p>\n","protected":false},"featured_media":408834,"comment_status":"open","ping_status":"closed","template":"","meta":{"_trash_the_other_posts":false},"product_brand":[],"product_cat":[725,1005],"product_tag":[],"berocket_brand":[1118],"class_list":{"0":"post-408835","1":"product","2":"type-product","3":"status-publish","4":"has-post-thumbnail","6":"product_cat-foundationkost","7":"product_cat-outlet","8":"pa_brand-thebalm","9":"berocket_brand-thebalm","11":"first","12":"instock","13":"sale","14":"taxable","15":"shipping-taxable","16":"purchasable","17":"product-type-simple"},"_links":{"self":[{"href":"https:\/\/stylingagenten.com\/no\/wp-json\/wp\/v2\/product\/408835","targetHints":{"allow":["GET"]}}],"collection":[{"href":"https:\/\/stylingagenten.com\/no\/wp-json\/wp\/v2\/product"}],"about":[{"href":"https:\/\/stylingagenten.com\/no\/wp-json\/wp\/v2\/types\/product"}],"replies":[{"embeddable":true,"href":"https:\/\/stylingagenten.com\/no\/wp-json\/wp\/v2\/comments?post=408835"}],"version-history":[{"count":0,"href":"https:\/\/stylingagenten.com\/no\/wp-json\/wp\/v2\/product\/408835\/revisions"}],"wp:featuredmedia":[{"embeddable":true,"href":"https:\/\/stylingagenten.com\/no\/wp-json\/wp\/v2\/media\/408834"}],"wp:attachment":[{"href":"https:\/\/stylingagenten.com\/no\/wp-json\/wp\/v2\/media?parent=408835"}],"wp:term":[{"taxonomy":"product_brand","embeddable":true,"href":"https:\/\/stylingagenten.com\/no\/wp-json\/wp\/v2\/product_brand?post=408835"},{"taxonomy":"product_cat","embeddable":true,"href":"https:\/\/stylingagenten.com\/no\/wp-json\/wp\/v2\/product_cat?post=408835"},{"taxonomy":"product_tag","embeddable":true,"href":"https:\/\/stylingagenten.com\/no\/wp-json\/wp\/v2\/product_tag?post=408835"},{"taxonomy":"berocket_brand","embeddable":true,"href":"https:\/\/stylingagenten.com\/no\/wp-json\/wp\/v2\/berocket_brand?post=408835"}],"curies":[{"name":"wp","href":"https:\/\/api.w.org\/{rel}","templated":true}]}}