{"id":408833,"date":"2025-05-18T23:24:16","date_gmt":"2025-05-18T23:24:16","guid":{"rendered":"https:\/\/staging2.stylingagenten.com\/no\/produkt\/kokie-fan-brush-br605\/"},"modified":"2025-12-18T21:52:12","modified_gmt":"2025-12-18T21:52:12","slug":"kokie-fan-brush-br605","status":"publish","type":"product","link":"https:\/\/stylingagenten.com\/no\/produkt\/kokie-fan-brush-br605\/","title":{"rendered":"Kokie Fan Brush BR605"},"content":{"rendered":"<p>Kokie Cosmetic Brush Fan Brush BR605 er en myk vifteformet syntetisk b\u00f8rste som er perfekt for \u00e5 p\u00e5f\u00f8re pudderprodukter akkurat der du vil ha det. B\u00f8rst p\u00e5 bronzer og highlighter eller st\u00f8v av restene av \u00f8yenskyggen under \u00f8yet uten \u00e5 fjerne sminken.<\/p>\n","protected":false},"excerpt":{"rendered":"<p>Kokie Cosmetic Brush Fan Brush BR605 er en myk vifteformet syntetisk b\u00f8rste som er perfekt for \u00e5 p\u00e5f\u00f8re pudderprodukter akkurat der du vil ha det. B\u00f8rst p\u00e5 bronzer og highlighter eller st\u00f8v av restene av \u00f8yenskyggen under \u00f8yet uten \u00e5 fjerne sminken.<\/p>\n","protected":false},"featured_media":408831,"comment_status":"open","ping_status":"closed","template":"","meta":{"_trash_the_other_posts":false},"product_brand":[],"product_cat":[728],"product_tag":[],"berocket_brand":[1198],"class_list":{"0":"post-408833","1":"product","2":"type-product","3":"status-publish","4":"has-post-thumbnail","6":"product_cat-pudderkost","7":"pa_brand-kokie-cosmetics","8":"berocket_brand-kokie-cosmetics","10":"first","11":"instock","12":"taxable","13":"shipping-taxable","14":"purchasable","15":"product-type-simple"},"_links":{"self":[{"href":"https:\/\/stylingagenten.com\/no\/wp-json\/wp\/v2\/product\/408833","targetHints":{"allow":["GET"]}}],"collection":[{"href":"https:\/\/stylingagenten.com\/no\/wp-json\/wp\/v2\/product"}],"about":[{"href":"https:\/\/stylingagenten.com\/no\/wp-json\/wp\/v2\/types\/product"}],"replies":[{"embeddable":true,"href":"https:\/\/stylingagenten.com\/no\/wp-json\/wp\/v2\/comments?post=408833"}],"version-history":[{"count":0,"href":"https:\/\/stylingagenten.com\/no\/wp-json\/wp\/v2\/product\/408833\/revisions"}],"wp:featuredmedia":[{"embeddable":true,"href":"https:\/\/stylingagenten.com\/no\/wp-json\/wp\/v2\/media\/408831"}],"wp:attachment":[{"href":"https:\/\/stylingagenten.com\/no\/wp-json\/wp\/v2\/media?parent=408833"}],"wp:term":[{"taxonomy":"product_brand","embeddable":true,"href":"https:\/\/stylingagenten.com\/no\/wp-json\/wp\/v2\/product_brand?post=408833"},{"taxonomy":"product_cat","embeddable":true,"href":"https:\/\/stylingagenten.com\/no\/wp-json\/wp\/v2\/product_cat?post=408833"},{"taxonomy":"product_tag","embeddable":true,"href":"https:\/\/stylingagenten.com\/no\/wp-json\/wp\/v2\/product_tag?post=408833"},{"taxonomy":"berocket_brand","embeddable":true,"href":"https:\/\/stylingagenten.com\/no\/wp-json\/wp\/v2\/berocket_brand?post=408833"}],"curies":[{"name":"wp","href":"https:\/\/api.w.org\/{rel}","templated":true}]}}