{"id":408737,"date":"2025-05-18T23:22:33","date_gmt":"2025-05-18T23:22:33","guid":{"rendered":"https:\/\/staging2.stylingagenten.com\/no\/produkt\/nyx-prof-makeup-pro-lip-brush\/"},"modified":"2025-12-18T21:55:32","modified_gmt":"2025-12-18T21:55:32","slug":"nyx-prof-makeup-pro-lip-brush","status":"publish","type":"product","link":"https:\/\/stylingagenten.com\/no\/produkt\/nyx-prof-makeup-pro-lip-brush\/","title":{"rendered":"NYX PROF. MAKEUP Pro Lip Brush"},"content":{"rendered":"<p>Hvorfor ikke bruke det samme utstyret som proffene og sette ditt eget profesjonelle preg p\u00e5 hvert nytt utseende?<\/p>\n<p>NYX PROFESSIONAL MAKEUP Pro Lip Brush er en spiss leppeb\u00f8rste for presis og vakker p\u00e5f\u00f8ring. Laget av syntetiske fibre.<\/p>\n","protected":false},"excerpt":{"rendered":"<p>Hvorfor ikke bruke det samme utstyret som proffene og sette ditt eget profesjonelle preg p\u00e5 hvert nytt utseende? NYX PROFESSIONAL MAKEUP Pro Lip Brush er en spiss leppeb\u00f8rste for presis og vakker p\u00e5f\u00f8ring. Laget av syntetiske fibre.<\/p>\n","protected":false},"featured_media":408736,"comment_status":"open","ping_status":"closed","template":"","meta":{"_trash_the_other_posts":false},"product_brand":[],"product_cat":[675],"product_tag":[3688],"berocket_brand":[1025],"class_list":{"0":"post-408737","1":"product","2":"type-product","3":"status-publish","4":"has-post-thumbnail","6":"product_cat-sminkekostene-base","7":"product_tag-nyx-prof-makeup-pro-brush","8":"pa_brand-nyx","9":"pa_variant-lip","10":"berocket_brand-nyx","12":"first","13":"instock","14":"sale","15":"taxable","16":"shipping-taxable","17":"purchasable","18":"product-type-simple"},"_links":{"self":[{"href":"https:\/\/stylingagenten.com\/no\/wp-json\/wp\/v2\/product\/408737","targetHints":{"allow":["GET"]}}],"collection":[{"href":"https:\/\/stylingagenten.com\/no\/wp-json\/wp\/v2\/product"}],"about":[{"href":"https:\/\/stylingagenten.com\/no\/wp-json\/wp\/v2\/types\/product"}],"replies":[{"embeddable":true,"href":"https:\/\/stylingagenten.com\/no\/wp-json\/wp\/v2\/comments?post=408737"}],"version-history":[{"count":0,"href":"https:\/\/stylingagenten.com\/no\/wp-json\/wp\/v2\/product\/408737\/revisions"}],"wp:featuredmedia":[{"embeddable":true,"href":"https:\/\/stylingagenten.com\/no\/wp-json\/wp\/v2\/media\/408736"}],"wp:attachment":[{"href":"https:\/\/stylingagenten.com\/no\/wp-json\/wp\/v2\/media?parent=408737"}],"wp:term":[{"taxonomy":"product_brand","embeddable":true,"href":"https:\/\/stylingagenten.com\/no\/wp-json\/wp\/v2\/product_brand?post=408737"},{"taxonomy":"product_cat","embeddable":true,"href":"https:\/\/stylingagenten.com\/no\/wp-json\/wp\/v2\/product_cat?post=408737"},{"taxonomy":"product_tag","embeddable":true,"href":"https:\/\/stylingagenten.com\/no\/wp-json\/wp\/v2\/product_tag?post=408737"},{"taxonomy":"berocket_brand","embeddable":true,"href":"https:\/\/stylingagenten.com\/no\/wp-json\/wp\/v2\/berocket_brand?post=408737"}],"curies":[{"name":"wp","href":"https:\/\/api.w.org\/{rel}","templated":true}]}}