{"id":408731,"date":"2025-05-18T23:21:24","date_gmt":"2025-05-18T23:21:24","guid":{"rendered":"https:\/\/staging2.stylingagenten.com\/no\/produkt\/zmile-cosmetics-brush-set-your-utensilo-brushes-6pcs\/"},"modified":"2026-02-16T08:50:05","modified_gmt":"2026-02-16T08:50:05","slug":"zmile-cosmetics-brush-set-your-utensilo-brushes-6pcs","status":"publish","type":"product","link":"https:\/\/stylingagenten.com\/no\/produkt\/zmile-cosmetics-brush-set-your-utensilo-brushes-6pcs\/","title":{"rendered":"Zmile Cosmetics Brush Set Your Utensilo Brushes 6pcs"},"content":{"rendered":"<p>Dine Utensilo &#8216;Brushes<br \/>Veganske sminkeb\u00f8rster med fl\u00f8yelsmykt syntetisk h\u00e5r! En himmelsk f\u00f8lelse som gir jevn p\u00e5f\u00f8ring og s\u00f8ml\u00f8s blanding. Treh\u00e5ndtak med matt finish. Den praktiske Utensilo-boksen gir ogs\u00e5 god plass til dine kosmetiske verkt\u00f8y! <br \/>Innhold: Rund form for pulverb\u00f8rste, vinklet konturb\u00f8rste, spoolie, \u00f8yenskyggeb\u00f8rste, \u00f8yenflekkerb\u00f8rste, vinklet \u00f8yenbrynsb\u00f8rste.<\/p>\n","protected":false},"excerpt":{"rendered":"<p>Dine Utensilo &#8216;BrushesVeganske sminkeb\u00f8rster med fl\u00f8yelsmykt syntetisk h\u00e5r! En himmelsk f\u00f8lelse som gir jevn p\u00e5f\u00f8ring og s\u00f8ml\u00f8s blanding. Treh\u00e5ndtak med matt finish. Den praktiske Utensilo-boksen gir ogs\u00e5 god plass til dine kosmetiske verkt\u00f8y! Innhold: Rund form for pulverb\u00f8rste, vinklet konturb\u00f8rste, spoolie, \u00f8yenskyggeb\u00f8rste, \u00f8yenflekkerb\u00f8rste, vinklet \u00f8yenbrynsb\u00f8rste.<\/p>\n","protected":false},"featured_media":408716,"comment_status":"open","ping_status":"closed","template":"","meta":{"_trash_the_other_posts":false},"product_brand":[],"product_cat":[570],"product_tag":[],"berocket_brand":[1179],"class_list":{"0":"post-408731","1":"product","2":"type-product","3":"status-publish","4":"has-post-thumbnail","6":"product_cat-sminkekostene","7":"pa_brand-zmile-cosmetics","8":"berocket_brand-zmile-cosmetics","10":"first","11":"instock","12":"sale","13":"taxable","14":"shipping-taxable","15":"purchasable","16":"product-type-simple"},"_links":{"self":[{"href":"https:\/\/stylingagenten.com\/no\/wp-json\/wp\/v2\/product\/408731","targetHints":{"allow":["GET"]}}],"collection":[{"href":"https:\/\/stylingagenten.com\/no\/wp-json\/wp\/v2\/product"}],"about":[{"href":"https:\/\/stylingagenten.com\/no\/wp-json\/wp\/v2\/types\/product"}],"replies":[{"embeddable":true,"href":"https:\/\/stylingagenten.com\/no\/wp-json\/wp\/v2\/comments?post=408731"}],"version-history":[{"count":0,"href":"https:\/\/stylingagenten.com\/no\/wp-json\/wp\/v2\/product\/408731\/revisions"}],"wp:featuredmedia":[{"embeddable":true,"href":"https:\/\/stylingagenten.com\/no\/wp-json\/wp\/v2\/media\/408716"}],"wp:attachment":[{"href":"https:\/\/stylingagenten.com\/no\/wp-json\/wp\/v2\/media?parent=408731"}],"wp:term":[{"taxonomy":"product_brand","embeddable":true,"href":"https:\/\/stylingagenten.com\/no\/wp-json\/wp\/v2\/product_brand?post=408731"},{"taxonomy":"product_cat","embeddable":true,"href":"https:\/\/stylingagenten.com\/no\/wp-json\/wp\/v2\/product_cat?post=408731"},{"taxonomy":"product_tag","embeddable":true,"href":"https:\/\/stylingagenten.com\/no\/wp-json\/wp\/v2\/product_tag?post=408731"},{"taxonomy":"berocket_brand","embeddable":true,"href":"https:\/\/stylingagenten.com\/no\/wp-json\/wp\/v2\/berocket_brand?post=408731"}],"curies":[{"name":"wp","href":"https:\/\/api.w.org\/{rel}","templated":true}]}}