{"id":408713,"date":"2025-05-18T23:21:20","date_gmt":"2025-05-18T23:21:20","guid":{"rendered":"https:\/\/staging2.stylingagenten.com\/no\/produkt\/beautyblender-aurora\/"},"modified":"2026-04-08T15:28:56","modified_gmt":"2026-04-08T15:28:56","slug":"beautyblender-aurora","status":"publish","type":"product","link":"https:\/\/stylingagenten.com\/no\/produkt\/beautyblender-aurora\/","title":{"rendered":"BeautyBlender Aurora"},"content":{"rendered":"<p>BeautyBlender er en elliptisk applikatorsvamp designet for \u00e5 gi deg en profesjonell finish og en feilfri p\u00e5f\u00f8ring. Den unike formen og eksklusive materialet som utmerker BeautyBlender sikrer p\u00e5f\u00f8ring uten striper eller kanter og betyr et minimum av produktsvinn.<\/p>\n<p>Bruk en fuktet BeautyBlender n\u00e5r du legger v\u00e5t eller t\u00f8rr sminke. N\u00e5r BeautyBlender er v\u00e5t, utvider den seg vanligvis til dobbel st\u00f8rrelse. Rengj\u00f8r etter bruk og plasser i BeautyBlender inkludert pidestall for \u00e5 t\u00f8rke.<\/p>\n<p>Farge: Aurora<\/p>\n","protected":false},"excerpt":{"rendered":"<p>BeautyBlender er en elliptisk applikatorsvamp designet for \u00e5 gi deg en profesjonell finish og en feilfri p\u00e5f\u00f8ring. Den unike formen og eksklusive materialet som utmerker BeautyBlender sikrer p\u00e5f\u00f8ring uten striper eller kanter og betyr et minimum av produktsvinn. Bruk en fuktet BeautyBlender n\u00e5r du legger v\u00e5t eller t\u00f8rr sminke. N\u00e5r BeautyBlender er v\u00e5t, utvider den [&hellip;]<\/p>\n","protected":false},"featured_media":408699,"comment_status":"open","ping_status":"closed","template":"","meta":{"_trash_the_other_posts":false},"product_brand":[],"product_cat":[677],"product_tag":[2521],"berocket_brand":[1092],"class_list":{"0":"post-408713","1":"product","2":"type-product","3":"status-publish","4":"has-post-thumbnail","6":"product_cat-sminkesvamp","7":"product_tag-beautyblender","8":"pa_brand-beautyblender","9":"pa_variant-aurora","10":"berocket_brand-beautyblender","12":"first","13":"instock","14":"sale","15":"taxable","16":"shipping-taxable","17":"purchasable","18":"product-type-simple"},"_links":{"self":[{"href":"https:\/\/stylingagenten.com\/no\/wp-json\/wp\/v2\/product\/408713","targetHints":{"allow":["GET"]}}],"collection":[{"href":"https:\/\/stylingagenten.com\/no\/wp-json\/wp\/v2\/product"}],"about":[{"href":"https:\/\/stylingagenten.com\/no\/wp-json\/wp\/v2\/types\/product"}],"replies":[{"embeddable":true,"href":"https:\/\/stylingagenten.com\/no\/wp-json\/wp\/v2\/comments?post=408713"}],"version-history":[{"count":0,"href":"https:\/\/stylingagenten.com\/no\/wp-json\/wp\/v2\/product\/408713\/revisions"}],"wp:featuredmedia":[{"embeddable":true,"href":"https:\/\/stylingagenten.com\/no\/wp-json\/wp\/v2\/media\/408699"}],"wp:attachment":[{"href":"https:\/\/stylingagenten.com\/no\/wp-json\/wp\/v2\/media?parent=408713"}],"wp:term":[{"taxonomy":"product_brand","embeddable":true,"href":"https:\/\/stylingagenten.com\/no\/wp-json\/wp\/v2\/product_brand?post=408713"},{"taxonomy":"product_cat","embeddable":true,"href":"https:\/\/stylingagenten.com\/no\/wp-json\/wp\/v2\/product_cat?post=408713"},{"taxonomy":"product_tag","embeddable":true,"href":"https:\/\/stylingagenten.com\/no\/wp-json\/wp\/v2\/product_tag?post=408713"},{"taxonomy":"berocket_brand","embeddable":true,"href":"https:\/\/stylingagenten.com\/no\/wp-json\/wp\/v2\/berocket_brand?post=408713"}],"curies":[{"name":"wp","href":"https:\/\/api.w.org\/{rel}","templated":true}]}}