{"id":408711,"date":"2025-05-18T23:21:20","date_gmt":"2025-05-18T23:21:20","guid":{"rendered":"https:\/\/staging2.stylingagenten.com\/no\/produkt\/beautyblender-house-of-bounce\/"},"modified":"2026-04-08T15:28:52","modified_gmt":"2026-04-08T15:28:52","slug":"beautyblender-house-of-bounce","status":"publish","type":"product","link":"https:\/\/stylingagenten.com\/no\/produkt\/beautyblender-house-of-bounce\/","title":{"rendered":"BeautyBlender House of Bounce"},"content":{"rendered":"<p>Gi din Beautyblender et s\u00f8tt sted \u00e5 hvile med denne nye holderen i begrenset opplag. Dette kule disco-kuleformede stativet hjelper deg med \u00e5 oppbevare Beautyblenderen mellom bruk.<\/p>\n","protected":false},"excerpt":{"rendered":"<p>Gi din Beautyblender et s\u00f8tt sted \u00e5 hvile med denne nye holderen i begrenset opplag. Dette kule disco-kuleformede stativet hjelper deg med \u00e5 oppbevare Beautyblenderen mellom bruk.<\/p>\n","protected":false},"featured_media":408698,"comment_status":"open","ping_status":"closed","template":"","meta":{"_trash_the_other_posts":false},"product_brand":[],"product_cat":[677],"product_tag":[2521],"berocket_brand":[1092],"class_list":{"0":"post-408711","1":"product","2":"type-product","3":"status-publish","4":"has-post-thumbnail","6":"product_cat-sminkesvamp","7":"product_tag-beautyblender","8":"pa_brand-beautyblender","9":"pa_variant-house-of-bounce","10":"berocket_brand-beautyblender","12":"first","13":"instock","14":"sale","15":"taxable","16":"shipping-taxable","17":"purchasable","18":"product-type-simple"},"_links":{"self":[{"href":"https:\/\/stylingagenten.com\/no\/wp-json\/wp\/v2\/product\/408711","targetHints":{"allow":["GET"]}}],"collection":[{"href":"https:\/\/stylingagenten.com\/no\/wp-json\/wp\/v2\/product"}],"about":[{"href":"https:\/\/stylingagenten.com\/no\/wp-json\/wp\/v2\/types\/product"}],"replies":[{"embeddable":true,"href":"https:\/\/stylingagenten.com\/no\/wp-json\/wp\/v2\/comments?post=408711"}],"version-history":[{"count":0,"href":"https:\/\/stylingagenten.com\/no\/wp-json\/wp\/v2\/product\/408711\/revisions"}],"wp:featuredmedia":[{"embeddable":true,"href":"https:\/\/stylingagenten.com\/no\/wp-json\/wp\/v2\/media\/408698"}],"wp:attachment":[{"href":"https:\/\/stylingagenten.com\/no\/wp-json\/wp\/v2\/media?parent=408711"}],"wp:term":[{"taxonomy":"product_brand","embeddable":true,"href":"https:\/\/stylingagenten.com\/no\/wp-json\/wp\/v2\/product_brand?post=408711"},{"taxonomy":"product_cat","embeddable":true,"href":"https:\/\/stylingagenten.com\/no\/wp-json\/wp\/v2\/product_cat?post=408711"},{"taxonomy":"product_tag","embeddable":true,"href":"https:\/\/stylingagenten.com\/no\/wp-json\/wp\/v2\/product_tag?post=408711"},{"taxonomy":"berocket_brand","embeddable":true,"href":"https:\/\/stylingagenten.com\/no\/wp-json\/wp\/v2\/berocket_brand?post=408711"}],"curies":[{"name":"wp","href":"https:\/\/api.w.org\/{rel}","templated":true}]}}