{"id":408693,"date":"2025-05-18T23:21:16","date_gmt":"2025-05-18T23:21:16","guid":{"rendered":"https:\/\/staging2.stylingagenten.com\/no\/produkt\/bareminerals-luxe-performance-brush\/"},"modified":"2025-12-18T21:31:20","modified_gmt":"2025-12-18T21:31:20","slug":"bareminerals-luxe-performance-brush","status":"publish","type":"product","link":"https:\/\/stylingagenten.com\/no\/produkt\/bareminerals-luxe-performance-brush\/","title":{"rendered":"BareMinerals Luxe Performance Brush"},"content":{"rendered":"<p>BareMinerals Luxe Performance Brush er en b\u00f8rste med tette syntetiske h\u00e5r, designet for \u00e5 etterligne vinkelen p\u00e5 fingertuppene dine for \u00e5 gi deg perfekt, jevn dekning. Dette gj\u00f8r at du enkelt kan komme til omr\u00e5der som rundt nesen og under \u00f8ynene. Den passer godt til p\u00e5f\u00f8ring av flytende foundation, som for eksempel BAREPRO\u2122 Performance Wear Liquid Foundation SPF 20.<\/p>\n<p>Gir perfekt, jevn dekning.<\/p>\n","protected":false},"excerpt":{"rendered":"<p>BareMinerals Luxe Performance Brush er en b\u00f8rste med tette syntetiske h\u00e5r, designet for \u00e5 etterligne vinkelen p\u00e5 fingertuppene dine for \u00e5 gi deg perfekt, jevn dekning. Dette gj\u00f8r at du enkelt kan komme til omr\u00e5der som rundt nesen og under \u00f8ynene. Den passer godt til p\u00e5f\u00f8ring av flytende foundation, som for eksempel BAREPRO\u2122 Performance Wear [&hellip;]<\/p>\n","protected":false},"featured_media":408679,"comment_status":"open","ping_status":"closed","template":"","meta":{"_trash_the_other_posts":false},"product_brand":[],"product_cat":[675],"product_tag":[],"berocket_brand":[1256],"class_list":{"0":"post-408693","1":"product","2":"type-product","3":"status-publish","4":"has-post-thumbnail","6":"product_cat-sminkekostene-base","7":"pa_brand-bareminerals","8":"berocket_brand-bareminerals","10":"first","11":"instock","12":"sale","13":"taxable","14":"shipping-taxable","15":"purchasable","16":"product-type-simple"},"_links":{"self":[{"href":"https:\/\/stylingagenten.com\/no\/wp-json\/wp\/v2\/product\/408693","targetHints":{"allow":["GET"]}}],"collection":[{"href":"https:\/\/stylingagenten.com\/no\/wp-json\/wp\/v2\/product"}],"about":[{"href":"https:\/\/stylingagenten.com\/no\/wp-json\/wp\/v2\/types\/product"}],"replies":[{"embeddable":true,"href":"https:\/\/stylingagenten.com\/no\/wp-json\/wp\/v2\/comments?post=408693"}],"version-history":[{"count":0,"href":"https:\/\/stylingagenten.com\/no\/wp-json\/wp\/v2\/product\/408693\/revisions"}],"wp:featuredmedia":[{"embeddable":true,"href":"https:\/\/stylingagenten.com\/no\/wp-json\/wp\/v2\/media\/408679"}],"wp:attachment":[{"href":"https:\/\/stylingagenten.com\/no\/wp-json\/wp\/v2\/media?parent=408693"}],"wp:term":[{"taxonomy":"product_brand","embeddable":true,"href":"https:\/\/stylingagenten.com\/no\/wp-json\/wp\/v2\/product_brand?post=408693"},{"taxonomy":"product_cat","embeddable":true,"href":"https:\/\/stylingagenten.com\/no\/wp-json\/wp\/v2\/product_cat?post=408693"},{"taxonomy":"product_tag","embeddable":true,"href":"https:\/\/stylingagenten.com\/no\/wp-json\/wp\/v2\/product_tag?post=408693"},{"taxonomy":"berocket_brand","embeddable":true,"href":"https:\/\/stylingagenten.com\/no\/wp-json\/wp\/v2\/berocket_brand?post=408693"}],"curies":[{"name":"wp","href":"https:\/\/api.w.org\/{rel}","templated":true}]}}