{"id":408685,"date":"2025-05-18T23:21:15","date_gmt":"2025-05-18T23:21:15","guid":{"rendered":"https:\/\/staging2.stylingagenten.com\/no\/produkt\/nyx-prof-makeup-pro-flat-foundation-brush\/"},"modified":"2025-12-18T21:56:00","modified_gmt":"2025-12-18T21:56:00","slug":"nyx-prof-makeup-pro-flat-foundation-brush","status":"publish","type":"product","link":"https:\/\/stylingagenten.com\/no\/produkt\/nyx-prof-makeup-pro-flat-foundation-brush\/","title":{"rendered":"NYX PROF. MAKEUP Pro Flat Foundation Brush"},"content":{"rendered":"<p>Hvorfor ikke bruke det samme utstyret som proffene og sette ditt eget profesjonelle preg p\u00e5 hvert nytt utseende?<\/p>\n<p><span class=\"product-description-text\">NYX PROFESSIONAL MAKEUP Pro Flat Foundation Brush er en konisk b\u00f8rste som er flott for flytende blandinger eller creme-formler for en jevn p\u00e5f\u00f8ring uten striper.<\/span><\/p>\n","protected":false},"excerpt":{"rendered":"<p>Hvorfor ikke bruke det samme utstyret som proffene og sette ditt eget profesjonelle preg p\u00e5 hvert nytt utseende? NYX PROFESSIONAL MAKEUP Pro Flat Foundation Brush er en konisk b\u00f8rste som er flott for flytende blandinger eller creme-formler for en jevn p\u00e5f\u00f8ring uten striper.<\/p>\n","protected":false},"featured_media":408681,"comment_status":"open","ping_status":"closed","template":"","meta":{"_trash_the_other_posts":false},"product_brand":[],"product_cat":[725],"product_tag":[3688],"berocket_brand":[1025],"class_list":{"0":"post-408685","1":"product","2":"type-product","3":"status-publish","4":"has-post-thumbnail","6":"product_cat-foundationkost","7":"product_tag-nyx-prof-makeup-pro-brush","8":"pa_brand-nyx","9":"pa_variant-flat-foundation","10":"berocket_brand-nyx","12":"first","13":"instock","14":"sale","15":"taxable","16":"shipping-taxable","17":"purchasable","18":"product-type-simple"},"_links":{"self":[{"href":"https:\/\/stylingagenten.com\/no\/wp-json\/wp\/v2\/product\/408685","targetHints":{"allow":["GET"]}}],"collection":[{"href":"https:\/\/stylingagenten.com\/no\/wp-json\/wp\/v2\/product"}],"about":[{"href":"https:\/\/stylingagenten.com\/no\/wp-json\/wp\/v2\/types\/product"}],"replies":[{"embeddable":true,"href":"https:\/\/stylingagenten.com\/no\/wp-json\/wp\/v2\/comments?post=408685"}],"version-history":[{"count":0,"href":"https:\/\/stylingagenten.com\/no\/wp-json\/wp\/v2\/product\/408685\/revisions"}],"wp:featuredmedia":[{"embeddable":true,"href":"https:\/\/stylingagenten.com\/no\/wp-json\/wp\/v2\/media\/408681"}],"wp:attachment":[{"href":"https:\/\/stylingagenten.com\/no\/wp-json\/wp\/v2\/media?parent=408685"}],"wp:term":[{"taxonomy":"product_brand","embeddable":true,"href":"https:\/\/stylingagenten.com\/no\/wp-json\/wp\/v2\/product_brand?post=408685"},{"taxonomy":"product_cat","embeddable":true,"href":"https:\/\/stylingagenten.com\/no\/wp-json\/wp\/v2\/product_cat?post=408685"},{"taxonomy":"product_tag","embeddable":true,"href":"https:\/\/stylingagenten.com\/no\/wp-json\/wp\/v2\/product_tag?post=408685"},{"taxonomy":"berocket_brand","embeddable":true,"href":"https:\/\/stylingagenten.com\/no\/wp-json\/wp\/v2\/berocket_brand?post=408685"}],"curies":[{"name":"wp","href":"https:\/\/api.w.org\/{rel}","templated":true}]}}