{"id":408684,"date":"2025-05-18T23:21:15","date_gmt":"2025-05-18T23:21:15","guid":{"rendered":"https:\/\/staging2.stylingagenten.com\/no\/produkt\/bareminerals-beautiful-finish-brush\/"},"modified":"2025-11-19T09:49:29","modified_gmt":"2025-11-19T09:49:29","slug":"bareminerals-beautiful-finish-brush","status":"publish","type":"product","link":"https:\/\/stylingagenten.com\/no\/produkt\/bareminerals-beautiful-finish-brush\/","title":{"rendered":"BareMinerals Beautiful Finish Brush"},"content":{"rendered":"<p>BareMinerals Beautiful Finishing Brush er spesielt designet for \u00e5 holde l\u00f8s pudderfoundation, akkurat som en svamp holder vann, og har en silhuett med en avrundet midt som gir perfekt, jevn dekning hver gang. Denne sminkeb\u00f8rsten er laget for \u00e5 passe perfekt i lokkene p\u00e5 bareMinerals ikoniske ORIGINAL- og MATTE Loose Powder Foundation-beholdere og skal brukes med p\u00e5f\u00f8ringsmetoden Swirl, Tap, Buff. Den fanger opp og holder mer produkt med mindre anstrengelse, og gir deg en rask, feilfri finish n\u00e5r du p\u00e5f\u00f8rer pudderfoundation.<\/p>\n<p>Denne unike pudderb\u00f8rsten er utrolig myk og laget av luksuri\u00f8se syntetiske fibre som forblir intakte i den medf\u00f8lgende gjennomsiktige plastbeholderen. De langstrakte fibrene p\u00e5 utsiden av b\u00f8rsten og den sentrerte kuppelen i midten er laget for \u00e5 holde l\u00f8se mineraler, slik at du enkelt kan justere dekningen fra lett til full dekning og redusere p\u00e5f\u00f8ringstiden.<\/p>\n<p>DERFOR VIL DU ELSKE DEN:<\/p>\n<p>Den unike sminkeb\u00f8rsten er n\u00f8ye designet for \u00e5 passe i lokkene p\u00e5 ORIGINAL- og MATTE Foundation-beholderne.<\/p>\n<p>Foundationb\u00f8rsten gir byggbar, lett til full dekning.<\/p>\n<p>Ultratynne syntetiske fibre og en unik sentrert midt som holder l\u00f8st pudder, akkurat som en svamp holder vann.<\/p>\n<p>Gir rask og jevn dekning, og reduserer p\u00e5f\u00f8ringstiden.<\/p>\n","protected":false},"excerpt":{"rendered":"<p>BareMinerals Beautiful Finishing Brush er spesielt designet for \u00e5 holde l\u00f8s pudderfoundation, akkurat som en svamp holder vann, og har en silhuett med en avrundet midt som gir perfekt, jevn dekning hver gang. Denne sminkeb\u00f8rsten er laget for \u00e5 passe perfekt i lokkene p\u00e5 bareMinerals ikoniske ORIGINAL- og MATTE Loose Powder Foundation-beholdere og skal brukes [&hellip;]<\/p>\n","protected":false},"featured_media":408665,"comment_status":"open","ping_status":"closed","template":"","meta":{"_trash_the_other_posts":false},"product_brand":[],"product_cat":[675],"product_tag":[],"berocket_brand":[1256],"class_list":{"0":"post-408684","1":"product","2":"type-product","3":"status-publish","4":"has-post-thumbnail","6":"product_cat-sminkekostene-base","7":"pa_brand-bareminerals","8":"berocket_brand-bareminerals","10":"first","11":"instock","12":"sale","13":"taxable","14":"shipping-taxable","15":"purchasable","16":"product-type-simple"},"_links":{"self":[{"href":"https:\/\/stylingagenten.com\/no\/wp-json\/wp\/v2\/product\/408684","targetHints":{"allow":["GET"]}}],"collection":[{"href":"https:\/\/stylingagenten.com\/no\/wp-json\/wp\/v2\/product"}],"about":[{"href":"https:\/\/stylingagenten.com\/no\/wp-json\/wp\/v2\/types\/product"}],"replies":[{"embeddable":true,"href":"https:\/\/stylingagenten.com\/no\/wp-json\/wp\/v2\/comments?post=408684"}],"version-history":[{"count":0,"href":"https:\/\/stylingagenten.com\/no\/wp-json\/wp\/v2\/product\/408684\/revisions"}],"wp:featuredmedia":[{"embeddable":true,"href":"https:\/\/stylingagenten.com\/no\/wp-json\/wp\/v2\/media\/408665"}],"wp:attachment":[{"href":"https:\/\/stylingagenten.com\/no\/wp-json\/wp\/v2\/media?parent=408684"}],"wp:term":[{"taxonomy":"product_brand","embeddable":true,"href":"https:\/\/stylingagenten.com\/no\/wp-json\/wp\/v2\/product_brand?post=408684"},{"taxonomy":"product_cat","embeddable":true,"href":"https:\/\/stylingagenten.com\/no\/wp-json\/wp\/v2\/product_cat?post=408684"},{"taxonomy":"product_tag","embeddable":true,"href":"https:\/\/stylingagenten.com\/no\/wp-json\/wp\/v2\/product_tag?post=408684"},{"taxonomy":"berocket_brand","embeddable":true,"href":"https:\/\/stylingagenten.com\/no\/wp-json\/wp\/v2\/berocket_brand?post=408684"}],"curies":[{"name":"wp","href":"https:\/\/api.w.org\/{rel}","templated":true}]}}