{"id":408625,"date":"2025-05-18T23:21:03","date_gmt":"2025-05-18T23:21:03","guid":{"rendered":"https:\/\/staging2.stylingagenten.com\/no\/produkt\/mountaineer-brand-chrome-shave-bowl\/"},"modified":"2025-12-18T21:54:51","modified_gmt":"2025-12-18T21:54:51","slug":"mountaineer-brand-chrome-shave-bowl","status":"publish","type":"product","link":"https:\/\/stylingagenten.com\/no\/produkt\/mountaineer-brand-chrome-shave-bowl\/","title":{"rendered":"Mountaineer Brand Chrome Shave Bowl"},"content":{"rendered":"<p>Chrome Shave Bowl er laget av rustfritt st\u00e5l og deretter belagt med krom for en virkelig skinnende finish. <br \/>Barberskallet gj\u00f8r det enkelt \u00e5 piske opp et fantastisk skum av barberkrem eller barberskum.<\/p>\n<p><\/p>\n","protected":false},"excerpt":{"rendered":"<p>Chrome Shave Bowl er laget av rustfritt st\u00e5l og deretter belagt med krom for en virkelig skinnende finish. Barberskallet gj\u00f8r det enkelt \u00e5 piske opp et fantastisk skum av barberkrem eller barberskum.<\/p>\n","protected":false},"featured_media":408623,"comment_status":"open","ping_status":"closed","template":"","meta":{"_trash_the_other_posts":false},"product_brand":[],"product_cat":[687],"product_tag":[],"berocket_brand":[1110],"class_list":{"0":"post-408625","1":"product","2":"type-product","3":"status-publish","4":"has-post-thumbnail","6":"product_cat-skjeggverktoy","7":"pa_brand-mountaineer-brand","8":"berocket_brand-mountaineer-brand","10":"first","11":"instock","12":"sale","13":"taxable","14":"shipping-taxable","15":"purchasable","16":"product-type-simple"},"_links":{"self":[{"href":"https:\/\/stylingagenten.com\/no\/wp-json\/wp\/v2\/product\/408625","targetHints":{"allow":["GET"]}}],"collection":[{"href":"https:\/\/stylingagenten.com\/no\/wp-json\/wp\/v2\/product"}],"about":[{"href":"https:\/\/stylingagenten.com\/no\/wp-json\/wp\/v2\/types\/product"}],"replies":[{"embeddable":true,"href":"https:\/\/stylingagenten.com\/no\/wp-json\/wp\/v2\/comments?post=408625"}],"version-history":[{"count":0,"href":"https:\/\/stylingagenten.com\/no\/wp-json\/wp\/v2\/product\/408625\/revisions"}],"wp:featuredmedia":[{"embeddable":true,"href":"https:\/\/stylingagenten.com\/no\/wp-json\/wp\/v2\/media\/408623"}],"wp:attachment":[{"href":"https:\/\/stylingagenten.com\/no\/wp-json\/wp\/v2\/media?parent=408625"}],"wp:term":[{"taxonomy":"product_brand","embeddable":true,"href":"https:\/\/stylingagenten.com\/no\/wp-json\/wp\/v2\/product_brand?post=408625"},{"taxonomy":"product_cat","embeddable":true,"href":"https:\/\/stylingagenten.com\/no\/wp-json\/wp\/v2\/product_cat?post=408625"},{"taxonomy":"product_tag","embeddable":true,"href":"https:\/\/stylingagenten.com\/no\/wp-json\/wp\/v2\/product_tag?post=408625"},{"taxonomy":"berocket_brand","embeddable":true,"href":"https:\/\/stylingagenten.com\/no\/wp-json\/wp\/v2\/berocket_brand?post=408625"}],"curies":[{"name":"wp","href":"https:\/\/api.w.org\/{rel}","templated":true}]}}