{"id":408513,"date":"2025-05-18T23:20:40","date_gmt":"2025-05-18T23:20:40","guid":{"rendered":"https:\/\/staging2.stylingagenten.com\/no\/produkt\/omega-set-krom\/"},"modified":"2025-12-18T21:56:10","modified_gmt":"2025-12-18T21:56:10","slug":"omega-set-krom","status":"publish","type":"product","link":"https:\/\/stylingagenten.com\/no\/produkt\/omega-set-krom\/","title":{"rendered":"Omega Set Chrome"},"content":{"rendered":"<p>Omega Set Krom inkluderer en krom villsvinb\u00f8rste, et kromstativ og en krombolle. Den er perfekt som gave til en kj\u00e6reste, far, bror eller noen som st\u00e5r deg n\u00e6r.<\/p>\n","protected":false},"excerpt":{"rendered":"<p>Omega Set Krom inkluderer en krom villsvinb\u00f8rste, et kromstativ og en krombolle. Den er perfekt som gave til en kj\u00e6reste, far, bror eller noen som st\u00e5r deg n\u00e6r.<\/p>\n","protected":false},"featured_media":408510,"comment_status":"open","ping_status":"closed","template":"","meta":{"_trash_the_other_posts":false},"product_brand":[],"product_cat":[687],"product_tag":[],"berocket_brand":[1044],"class_list":{"0":"post-408513","1":"product","2":"type-product","3":"status-publish","4":"has-post-thumbnail","6":"product_cat-skjeggverktoy","7":"pa_brand-omega","8":"berocket_brand-omega","10":"first","11":"instock","12":"sale","13":"taxable","14":"shipping-taxable","15":"purchasable","16":"product-type-simple"},"_links":{"self":[{"href":"https:\/\/stylingagenten.com\/no\/wp-json\/wp\/v2\/product\/408513","targetHints":{"allow":["GET"]}}],"collection":[{"href":"https:\/\/stylingagenten.com\/no\/wp-json\/wp\/v2\/product"}],"about":[{"href":"https:\/\/stylingagenten.com\/no\/wp-json\/wp\/v2\/types\/product"}],"replies":[{"embeddable":true,"href":"https:\/\/stylingagenten.com\/no\/wp-json\/wp\/v2\/comments?post=408513"}],"version-history":[{"count":0,"href":"https:\/\/stylingagenten.com\/no\/wp-json\/wp\/v2\/product\/408513\/revisions"}],"wp:featuredmedia":[{"embeddable":true,"href":"https:\/\/stylingagenten.com\/no\/wp-json\/wp\/v2\/media\/408510"}],"wp:attachment":[{"href":"https:\/\/stylingagenten.com\/no\/wp-json\/wp\/v2\/media?parent=408513"}],"wp:term":[{"taxonomy":"product_brand","embeddable":true,"href":"https:\/\/stylingagenten.com\/no\/wp-json\/wp\/v2\/product_brand?post=408513"},{"taxonomy":"product_cat","embeddable":true,"href":"https:\/\/stylingagenten.com\/no\/wp-json\/wp\/v2\/product_cat?post=408513"},{"taxonomy":"product_tag","embeddable":true,"href":"https:\/\/stylingagenten.com\/no\/wp-json\/wp\/v2\/product_tag?post=408513"},{"taxonomy":"berocket_brand","embeddable":true,"href":"https:\/\/stylingagenten.com\/no\/wp-json\/wp\/v2\/berocket_brand?post=408513"}],"curies":[{"name":"wp","href":"https:\/\/api.w.org\/{rel}","templated":true}]}}