{"id":408385,"date":"2025-05-18T23:20:12","date_gmt":"2025-05-18T23:20:12","guid":{"rendered":"https:\/\/staging2.stylingagenten.com\/no\/produkt\/beard-monkey-beard-shampoo-oud-saffron-100ml\/"},"modified":"2026-04-03T15:16:38","modified_gmt":"2026-04-03T15:16:38","slug":"beard-monkey-beard-shampoo-oud-saffron-100ml","status":"publish","type":"product","link":"https:\/\/stylingagenten.com\/no\/produkt\/beard-monkey-beard-shampoo-oud-saffron-100ml\/","title":{"rendered":"Beard Monkey Beard Shampoo Oud\/Saffron 100ml"},"content":{"rendered":"<p>Beard Monkey Beard Shampoo Oud\/Saffron er en dyprensende skjeggsjampo som gj\u00f8r skjegget sunt og velduftende med Oud\/Saffron. H\u00e5rsjampoen er utviklet for \u00e5 skape en god fuktighetsbalanse men ogs\u00e5 et nydelig skjegg.<\/p>\n","protected":false},"excerpt":{"rendered":"<p>Beard Monkey Beard Shampoo Oud\/Saffron er en dyprensende skjeggsjampo som gj\u00f8r skjegget sunt og velduftende med Oud\/Saffron. H\u00e5rsjampoen er utviklet for \u00e5 skape en god fuktighetsbalanse men ogs\u00e5 et nydelig skjegg.<\/p>\n","protected":false},"featured_media":408382,"comment_status":"open","ping_status":"closed","template":"","meta":{"_trash_the_other_posts":false},"product_brand":[],"product_cat":[566],"product_tag":[],"berocket_brand":[1077],"class_list":{"0":"post-408385","1":"product","2":"type-product","3":"status-publish","4":"has-post-thumbnail","6":"product_cat-skaggschampo","7":"pa_brand-beard-monkey","8":"berocket_brand-beard-monkey","10":"first","11":"instock","12":"sale","13":"taxable","14":"shipping-taxable","15":"purchasable","16":"product-type-simple"},"_links":{"self":[{"href":"https:\/\/stylingagenten.com\/no\/wp-json\/wp\/v2\/product\/408385","targetHints":{"allow":["GET"]}}],"collection":[{"href":"https:\/\/stylingagenten.com\/no\/wp-json\/wp\/v2\/product"}],"about":[{"href":"https:\/\/stylingagenten.com\/no\/wp-json\/wp\/v2\/types\/product"}],"replies":[{"embeddable":true,"href":"https:\/\/stylingagenten.com\/no\/wp-json\/wp\/v2\/comments?post=408385"}],"version-history":[{"count":0,"href":"https:\/\/stylingagenten.com\/no\/wp-json\/wp\/v2\/product\/408385\/revisions"}],"wp:featuredmedia":[{"embeddable":true,"href":"https:\/\/stylingagenten.com\/no\/wp-json\/wp\/v2\/media\/408382"}],"wp:attachment":[{"href":"https:\/\/stylingagenten.com\/no\/wp-json\/wp\/v2\/media?parent=408385"}],"wp:term":[{"taxonomy":"product_brand","embeddable":true,"href":"https:\/\/stylingagenten.com\/no\/wp-json\/wp\/v2\/product_brand?post=408385"},{"taxonomy":"product_cat","embeddable":true,"href":"https:\/\/stylingagenten.com\/no\/wp-json\/wp\/v2\/product_cat?post=408385"},{"taxonomy":"product_tag","embeddable":true,"href":"https:\/\/stylingagenten.com\/no\/wp-json\/wp\/v2\/product_tag?post=408385"},{"taxonomy":"berocket_brand","embeddable":true,"href":"https:\/\/stylingagenten.com\/no\/wp-json\/wp\/v2\/berocket_brand?post=408385"}],"curies":[{"name":"wp","href":"https:\/\/api.w.org\/{rel}","templated":true}]}}