{"id":408342,"date":"2025-05-18T23:20:02","date_gmt":"2025-05-18T23:20:02","guid":{"rendered":"https:\/\/staging2.stylingagenten.com\/no\/produkt\/beard-monkey-beard-oil-oud-saffron-50ml\/"},"modified":"2026-04-03T15:17:13","modified_gmt":"2026-04-03T15:17:13","slug":"beard-monkey-beard-oil-oud-saffron-50ml","status":"publish","type":"product","link":"https:\/\/stylingagenten.com\/no\/produkt\/beard-monkey-beard-oil-oud-saffron-50ml\/","title":{"rendered":"Beard Monkey Beard Oil Oud\/Saffron 50ml"},"content":{"rendered":"<p>En n\u00e6rende skjeggolje som gj\u00f8r skjegget sunt og mykt. Hudoljen er utviklet for \u00e5 skape en frisk f\u00f8lelse som varer hele dagen. Resultatet av \u00e5 bruke dette produktet er et skjegg med en fin glans og en subtil duft av Oud\/Saffron.<\/p>\n<p>50ml<\/p>\n","protected":false},"excerpt":{"rendered":"<p>En n\u00e6rende skjeggolje som gj\u00f8r skjegget sunt og mykt. Hudoljen er utviklet for \u00e5 skape en frisk f\u00f8lelse som varer hele dagen. Resultatet av \u00e5 bruke dette produktet er et skjegg med en fin glans og en subtil duft av Oud\/Saffron. 50ml<\/p>\n","protected":false},"featured_media":408338,"comment_status":"open","ping_status":"closed","template":"","meta":{"_trash_the_other_posts":false},"product_brand":[],"product_cat":[590],"product_tag":[],"berocket_brand":[1077],"class_list":{"0":"post-408342","1":"product","2":"type-product","3":"status-publish","4":"has-post-thumbnail","6":"product_cat-skjeggolje","7":"pa_brand-beard-monkey","8":"berocket_brand-beard-monkey","10":"first","11":"instock","12":"sale","13":"taxable","14":"shipping-taxable","15":"purchasable","16":"product-type-simple"},"_links":{"self":[{"href":"https:\/\/stylingagenten.com\/no\/wp-json\/wp\/v2\/product\/408342","targetHints":{"allow":["GET"]}}],"collection":[{"href":"https:\/\/stylingagenten.com\/no\/wp-json\/wp\/v2\/product"}],"about":[{"href":"https:\/\/stylingagenten.com\/no\/wp-json\/wp\/v2\/types\/product"}],"replies":[{"embeddable":true,"href":"https:\/\/stylingagenten.com\/no\/wp-json\/wp\/v2\/comments?post=408342"}],"version-history":[{"count":0,"href":"https:\/\/stylingagenten.com\/no\/wp-json\/wp\/v2\/product\/408342\/revisions"}],"wp:featuredmedia":[{"embeddable":true,"href":"https:\/\/stylingagenten.com\/no\/wp-json\/wp\/v2\/media\/408338"}],"wp:attachment":[{"href":"https:\/\/stylingagenten.com\/no\/wp-json\/wp\/v2\/media?parent=408342"}],"wp:term":[{"taxonomy":"product_brand","embeddable":true,"href":"https:\/\/stylingagenten.com\/no\/wp-json\/wp\/v2\/product_brand?post=408342"},{"taxonomy":"product_cat","embeddable":true,"href":"https:\/\/stylingagenten.com\/no\/wp-json\/wp\/v2\/product_cat?post=408342"},{"taxonomy":"product_tag","embeddable":true,"href":"https:\/\/stylingagenten.com\/no\/wp-json\/wp\/v2\/product_tag?post=408342"},{"taxonomy":"berocket_brand","embeddable":true,"href":"https:\/\/stylingagenten.com\/no\/wp-json\/wp\/v2\/berocket_brand?post=408342"}],"curies":[{"name":"wp","href":"https:\/\/api.w.org\/{rel}","templated":true}]}}