{"id":408303,"date":"2025-05-18T23:19:54","date_gmt":"2025-05-18T23:19:54","guid":{"rendered":"https:\/\/staging2.stylingagenten.com\/no\/produkt\/nyx-prof-makeup-dewy-finish-setting-spray\/"},"modified":"2026-03-29T14:18:49","modified_gmt":"2026-03-29T14:18:49","slug":"nyx-prof-makeup-dewy-finish-setting-spray","status":"publish","type":"product","link":"https:\/\/stylingagenten.com\/no\/produkt\/nyx-prof-makeup-dewy-finish-setting-spray\/","title":{"rendered":"NYX PROF. MAKEUP Dewy Finish Setting Spray"},"content":{"rendered":"<p>NYX PROFESSIONAL MAKEUP Dewy Finish Setting Spray<\/p>\n<p>En lett, vannbasert spray som beskytter ditt feilfrie utseende mot temperaturvariasjoner, svette og annen luftb\u00e5ren forurensning, og etterlater huden din med en fantastisk duggfrisk finish s&aring; du trenger ikke \u00e5 legge p\u00e5 sminken p\u00e5 nytt. Denne holdbare sprayen er perfekt for profesjonell fotografering, makeupartister og alle makeup-entusiaster!<\/p>\n<p>Langvarig holdbarhet.<\/p>\n<p>Innhold: 60 ml <\/p>\n<p>Bruk:<br \/>Hold flasken ca 10-15 cm fra ansiktet og spray jevnt over omr\u00e5det du \u00f8nsker \u00e5 p\u00e5f\u00f8re produktet p\u00e5. Dupp forsiktig med en serviett hvis du f\u00e5r i deg for mye, og la luftt\u00f8rke for best resultat.<\/p>\n<p>Ingredienser:<br \/>Vann\/Aqua , Alkohol, Propylen Glycol, PVP, Phenoxyethanol, iDisodium EDTA, Niacinamid.<\/p>\n<p><em>Merk at evt Etiketten tas fra produktet eller leveres av produsenten n\u00e5r produktet er installert. I sjeldne tilfeller kan produktets innhold oppdateres i etterkant. I tilfelle av allergier eller effektivitet, vennligst verifiser p\u00e5 produktet f\u00f8r bruk eller kontakt kundeservice.<\/em><\/p>\n<p><em>Tenk deg om; at alltid n\u00e5r du tester et nytt produkt, bruk p&aring; en mindre overflate (for eksempel h\u00e5ndleddet) for \u00e5 sjekke mulig effektivitet f\u00f8r bruk.<\/em><\/p>\n<p>&nbsp;<\/p>\n","protected":false},"excerpt":{"rendered":"<p>NYX PROFESSIONAL MAKEUP Dewy Finish Setting Spray En lett, vannbasert spray som beskytter ditt feilfrie utseende mot temperaturvariasjoner, svette og annen luftb\u00e5ren forurensning, og etterlater huden din med en fantastisk duggfrisk finish s&aring; du trenger ikke \u00e5 legge p\u00e5 sminken p\u00e5 nytt. Denne holdbare sprayen er perfekt for profesjonell fotografering, makeupartister og alle makeup-entusiaster! Langvarig [&hellip;]<\/p>\n","protected":false},"featured_media":408300,"comment_status":"open","ping_status":"closed","template":"","meta":{"_trash_the_other_posts":false},"product_brand":[],"product_cat":[617],"product_tag":[],"berocket_brand":[1025],"class_list":{"0":"post-408303","1":"product","2":"type-product","3":"status-publish","4":"has-post-thumbnail","6":"product_cat-setting-spray","7":"pa_brand-nyx","8":"berocket_brand-nyx","10":"first","11":"instock","12":"sale","13":"taxable","14":"shipping-taxable","15":"purchasable","16":"product-type-simple"},"_links":{"self":[{"href":"https:\/\/stylingagenten.com\/no\/wp-json\/wp\/v2\/product\/408303","targetHints":{"allow":["GET"]}}],"collection":[{"href":"https:\/\/stylingagenten.com\/no\/wp-json\/wp\/v2\/product"}],"about":[{"href":"https:\/\/stylingagenten.com\/no\/wp-json\/wp\/v2\/types\/product"}],"replies":[{"embeddable":true,"href":"https:\/\/stylingagenten.com\/no\/wp-json\/wp\/v2\/comments?post=408303"}],"version-history":[{"count":0,"href":"https:\/\/stylingagenten.com\/no\/wp-json\/wp\/v2\/product\/408303\/revisions"}],"wp:featuredmedia":[{"embeddable":true,"href":"https:\/\/stylingagenten.com\/no\/wp-json\/wp\/v2\/media\/408300"}],"wp:attachment":[{"href":"https:\/\/stylingagenten.com\/no\/wp-json\/wp\/v2\/media?parent=408303"}],"wp:term":[{"taxonomy":"product_brand","embeddable":true,"href":"https:\/\/stylingagenten.com\/no\/wp-json\/wp\/v2\/product_brand?post=408303"},{"taxonomy":"product_cat","embeddable":true,"href":"https:\/\/stylingagenten.com\/no\/wp-json\/wp\/v2\/product_cat?post=408303"},{"taxonomy":"product_tag","embeddable":true,"href":"https:\/\/stylingagenten.com\/no\/wp-json\/wp\/v2\/product_tag?post=408303"},{"taxonomy":"berocket_brand","embeddable":true,"href":"https:\/\/stylingagenten.com\/no\/wp-json\/wp\/v2\/berocket_brand?post=408303"}],"curies":[{"name":"wp","href":"https:\/\/api.w.org\/{rel}","templated":true}]}}