{"id":408299,"date":"2025-05-18T23:19:53","date_gmt":"2025-05-18T23:19:53","guid":{"rendered":"https:\/\/staging2.stylingagenten.com\/no\/produkt\/makeup-revolution-pro-fix-oil-control-fixing-spray-100-ml\/"},"modified":"2026-03-29T10:39:02","modified_gmt":"2026-03-29T10:39:02","slug":"makeup-revolution-pro-fix-oil-control-fixing-spray-100-ml","status":"publish","type":"product","link":"https:\/\/stylingagenten.com\/no\/produkt\/makeup-revolution-pro-fix-oil-control-fixing-spray-100-ml\/","title":{"rendered":"Makeup Revolution Pro Fix Oil Control Fixing Spray 100 ml"},"content":{"rendered":"<p>Ta kontroll over oljete overflater og hold sminken p\u00e5; Plasser hele dagen!<\/p>\n<p>Oil Control Fixing Spray er en lett settingspray som hjelper til med \u00e5 avlede glansen p\u00e5; ansiktet f\u00e5r en naturlig matt finish. Holder sminken p\u00e5 plass i opptil 12 timer.<\/p>\n<p>Bruk: Etter p\u00e5f\u00f8ring av sminke. Rist flasken, hold Fixing-sprayen p\u00e5 armlengdes avstand fra ansiktet og spray til sminken er dekket. Unng\u00e5 kontakt med &ouml;gon.<\/p>\n<p><\/p>\n","protected":false},"excerpt":{"rendered":"<p>Ta kontroll over oljete overflater og hold sminken p\u00e5; Plasser hele dagen! Oil Control Fixing Spray er en lett settingspray som hjelper til med \u00e5 avlede glansen p\u00e5; ansiktet f\u00e5r en naturlig matt finish. Holder sminken p\u00e5 plass i opptil 12 timer. Bruk: Etter p\u00e5f\u00f8ring av sminke. Rist flasken, hold Fixing-sprayen p\u00e5 armlengdes avstand fra [&hellip;]<\/p>\n","protected":false},"featured_media":408298,"comment_status":"open","ping_status":"closed","template":"","meta":{"_trash_the_other_posts":false},"product_brand":[],"product_cat":[617],"product_tag":[],"berocket_brand":[1050],"class_list":{"0":"post-408299","1":"product","2":"type-product","3":"status-publish","4":"has-post-thumbnail","6":"product_cat-setting-spray","7":"pa_brand-makeup-revolution","8":"berocket_brand-makeup-revolution","10":"first","11":"instock","12":"sale","13":"taxable","14":"shipping-taxable","15":"purchasable","16":"product-type-simple"},"_links":{"self":[{"href":"https:\/\/stylingagenten.com\/no\/wp-json\/wp\/v2\/product\/408299","targetHints":{"allow":["GET"]}}],"collection":[{"href":"https:\/\/stylingagenten.com\/no\/wp-json\/wp\/v2\/product"}],"about":[{"href":"https:\/\/stylingagenten.com\/no\/wp-json\/wp\/v2\/types\/product"}],"replies":[{"embeddable":true,"href":"https:\/\/stylingagenten.com\/no\/wp-json\/wp\/v2\/comments?post=408299"}],"version-history":[{"count":0,"href":"https:\/\/stylingagenten.com\/no\/wp-json\/wp\/v2\/product\/408299\/revisions"}],"wp:featuredmedia":[{"embeddable":true,"href":"https:\/\/stylingagenten.com\/no\/wp-json\/wp\/v2\/media\/408298"}],"wp:attachment":[{"href":"https:\/\/stylingagenten.com\/no\/wp-json\/wp\/v2\/media?parent=408299"}],"wp:term":[{"taxonomy":"product_brand","embeddable":true,"href":"https:\/\/stylingagenten.com\/no\/wp-json\/wp\/v2\/product_brand?post=408299"},{"taxonomy":"product_cat","embeddable":true,"href":"https:\/\/stylingagenten.com\/no\/wp-json\/wp\/v2\/product_cat?post=408299"},{"taxonomy":"product_tag","embeddable":true,"href":"https:\/\/stylingagenten.com\/no\/wp-json\/wp\/v2\/product_tag?post=408299"},{"taxonomy":"berocket_brand","embeddable":true,"href":"https:\/\/stylingagenten.com\/no\/wp-json\/wp\/v2\/berocket_brand?post=408299"}],"curies":[{"name":"wp","href":"https:\/\/api.w.org\/{rel}","templated":true}]}}