{"id":408286,"date":"2025-05-18T23:19:51","date_gmt":"2025-05-18T23:19:51","guid":{"rendered":"https:\/\/staging2.stylingagenten.com\/no\/produkt\/kokie-set-and-forget-long-lasting-setting-spray\/"},"modified":"2026-02-21T23:17:07","modified_gmt":"2026-02-21T23:17:07","slug":"kokie-set-and-forget-long-lasting-setting-spray","status":"publish","type":"product","link":"https:\/\/stylingagenten.com\/no\/produkt\/kokie-set-and-forget-long-lasting-setting-spray\/","title":{"rendered":"Kokie Set and Forget Long Lasting Setting Spray"},"content":{"rendered":"<p>F\u00f8lgende levetid p&aring; sminken din med denne innstillingssprayen, laget for \u00e5 holde utseendet ditt og holde sminken din frisk og naturlig hele dagen.<br \/>Kokie Set and Forget Long Lasting Setting Spray vil holde sminken p\u00e5 Plasser uten \u00e5 la den kr\u00f8lle eller falme for en frisk og langvarig makeup-look. &nbsp;<\/p>\n<p>Inneholder: 88,7 ml<\/p>\n","protected":false},"excerpt":{"rendered":"<p>F\u00f8lgende levetid p&aring; sminken din med denne innstillingssprayen, laget for \u00e5 holde utseendet ditt og holde sminken din frisk og naturlig hele dagen.Kokie Set and Forget Long Lasting Setting Spray vil holde sminken p\u00e5 Plasser uten \u00e5 la den kr\u00f8lle eller falme for en frisk og langvarig makeup-look. &nbsp; Inneholder: 88,7 ml<\/p>\n","protected":false},"featured_media":408275,"comment_status":"open","ping_status":"closed","template":"","meta":{"_trash_the_other_posts":false},"product_brand":[],"product_cat":[617],"product_tag":[],"berocket_brand":[1198],"class_list":{"0":"post-408286","1":"product","2":"type-product","3":"status-publish","4":"has-post-thumbnail","6":"product_cat-setting-spray","7":"pa_brand-kokie-cosmetics","8":"berocket_brand-kokie-cosmetics","10":"first","11":"instock","12":"taxable","13":"shipping-taxable","14":"purchasable","15":"product-type-simple"},"_links":{"self":[{"href":"https:\/\/stylingagenten.com\/no\/wp-json\/wp\/v2\/product\/408286","targetHints":{"allow":["GET"]}}],"collection":[{"href":"https:\/\/stylingagenten.com\/no\/wp-json\/wp\/v2\/product"}],"about":[{"href":"https:\/\/stylingagenten.com\/no\/wp-json\/wp\/v2\/types\/product"}],"replies":[{"embeddable":true,"href":"https:\/\/stylingagenten.com\/no\/wp-json\/wp\/v2\/comments?post=408286"}],"version-history":[{"count":0,"href":"https:\/\/stylingagenten.com\/no\/wp-json\/wp\/v2\/product\/408286\/revisions"}],"wp:featuredmedia":[{"embeddable":true,"href":"https:\/\/stylingagenten.com\/no\/wp-json\/wp\/v2\/media\/408275"}],"wp:attachment":[{"href":"https:\/\/stylingagenten.com\/no\/wp-json\/wp\/v2\/media?parent=408286"}],"wp:term":[{"taxonomy":"product_brand","embeddable":true,"href":"https:\/\/stylingagenten.com\/no\/wp-json\/wp\/v2\/product_brand?post=408286"},{"taxonomy":"product_cat","embeddable":true,"href":"https:\/\/stylingagenten.com\/no\/wp-json\/wp\/v2\/product_cat?post=408286"},{"taxonomy":"product_tag","embeddable":true,"href":"https:\/\/stylingagenten.com\/no\/wp-json\/wp\/v2\/product_tag?post=408286"},{"taxonomy":"berocket_brand","embeddable":true,"href":"https:\/\/stylingagenten.com\/no\/wp-json\/wp\/v2\/berocket_brand?post=408286"}],"curies":[{"name":"wp","href":"https:\/\/api.w.org\/{rel}","templated":true}]}}