{"id":408283,"date":"2025-05-18T23:19:50","date_gmt":"2025-05-18T23:19:50","guid":{"rendered":"https:\/\/staging2.stylingagenten.com\/no\/produkt\/kokie-fix-it-up-matte-setting-spray\/"},"modified":"2026-01-16T13:36:49","modified_gmt":"2026-01-16T13:36:49","slug":"kokie-fix-it-up-matte-setting-spray","status":"publish","type":"product","link":"https:\/\/stylingagenten.com\/no\/produkt\/kokie-fix-it-up-matte-setting-spray\/","title":{"rendered":"Kokie Fix It Up Matte Setting Spray"},"content":{"rendered":"<p>Kokie Fix It Up Matte Setting Spray er en klar, fin t\u00e5ke som forhindrer sminke i \u00e5 flekke og reduserer glans samtidig som den forlenger levetiden til sminken din. sminken din i l\u00f8pet av dagen. Tilsett 2-3 sprayer og la t\u00f8rke for \u00e5 redusere glansen og fullf\u00f8re utseendet ditt.&nbsp;<\/p>\n<p>Innhold: 59,8 ml<\/p>\n","protected":false},"excerpt":{"rendered":"<p>Kokie Fix It Up Matte Setting Spray er en klar, fin t\u00e5ke som forhindrer sminke i \u00e5 flekke og reduserer glans samtidig som den forlenger levetiden til sminken din. sminken din i l\u00f8pet av dagen. Tilsett 2-3 sprayer og la t\u00f8rke for \u00e5 redusere glansen og fullf\u00f8re utseendet ditt.&nbsp; Innhold: 59,8 ml<\/p>\n","protected":false},"featured_media":408278,"comment_status":"open","ping_status":"closed","template":"","meta":{"_trash_the_other_posts":false},"product_brand":[],"product_cat":[617],"product_tag":[],"berocket_brand":[1198],"class_list":{"0":"post-408283","1":"product","2":"type-product","3":"status-publish","4":"has-post-thumbnail","6":"product_cat-setting-spray","7":"pa_brand-kokie-cosmetics","8":"berocket_brand-kokie-cosmetics","10":"first","11":"instock","12":"taxable","13":"shipping-taxable","14":"purchasable","15":"product-type-simple"},"_links":{"self":[{"href":"https:\/\/stylingagenten.com\/no\/wp-json\/wp\/v2\/product\/408283","targetHints":{"allow":["GET"]}}],"collection":[{"href":"https:\/\/stylingagenten.com\/no\/wp-json\/wp\/v2\/product"}],"about":[{"href":"https:\/\/stylingagenten.com\/no\/wp-json\/wp\/v2\/types\/product"}],"replies":[{"embeddable":true,"href":"https:\/\/stylingagenten.com\/no\/wp-json\/wp\/v2\/comments?post=408283"}],"version-history":[{"count":0,"href":"https:\/\/stylingagenten.com\/no\/wp-json\/wp\/v2\/product\/408283\/revisions"}],"wp:featuredmedia":[{"embeddable":true,"href":"https:\/\/stylingagenten.com\/no\/wp-json\/wp\/v2\/media\/408278"}],"wp:attachment":[{"href":"https:\/\/stylingagenten.com\/no\/wp-json\/wp\/v2\/media?parent=408283"}],"wp:term":[{"taxonomy":"product_brand","embeddable":true,"href":"https:\/\/stylingagenten.com\/no\/wp-json\/wp\/v2\/product_brand?post=408283"},{"taxonomy":"product_cat","embeddable":true,"href":"https:\/\/stylingagenten.com\/no\/wp-json\/wp\/v2\/product_cat?post=408283"},{"taxonomy":"product_tag","embeddable":true,"href":"https:\/\/stylingagenten.com\/no\/wp-json\/wp\/v2\/product_tag?post=408283"},{"taxonomy":"berocket_brand","embeddable":true,"href":"https:\/\/stylingagenten.com\/no\/wp-json\/wp\/v2\/berocket_brand?post=408283"}],"curies":[{"name":"wp","href":"https:\/\/api.w.org\/{rel}","templated":true}]}}