{"id":408280,"date":"2025-05-18T23:19:50","date_gmt":"2025-05-18T23:19:50","guid":{"rendered":"https:\/\/staging2.stylingagenten.com\/no\/produkt\/kokie-refresh-hydrating-setting-spray\/"},"modified":"2026-03-01T11:06:35","modified_gmt":"2026-03-01T11:06:35","slug":"kokie-refresh-hydrating-setting-spray","status":"publish","type":"product","link":"https:\/\/stylingagenten.com\/no\/produkt\/kokie-refresh-hydrating-setting-spray\/","title":{"rendered":"Kokie Refresh Hydrating Setting Spray"},"content":{"rendered":"<p>Kokie Refresh Hydrating Setting Spray er en klar, fin t\u00e5ke som forhindrer sminke i \u00e5 flekke og gir en lett gjenfukting til t\u00f8rr hud samtidig som den opprettholder lang levetid. sminken din i l\u00f8pet av dagen. Tilsett 2-3 sprayer og la t\u00f8rke for \u00e5 hydrere, friske opp og fullf\u00f8re utseendet ditt.<\/p>\n<p>Innhold: 59,8 ml<\/p>\n<p> p&gt;<\/p>\n","protected":false},"excerpt":{"rendered":"<p>Kokie Refresh Hydrating Setting Spray er en klar, fin t\u00e5ke som forhindrer sminke i \u00e5 flekke og gir en lett gjenfukting til t\u00f8rr hud samtidig som den opprettholder lang levetid. sminken din i l\u00f8pet av dagen. Tilsett 2-3 sprayer og la t\u00f8rke for \u00e5 hydrere, friske opp og fullf\u00f8re utseendet ditt. Innhold: 59,8 ml p&gt;<\/p>\n","protected":false},"featured_media":408274,"comment_status":"open","ping_status":"closed","template":"","meta":{"_trash_the_other_posts":false},"product_brand":[],"product_cat":[617],"product_tag":[],"berocket_brand":[1198],"class_list":{"0":"post-408280","1":"product","2":"type-product","3":"status-publish","4":"has-post-thumbnail","6":"product_cat-setting-spray","7":"pa_brand-kokie-cosmetics","8":"berocket_brand-kokie-cosmetics","10":"first","11":"instock","12":"taxable","13":"shipping-taxable","14":"purchasable","15":"product-type-simple"},"_links":{"self":[{"href":"https:\/\/stylingagenten.com\/no\/wp-json\/wp\/v2\/product\/408280","targetHints":{"allow":["GET"]}}],"collection":[{"href":"https:\/\/stylingagenten.com\/no\/wp-json\/wp\/v2\/product"}],"about":[{"href":"https:\/\/stylingagenten.com\/no\/wp-json\/wp\/v2\/types\/product"}],"replies":[{"embeddable":true,"href":"https:\/\/stylingagenten.com\/no\/wp-json\/wp\/v2\/comments?post=408280"}],"version-history":[{"count":0,"href":"https:\/\/stylingagenten.com\/no\/wp-json\/wp\/v2\/product\/408280\/revisions"}],"wp:featuredmedia":[{"embeddable":true,"href":"https:\/\/stylingagenten.com\/no\/wp-json\/wp\/v2\/media\/408274"}],"wp:attachment":[{"href":"https:\/\/stylingagenten.com\/no\/wp-json\/wp\/v2\/media?parent=408280"}],"wp:term":[{"taxonomy":"product_brand","embeddable":true,"href":"https:\/\/stylingagenten.com\/no\/wp-json\/wp\/v2\/product_brand?post=408280"},{"taxonomy":"product_cat","embeddable":true,"href":"https:\/\/stylingagenten.com\/no\/wp-json\/wp\/v2\/product_cat?post=408280"},{"taxonomy":"product_tag","embeddable":true,"href":"https:\/\/stylingagenten.com\/no\/wp-json\/wp\/v2\/product_tag?post=408280"},{"taxonomy":"berocket_brand","embeddable":true,"href":"https:\/\/stylingagenten.com\/no\/wp-json\/wp\/v2\/berocket_brand?post=408280"}],"curies":[{"name":"wp","href":"https:\/\/api.w.org\/{rel}","templated":true}]}}