{"id":408241,"date":"2025-05-18T23:19:43","date_gmt":"2025-05-18T23:19:43","guid":{"rendered":"https:\/\/staging2.stylingagenten.com\/no\/produkt\/artdeco-3-in-1-make-up-fixing-spray-100ml\/"},"modified":"2025-11-19T09:25:05","modified_gmt":"2025-11-19T09:25:05","slug":"artdeco-3-in-1-make-up-fixing-spray-100ml","status":"publish","type":"product","link":"https:\/\/stylingagenten.com\/no\/produkt\/artdeco-3-in-1-make-up-fixing-spray-100ml\/","title":{"rendered":"Artdeco 3 In 1 Make-Up Fixing Spray 100ml"},"content":{"rendered":"<p>Artdeco 3 In 1 Make-Up Fixing Spray 100ml<br \/>3 in 1 MakeUp Fixing Spray er en multifunksjonell setting spray som fungerer som en primer, fikserer sminken din og fungerer som en fuktighetskrem &#8211; og du f\u00e5r ogs\u00e5 en nydelig gl\u00f8d ! Trollhasselvann har en anti-inflammatorisk effekt, allantoin aktiverer og akselererer cellefornyelsen og mikrofine vannperler absorberes umiddelbart og revitaliserer huden.<br \/>\u2022 Multifunksjonell setting spray<br \/>\u2022 Primer, fikserende og fuktighetsgivende<br \/>\u2022 Inneholder heks hasselvann, allantoin og mikrofine vannperler<br \/>\u2022 Vegansk<\/p>\n","protected":false},"excerpt":{"rendered":"<p>Artdeco 3 In 1 Make-Up Fixing Spray 100ml3 in 1 MakeUp Fixing Spray er en multifunksjonell setting spray som fungerer som en primer, fikserer sminken din og fungerer som en fuktighetskrem &#8211; og du f\u00e5r ogs\u00e5 en nydelig gl\u00f8d ! Trollhasselvann har en anti-inflammatorisk effekt, allantoin aktiverer og akselererer cellefornyelsen og mikrofine vannperler absorberes umiddelbart [&hellip;]<\/p>\n","protected":false},"featured_media":408239,"comment_status":"open","ping_status":"closed","template":"","meta":{"_trash_the_other_posts":false},"product_brand":[],"product_cat":[617],"product_tag":[],"berocket_brand":[1385],"class_list":{"0":"post-408241","1":"product","2":"type-product","3":"status-publish","4":"has-post-thumbnail","6":"product_cat-setting-spray","7":"pa_brand-artdeco","8":"berocket_brand-artdeco","10":"first","11":"outofstock","12":"sale","13":"taxable","14":"shipping-taxable","15":"purchasable","16":"product-type-simple"},"_links":{"self":[{"href":"https:\/\/stylingagenten.com\/no\/wp-json\/wp\/v2\/product\/408241","targetHints":{"allow":["GET"]}}],"collection":[{"href":"https:\/\/stylingagenten.com\/no\/wp-json\/wp\/v2\/product"}],"about":[{"href":"https:\/\/stylingagenten.com\/no\/wp-json\/wp\/v2\/types\/product"}],"replies":[{"embeddable":true,"href":"https:\/\/stylingagenten.com\/no\/wp-json\/wp\/v2\/comments?post=408241"}],"version-history":[{"count":0,"href":"https:\/\/stylingagenten.com\/no\/wp-json\/wp\/v2\/product\/408241\/revisions"}],"wp:featuredmedia":[{"embeddable":true,"href":"https:\/\/stylingagenten.com\/no\/wp-json\/wp\/v2\/media\/408239"}],"wp:attachment":[{"href":"https:\/\/stylingagenten.com\/no\/wp-json\/wp\/v2\/media?parent=408241"}],"wp:term":[{"taxonomy":"product_brand","embeddable":true,"href":"https:\/\/stylingagenten.com\/no\/wp-json\/wp\/v2\/product_brand?post=408241"},{"taxonomy":"product_cat","embeddable":true,"href":"https:\/\/stylingagenten.com\/no\/wp-json\/wp\/v2\/product_cat?post=408241"},{"taxonomy":"product_tag","embeddable":true,"href":"https:\/\/stylingagenten.com\/no\/wp-json\/wp\/v2\/product_tag?post=408241"},{"taxonomy":"berocket_brand","embeddable":true,"href":"https:\/\/stylingagenten.com\/no\/wp-json\/wp\/v2\/berocket_brand?post=408241"}],"curies":[{"name":"wp","href":"https:\/\/api.w.org\/{rel}","templated":true}]}}