{"id":408171,"date":"2025-05-18T23:19:27","date_gmt":"2025-05-18T23:19:27","guid":{"rendered":"https:\/\/staging2.stylingagenten.com\/no\/produkt\/decleor-antidote-essential-oils-hyaluronic-acid-concentrate-30ml\/"},"modified":"2025-11-19T08:32:48","modified_gmt":"2025-11-19T08:32:48","slug":"decleor-antidote-essential-oils-hyaluronic-acid-concentrate-30ml","status":"publish","type":"product","link":"https:\/\/stylingagenten.com\/no\/produkt\/decleor-antidote-essential-oils-hyaluronic-acid-concentrate-30ml\/","title":{"rendered":"Decleor Antidote Essential Oils + Hyaluronic Acid Concentrate 30ml"},"content":{"rendered":"<p>Decleor Antidote Serum &auml;er et serum med essensielle oljer og&nbsp;hyaluronsyre. Med ingredienser som er 97 % av naturlig opprinnelse, har dette serumet en utjevnende effekt som tilf\u00f8rer en vakker gl\u00f8d til huden. Antidote styrker hudbarrieren og er det perfekte serumet \u00e5 starte dagen og hudpleierutinen med. Den lette teksturen gir en oppkvikkende og frisk f\u00f8lelse hver morgen og etterlater huden myk, glatt og behagelig hele dagen.&nbsp;<\/p>\n<p>Den patents\u00f8kte formelen kombinerer eteriske oljer fra peppermynte, sandeltre, patchouli og hyaluronsyre, med h\u00f8y molekylvekt av naturlig opprinnelse.<\/p>\n<p>Antidot Serum passer alle hudtyper: t\u00f8rr hud, ujevn hud, fet hud og sensitiv hud.<\/p>\n","protected":false},"excerpt":{"rendered":"<p>Decleor Antidote Serum &auml;er et serum med essensielle oljer og&nbsp;hyaluronsyre. Med ingredienser som er 97 % av naturlig opprinnelse, har dette serumet en utjevnende effekt som tilf\u00f8rer en vakker gl\u00f8d til huden. Antidote styrker hudbarrieren og er det perfekte serumet \u00e5 starte dagen og hudpleierutinen med. Den lette teksturen gir en oppkvikkende og frisk f\u00f8lelse [&hellip;]<\/p>\n","protected":false},"featured_media":408159,"comment_status":"open","ping_status":"closed","template":"","meta":{"_trash_the_other_posts":false},"product_brand":[],"product_cat":[614],"product_tag":[],"berocket_brand":[1283],"class_list":{"0":"post-408171","1":"product","2":"type-product","3":"status-publish","4":"has-post-thumbnail","6":"product_cat-serum","7":"pa_brand-decleor","8":"berocket_brand-decleor","10":"first","11":"outofstock","12":"sale","13":"taxable","14":"shipping-taxable","15":"purchasable","16":"product-type-simple"},"_links":{"self":[{"href":"https:\/\/stylingagenten.com\/no\/wp-json\/wp\/v2\/product\/408171","targetHints":{"allow":["GET"]}}],"collection":[{"href":"https:\/\/stylingagenten.com\/no\/wp-json\/wp\/v2\/product"}],"about":[{"href":"https:\/\/stylingagenten.com\/no\/wp-json\/wp\/v2\/types\/product"}],"replies":[{"embeddable":true,"href":"https:\/\/stylingagenten.com\/no\/wp-json\/wp\/v2\/comments?post=408171"}],"version-history":[{"count":0,"href":"https:\/\/stylingagenten.com\/no\/wp-json\/wp\/v2\/product\/408171\/revisions"}],"wp:featuredmedia":[{"embeddable":true,"href":"https:\/\/stylingagenten.com\/no\/wp-json\/wp\/v2\/media\/408159"}],"wp:attachment":[{"href":"https:\/\/stylingagenten.com\/no\/wp-json\/wp\/v2\/media?parent=408171"}],"wp:term":[{"taxonomy":"product_brand","embeddable":true,"href":"https:\/\/stylingagenten.com\/no\/wp-json\/wp\/v2\/product_brand?post=408171"},{"taxonomy":"product_cat","embeddable":true,"href":"https:\/\/stylingagenten.com\/no\/wp-json\/wp\/v2\/product_cat?post=408171"},{"taxonomy":"product_tag","embeddable":true,"href":"https:\/\/stylingagenten.com\/no\/wp-json\/wp\/v2\/product_tag?post=408171"},{"taxonomy":"berocket_brand","embeddable":true,"href":"https:\/\/stylingagenten.com\/no\/wp-json\/wp\/v2\/berocket_brand?post=408171"}],"curies":[{"name":"wp","href":"https:\/\/api.w.org\/{rel}","templated":true}]}}